{"id":8489,"date":"2025-04-24T11:11:20","date_gmt":"2025-04-24T09:11:20","guid":{"rendered":"https:\/\/xperience.social\/?page_id=8489"},"modified":"2025-05-23T11:38:27","modified_gmt":"2025-05-23T09:38:27","slug":"place-museum-of-illusions","status":"publish","type":"page","link":"http:\/\/xperience.social\/de\/place-museum-of-illusions\/","title":{"rendered":"Place &#8211; Museum of Illusions"},"content":{"rendered":"<div data-elementor-type=\"wp-page\" data-elementor-id=\"8489\" class=\"elementor elementor-8489\" data-elementor-post-type=\"page\">\n\t\t\t\t\t\t<section class=\"elementor-section elementor-top-section elementor-element elementor-element-ec152b2 elementor-section-boxed elementor-section-height-default elementor-section-height-default\" data-id=\"ec152b2\" data-element_type=\"section\" data-e-type=\"section\" data-settings=\"{&quot;background_background&quot;:&quot;classic&quot;}\">\n\t\t\t\t\t\t<div class=\"elementor-container elementor-column-gap-default\">\n\t\t\t\t\t<div class=\"elementor-column elementor-col-100 elementor-top-column elementor-element elementor-element-1c3b92e\" data-id=\"1c3b92e\" data-element_type=\"column\" data-e-type=\"column\">\n\t\t\t<div class=\"elementor-widget-wrap elementor-element-populated\">\n\t\t\t\t\t\t<div class=\"elementor-element elementor-element-801600d elementor-widget-tablet__width-initial elementor-absolute elementor-widget elementor-widget-heading\" data-id=\"801600d\" data-element_type=\"widget\" data-e-type=\"widget\" data-settings=\"{&quot;_position&quot;:&quot;absolute&quot;}\" data-widget_type=\"heading.default\">\n\t\t\t\t<div class=\"elementor-widget-container\">\n\t\t\t\t\t<h2 class=\"elementor-heading-title elementor-size-default\">Museum der Illusionen<\/h2>\t\t\t\t<\/div>\n\t\t\t\t<\/div>\n\t\t\t\t<div class=\"elementor-element elementor-element-8cd278a elementor-widget-tablet__width-initial elementor-absolute elementor-widget elementor-widget-text-editor\" data-id=\"8cd278a\" data-element_type=\"widget\" data-e-type=\"widget\" data-settings=\"{&quot;_position&quot;:&quot;absolute&quot;}\" data-widget_type=\"text-editor.default\">\n\t\t\t\t<div class=\"elementor-widget-container\">\n\t\t\t\t\t\t\t\t\t<p>Schritt ins Unerwartete<\/p>\t\t\t\t\t\t\t\t<\/div>\n\t\t\t\t<\/div>\n\t\t\t\t\t<\/div>\n\t\t<\/div>\n\t\t\t\t\t<\/div>\n\t\t<\/section>\n\t\t\t\t<section class=\"elementor-section elementor-top-section elementor-element elementor-element-d9332de elementor-section-boxed elementor-section-height-default elementor-section-height-default\" data-id=\"d9332de\" data-element_type=\"section\" data-e-type=\"section\">\n\t\t\t\t\t\t<div class=\"elementor-container elementor-column-gap-default\">\n\t\t\t\t\t<div class=\"elementor-column elementor-col-100 elementor-top-column elementor-element elementor-element-bb6b305\" data-id=\"bb6b305\" data-element_type=\"column\" data-e-type=\"column\">\n\t\t\t<div class=\"elementor-widget-wrap elementor-element-populated\">\n\t\t\t\t\t\t<div class=\"elementor-element elementor-element-80b05b0 elementor-widget elementor-widget-text-editor\" data-id=\"80b05b0\" data-element_type=\"widget\" data-e-type=\"widget\" data-widget_type=\"text-editor.default\">\n\t\t\t\t<div class=\"elementor-widget-container\">\n\t\t\t\t\t\t\t\t\t<p class=\"\" data-start=\"204\" data-end=\"250\"><strong>Museum der Illusionen - Schritt ins Unerwartete<\/strong><\/p><p class=\"\" data-start=\"252\" data-end=\"553\">Bist du bereit, alles zu hinterfragen, was du siehst? Das Museum der Illusionen in Wien l\u00e4dt dich in eine Welt ein, in der nichts so ist, wie es scheint. Mit R\u00e4umen, die der Schwerkraft trotzen, Hologrammen, die deinen Verstand verwirren, und Installationen, die deine Wahrnehmung herausfordern, ist diese Erfahrung ebenso spielerisch wie verbl\u00fcffend.<\/p><p class=\"\" data-start=\"555\" data-end=\"783\">Egal, ob du mit Freunden kommst, ein spontanes Date haben willst oder einfach nur neugierig bist, dieser Raum ist dazu da, um zu \u00fcberraschen und Gespr\u00e4che anzuregen. Es geht nicht nur ums Schauen - es geht darum, gemeinsam zu entdecken, zu lachen und zu staunen.<\/p><p class=\"\" data-start=\"785\" data-end=\"1116\">Deshalb lieben wir es bei Xperience. Es ist interaktiv, gesellig und voller \u201eDas muss man gesehen haben\u201c Momente. Perfekt f\u00fcr einen unterhaltsamen Abend, ein kreatives Treffen oder dein n\u00e4chstes Gruppenabenteuer. Das Museum der Illusionen ist nicht nur ein Ort, den man besucht - es ist etwas, das man f\u00fchlt. Komme mit offenem Geist und gehe mit hundert neuen Perspektiven.<\/p><p data-start=\"785\" data-end=\"1116\">Schau auf ihrer\u00a0<a href=\"https:\/\/museumderillusionen.at\/\"><span style=\"color: #ff7600;\">Website<\/span><\/a>\u00a0und auf Xperience vorbei!<\/p>\t\t\t\t\t\t\t\t<\/div>\n\t\t\t\t<\/div>\n\t\t\t\t\t<\/div>\n\t\t<\/div>\n\t\t\t\t\t<\/div>\n\t\t<\/section>\n\t\t\t\t<\/div>","protected":false},"excerpt":{"rendered":"<p>Musem of Illusions Step into the Unexpected Museum of Illusions \u2013 Step Into the Unexpected Ready to question everything you see? The Museum of Illusions in Vienna invites you into a world where nothing is quite as it seems. With rooms that defy gravity, holograms that mess with your mind, and installations that challenge your [&hellip;]<\/p>","protected":false},"author":4,"featured_media":0,"parent":0,"menu_order":0,"comment_status":"closed","ping_status":"closed","template":"","meta":{"site-sidebar-layout":"no-sidebar","site-content-layout":"page-builder","ast-site-content-layout":"full-width-container","site-content-style":"default","site-sidebar-style":"default","ast-global-header-display":"","ast-banner-title-visibility":"","ast-main-header-display":"","ast-hfb-above-header-display":"","ast-hfb-below-header-display":"","ast-hfb-mobile-header-display":"","site-post-title":"disabled","ast-breadcrumbs-content":"","ast-featured-img":"disabled","footer-sml-layout":"","ast-disable-related-posts":"","theme-transparent-header-meta":"","adv-header-id-meta":"","stick-header-meta":"","header-above-stick-meta":"","header-main-stick-meta":"","header-below-stick-meta":"","astra-migrate-meta-layouts":"set","ast-page-background-enabled":"default","ast-page-background-meta":{"desktop":{"background-color":"","background-image":"","background-repeat":"repeat","background-position":"center center","background-size":"auto","background-attachment":"scroll","background-type":"","background-media":"","overlay-type":"","overlay-color":"","overlay-opacity":"","overlay-gradient":""},"tablet":{"background-color":"","background-image":"","background-repeat":"repeat","background-position":"center center","background-size":"auto","background-attachment":"scroll","background-type":"","background-media":"","overlay-type":"","overlay-color":"","overlay-opacity":"","overlay-gradient":""},"mobile":{"background-color":"","background-image":"","background-repeat":"repeat","background-position":"center center","background-size":"auto","background-attachment":"scroll","background-type":"","background-media":"","overlay-type":"","overlay-color":"","overlay-opacity":"","overlay-gradient":""}},"ast-content-background-meta":{"desktop":{"background-color":"var(--ast-global-color-5)","background-image":"","background-repeat":"repeat","background-position":"center center","background-size":"auto","background-attachment":"scroll","background-type":"","background-media":"","overlay-type":"","overlay-color":"","overlay-opacity":"","overlay-gradient":""},"tablet":{"background-color":"var(--ast-global-color-5)","background-image":"","background-repeat":"repeat","background-position":"center center","background-size":"auto","background-attachment":"scroll","background-type":"","background-media":"","overlay-type":"","overlay-color":"","overlay-opacity":"","overlay-gradient":""},"mobile":{"background-color":"var(--ast-global-color-5)","background-image":"","background-repeat":"repeat","background-position":"center center","background-size":"auto","background-attachment":"scroll","background-type":"","background-media":"","overlay-type":"","overlay-color":"","overlay-opacity":"","overlay-gradient":""}},"footnotes":""},"class_list":["post-8489","page","type-page","status-publish","hentry"],"yoast_head":"<!-- This site is optimized with the Yoast SEO plugin v27.3 - https:\/\/yoast.com\/product\/yoast-seo-wordpress\/ -->\n<title>Place - Museum of Illusions | Xperience<\/title>\n<meta name=\"description\" content=\"Tauche ein in die faszinierende Welt des Museum der Illusionen Wien \u2013 die perfekte Eventlocation f\u00fcr unvergessliche Erlebnisse. Jetzt entdecken mit Xperience!\" \/>\n<meta name=\"robots\" content=\"index, follow, max-snippet:-1, max-image-preview:large, max-video-preview:-1\" \/>\n<link rel=\"canonical\" href=\"https:\/\/xperience.social\/de\/place-museum-of-illusions\/\" \/>\n<meta property=\"og:locale\" content=\"de_DE\" \/>\n<meta property=\"og:type\" content=\"article\" \/>\n<meta property=\"og:title\" content=\"Place - Museum of Illusions | Xperience\" \/>\n<meta property=\"og:description\" content=\"Tauche ein in die faszinierende Welt des Museum der Illusionen Wien \u2013 die perfekte Eventlocation f\u00fcr unvergessliche Erlebnisse. Jetzt entdecken mit Xperience!\" \/>\n<meta property=\"og:url\" content=\"https:\/\/xperience.social\/de\/place-museum-of-illusions\/\" \/>\n<meta property=\"og:site_name\" content=\"Xperience\" \/>\n<meta property=\"article:publisher\" content=\"https:\/\/www.facebook.com\/Xperience-102305478105294\/\" \/>\n<meta property=\"article:modified_time\" content=\"2025-05-23T09:38:27+00:00\" \/>\n<meta property=\"og:image\" content=\"https:\/\/i0.wp.com\/xperience.social\/wp-content\/uploads\/2020\/12\/logo_social-scaled-scaled.webp?fit=1920%2C1920&ssl=1\" \/>\n\t<meta property=\"og:image:width\" content=\"1920\" \/>\n\t<meta property=\"og:image:height\" content=\"1920\" \/>\n\t<meta property=\"og:image:type\" content=\"image\/png\" \/>\n<meta name=\"twitter:card\" content=\"summary_large_image\" \/>\n<meta name=\"twitter:site\" content=\"@Xperien26941700\" \/>\n<meta name=\"twitter:label1\" content=\"Gesch\u00e4tzte Lesezeit\" \/>\n\t<meta name=\"twitter:data1\" content=\"1\u00a0Minute\" \/>\n<script type=\"application\/ld+json\" class=\"yoast-schema-graph\">{\"@context\":\"https:\\\/\\\/schema.org\",\"@graph\":[{\"@type\":\"WebPage\",\"@id\":\"https:\\\/\\\/xperience.social\\\/place-museum-of-illusions\\\/\",\"url\":\"https:\\\/\\\/xperience.social\\\/place-museum-of-illusions\\\/\",\"name\":\"Place - Museum of Illusions | Xperience\",\"isPartOf\":{\"@id\":\"https:\\\/\\\/xperience.social\\\/en\\\/#website\"},\"datePublished\":\"2025-04-24T09:11:20+00:00\",\"dateModified\":\"2025-05-23T09:38:27+00:00\",\"description\":\"Tauche ein in die faszinierende Welt des Museum der Illusionen Wien \u2013 die perfekte Eventlocation f\u00fcr unvergessliche Erlebnisse. Jetzt entdecken mit Xperience!\",\"breadcrumb\":{\"@id\":\"https:\\\/\\\/xperience.social\\\/place-museum-of-illusions\\\/#breadcrumb\"},\"inLanguage\":\"de\",\"potentialAction\":[{\"@type\":\"ReadAction\",\"target\":[\"https:\\\/\\\/xperience.social\\\/place-museum-of-illusions\\\/\"]}]},{\"@type\":\"BreadcrumbList\",\"@id\":\"https:\\\/\\\/xperience.social\\\/place-museum-of-illusions\\\/#breadcrumb\",\"itemListElement\":[{\"@type\":\"ListItem\",\"position\":1,\"name\":\"Home\",\"item\":\"https:\\\/\\\/xperience.social\\\/\"},{\"@type\":\"ListItem\",\"position\":2,\"name\":\"Place &#8211; Museum of Illusions\"}]},{\"@type\":\"WebSite\",\"@id\":\"https:\\\/\\\/xperience.social\\\/en\\\/#website\",\"url\":\"https:\\\/\\\/xperience.social\\\/en\\\/\",\"name\":\"Xperience\",\"description\":\"Create. Connect. Xperience.\",\"publisher\":{\"@id\":\"https:\\\/\\\/xperience.social\\\/en\\\/#organization\"},\"potentialAction\":[{\"@type\":\"SearchAction\",\"target\":{\"@type\":\"EntryPoint\",\"urlTemplate\":\"https:\\\/\\\/xperience.social\\\/en\\\/?s={search_term_string}\"},\"query-input\":{\"@type\":\"PropertyValueSpecification\",\"valueRequired\":true,\"valueName\":\"search_term_string\"}}],\"inLanguage\":\"de\"},{\"@type\":\"Organization\",\"@id\":\"https:\\\/\\\/xperience.social\\\/en\\\/#organization\",\"name\":\"Xperience\",\"url\":\"https:\\\/\\\/xperience.social\\\/en\\\/\",\"logo\":{\"@type\":\"ImageObject\",\"inLanguage\":\"de\",\"@id\":\"https:\\\/\\\/xperience.social\\\/en\\\/#\\\/schema\\\/logo\\\/image\\\/\",\"url\":\"https:\\\/\\\/xperience.social\\\/wp-content\\\/uploads\\\/2020\\\/12\\\/logo_social-scaled.png\",\"contentUrl\":\"https:\\\/\\\/xperience.social\\\/wp-content\\\/uploads\\\/2020\\\/12\\\/logo_social-scaled.png\",\"width\":2560,\"height\":2560,\"caption\":\"Xperience\"},\"image\":{\"@id\":\"https:\\\/\\\/xperience.social\\\/en\\\/#\\\/schema\\\/logo\\\/image\\\/\"},\"sameAs\":[\"https:\\\/\\\/www.facebook.com\\\/Xperience-102305478105294\\\/\",\"https:\\\/\\\/x.com\\\/Xperien26941700\",\"https:\\\/\\\/www.instagram.com\\\/create.connect.xperience\\\/?hl=de\",\"https:\\\/\\\/www.linkedin.com\\\/company\\\/create-connect-xperience\"]}]}<\/script>\n<!-- \/ Yoast SEO plugin. -->","yoast_head_json":{"title":"Place - Museum of Illusions | Xperience","description":"Tauche ein in die faszinierende Welt des Museum der Illusionen Wien \u2013 die perfekte Eventlocation f\u00fcr unvergessliche Erlebnisse. Jetzt entdecken mit Xperience!","robots":{"index":"index","follow":"follow","max-snippet":"max-snippet:-1","max-image-preview":"max-image-preview:large","max-video-preview":"max-video-preview:-1"},"canonical":"https:\/\/xperience.social\/de\/place-museum-of-illusions\/","og_locale":"de_DE","og_type":"article","og_title":"Place - Museum of Illusions | Xperience","og_description":"Tauche ein in die faszinierende Welt des Museum der Illusionen Wien \u2013 die perfekte Eventlocation f\u00fcr unvergessliche Erlebnisse. Jetzt entdecken mit Xperience!","og_url":"https:\/\/xperience.social\/de\/place-museum-of-illusions\/","og_site_name":"Xperience","article_publisher":"https:\/\/www.facebook.com\/Xperience-102305478105294\/","article_modified_time":"2025-05-23T09:38:27+00:00","og_image":[{"width":1920,"height":1920,"url":"https:\/\/i0.wp.com\/xperience.social\/wp-content\/uploads\/2020\/12\/logo_social-scaled-scaled.webp?fit=1920%2C1920&ssl=1","type":"image\/png"}],"twitter_card":"summary_large_image","twitter_site":"@Xperien26941700","twitter_misc":{"Gesch\u00e4tzte Lesezeit":"1\u00a0Minute"},"schema":{"@context":"https:\/\/schema.org","@graph":[{"@type":"WebPage","@id":"https:\/\/xperience.social\/place-museum-of-illusions\/","url":"https:\/\/xperience.social\/place-museum-of-illusions\/","name":"Place - Museum of Illusions | Xperience","isPartOf":{"@id":"https:\/\/xperience.social\/en\/#website"},"datePublished":"2025-04-24T09:11:20+00:00","dateModified":"2025-05-23T09:38:27+00:00","description":"Tauche ein in die faszinierende Welt des Museum der Illusionen Wien \u2013 die perfekte Eventlocation f\u00fcr unvergessliche Erlebnisse. Jetzt entdecken mit Xperience!","breadcrumb":{"@id":"https:\/\/xperience.social\/place-museum-of-illusions\/#breadcrumb"},"inLanguage":"de","potentialAction":[{"@type":"ReadAction","target":["https:\/\/xperience.social\/place-museum-of-illusions\/"]}]},{"@type":"BreadcrumbList","@id":"https:\/\/xperience.social\/place-museum-of-illusions\/#breadcrumb","itemListElement":[{"@type":"ListItem","position":1,"name":"Home","item":"https:\/\/xperience.social\/"},{"@type":"ListItem","position":2,"name":"Place &#8211; Museum of Illusions"}]},{"@type":"WebSite","@id":"https:\/\/xperience.social\/en\/#website","url":"https:\/\/xperience.social\/en\/","name":"Xperience","description":"Create. Connect. Xperience.","publisher":{"@id":"https:\/\/xperience.social\/en\/#organization"},"potentialAction":[{"@type":"SearchAction","target":{"@type":"EntryPoint","urlTemplate":"https:\/\/xperience.social\/en\/?s={search_term_string}"},"query-input":{"@type":"PropertyValueSpecification","valueRequired":true,"valueName":"search_term_string"}}],"inLanguage":"de"},{"@type":"Organization","@id":"https:\/\/xperience.social\/en\/#organization","name":"Xperience","url":"https:\/\/xperience.social\/en\/","logo":{"@type":"ImageObject","inLanguage":"de","@id":"https:\/\/xperience.social\/en\/#\/schema\/logo\/image\/","url":"https:\/\/xperience.social\/wp-content\/uploads\/2020\/12\/logo_social-scaled.png","contentUrl":"https:\/\/xperience.social\/wp-content\/uploads\/2020\/12\/logo_social-scaled.png","width":2560,"height":2560,"caption":"Xperience"},"image":{"@id":"https:\/\/xperience.social\/en\/#\/schema\/logo\/image\/"},"sameAs":["https:\/\/www.facebook.com\/Xperience-102305478105294\/","https:\/\/x.com\/Xperien26941700","https:\/\/www.instagram.com\/create.connect.xperience\/?hl=de","https:\/\/www.linkedin.com\/company\/create-connect-xperience"]}]}},"jetpack_sharing_enabled":true,"_links":{"self":[{"href":"http:\/\/xperience.social\/de\/wp-json\/wp\/v2\/pages\/8489","targetHints":{"allow":["GET"]}}],"collection":[{"href":"http:\/\/xperience.social\/de\/wp-json\/wp\/v2\/pages"}],"about":[{"href":"http:\/\/xperience.social\/de\/wp-json\/wp\/v2\/types\/page"}],"author":[{"embeddable":true,"href":"http:\/\/xperience.social\/de\/wp-json\/wp\/v2\/users\/4"}],"replies":[{"embeddable":true,"href":"http:\/\/xperience.social\/de\/wp-json\/wp\/v2\/comments?post=8489"}],"version-history":[{"count":7,"href":"http:\/\/xperience.social\/de\/wp-json\/wp\/v2\/pages\/8489\/revisions"}],"predecessor-version":[{"id":8754,"href":"http:\/\/xperience.social\/de\/wp-json\/wp\/v2\/pages\/8489\/revisions\/8754"}],"wp:attachment":[{"href":"http:\/\/xperience.social\/de\/wp-json\/wp\/v2\/media?parent=8489"}],"curies":[{"name":"wp","href":"https:\/\/api.w.org\/{rel}","templated":true}]}}