{"id":9130,"date":"2025-05-31T16:21:38","date_gmt":"2025-05-31T14:21:38","guid":{"rendered":"https:\/\/xperience.social\/?post_type=product&#038;p=9130"},"modified":"2025-06-14T10:44:21","modified_gmt":"2025-06-14T08:44:21","slug":"premium-subscription","status":"publish","type":"product","link":"http:\/\/xperience.social\/de\/produkt\/premium-subscription\/","title":{"rendered":"Premium Account"},"content":{"rendered":"<p data-start=\"199\" data-end=\"449\">Mit einem Premium Account bei Xperience erh\u00e4ltst du mehr als nur eine App. Du geh\u00f6rst zum Kern unserer Community. Premium Mitglieder genie\u00dfen exklusiven Zugang zu Veranstaltungen, nehmen an besonderen Werbegeschenken teil und erhalten ein sichtbares Abzeichen auf ihrem Profil, um zu zeigen, dass sie dazugeh\u00f6ren.<\/p>\n<p data-start=\"451\" data-end=\"467\"><strong>Was ist inkludiert:<\/strong><\/p>\n<p data-start=\"469\" data-end=\"763\">\u2013 Premium Veranstaltungen: Fr\u00fcher Zugang zu Xperience-Partys und Social Events. Kein Eintritt und exklusive Formate nur f\u00fcr Premium Mitglieder<br data-start=\"601\" data-end=\"604\" \/>\u2013 Verlosungen: Gewinne Tickets, einzigartige Erlebnisse und Xperience Merch in limitierter Auflage<br data-start=\"685\" data-end=\"688\" \/>\u2013 Premium Abzeichen: Ein sichtbares Symbol in deinem Profil zeigt anderen, dass du Premium bist.<\/p>\n<p data-start=\"765\" data-end=\"908\">Und das Beste daran? Es werden laufend neue Premium Funktionen hinzugef\u00fcgt und als Premium Mitglied schaltest du diese automatisch und ohne zus\u00e4tzliche Kosten frei.<\/p>\n<p data-start=\"910\" data-end=\"1219\"><strong>So funktioniert\u2019s:<\/strong><br data-start=\"923\" data-end=\"926\" \/>Nach dem Kauf kannst du dein Konto einsehen, in dem du deine Subscription verwalten kannst. Bitte verwende beim Kauf unbedingt dieselbe E-Mail-Adresse, die du auch f\u00fcr deinen Xperience App Account nutzt. Sie wird f\u00fcr die Verwaltung deiner Subscription ben\u00f6tigt. Idealerweise gib uns im Checkout auch deinen Xperience Benutzernamen an, damit wir sicherstellen k\u00f6nnen, dass wir das richtige Profil upgraden. Wir \u00fcberpr\u00fcfen deine Zahlung und schalten deinen Account innerhalb von 48 Stunden manuell frei. Dein Premium-Badge erscheint in der App, sobald das Upgrade abgeschlossen ist.<\/p>","protected":false},"excerpt":{"rendered":"<p data-start=\"1343\" data-end=\"1522\"><strong>Werde Premium Mitglied bei Xperience!<\/strong><br \/>\nErhalte exklusiven Zugang zu Veranstaltungen, Werbegeschenken, einer sichtbaren Badge in der App und alle zuk\u00fcnftigen Premium Funktionen sind ohne zus\u00e4tzliche Kosten enthalten.<\/p>\n<p data-start=\"1524\" data-end=\"1544\">","protected":false},"featured_media":9214,"template":"","meta":{"site-sidebar-layout":"default","site-content-layout":"","ast-site-content-layout":"default","site-content-style":"default","site-sidebar-style":"default","ast-global-header-display":"","ast-banner-title-visibility":"","ast-main-header-display":"","ast-hfb-above-header-display":"","ast-hfb-below-header-display":"","ast-hfb-mobile-header-display":"","site-post-title":"","ast-breadcrumbs-content":"","ast-featured-img":"","footer-sml-layout":"","ast-disable-related-posts":"","theme-transparent-header-meta":"default","adv-header-id-meta":"","stick-header-meta":"","header-above-stick-meta":"","header-main-stick-meta":"","header-below-stick-meta":"","astra-migrate-meta-layouts":"set","ast-page-background-enabled":"default","ast-page-background-meta":{"desktop":{"background-color":"","background-image":"","background-repeat":"repeat","background-position":"center center","background-size":"auto","background-attachment":"scroll","background-type":"","background-media":"","overlay-type":"","overlay-color":"","overlay-opacity":"","overlay-gradient":""},"tablet":{"background-color":"","background-image":"","background-repeat":"repeat","background-position":"center center","background-size":"auto","background-attachment":"scroll","background-type":"","background-media":"","overlay-type":"","overlay-color":"","overlay-opacity":"","overlay-gradient":""},"mobile":{"background-color":"","background-image":"","background-repeat":"repeat","background-position":"center center","background-size":"auto","background-attachment":"scroll","background-type":"","background-media":"","overlay-type":"","overlay-color":"","overlay-opacity":"","overlay-gradient":""}},"ast-content-background-meta":{"desktop":{"background-color":"var(--ast-global-color-5)","background-image":"","background-repeat":"repeat","background-position":"center center","background-size":"auto","background-attachment":"scroll","background-type":"","background-media":"","overlay-type":"","overlay-color":"","overlay-opacity":"","overlay-gradient":""},"tablet":{"background-color":"var(--ast-global-color-5)","background-image":"","background-repeat":"repeat","background-position":"center center","background-size":"auto","background-attachment":"scroll","background-type":"","background-media":"","overlay-type":"","overlay-color":"","overlay-opacity":"","overlay-gradient":""},"mobile":{"background-color":"var(--ast-global-color-5)","background-image":"","background-repeat":"repeat","background-position":"center center","background-size":"auto","background-attachment":"scroll","background-type":"","background-media":"","overlay-type":"","overlay-color":"","overlay-opacity":"","overlay-gradient":""}}},"product_brand":[],"product_cat":[99],"product_tag":[100],"class_list":{"0":"post-9130","1":"product","2":"type-product","3":"status-publish","4":"has-post-thumbnail","6":"product_cat-premium","7":"product_tag-premium","8":"desktop-align-left","9":"tablet-align-left","10":"mobile-align-left","12":"first","13":"instock","14":"taxable","15":"shipping-taxable","16":"purchasable","17":"product-type-variable-subscription"},"yoast_head":"<!-- This site is optimized with the Yoast SEO plugin v27.3 - https:\/\/yoast.com\/product\/yoast-seo-wordpress\/ -->\n<title>Premium Subscription | Xperience<\/title>\n<meta name=\"description\" content=\"Unlock exclusive events, giveaways &amp; your Premium badge on Xperience. More access, more recognition, with all future features included.\" \/>\n<meta name=\"robots\" content=\"index, follow, max-snippet:-1, max-image-preview:large, max-video-preview:-1\" \/>\n<link rel=\"canonical\" href=\"https:\/\/xperience.social\/de\/produkt\/premium-subscription\/\" \/>\n<meta property=\"og:locale\" content=\"de_DE\" \/>\n<meta property=\"og:type\" content=\"article\" \/>\n<meta property=\"og:title\" content=\"Premium Subscription | Xperience\" \/>\n<meta property=\"og:description\" content=\"Unlock exclusive events, giveaways &amp; your Premium badge on Xperience. More access, more recognition, with all future features included.\" \/>\n<meta property=\"og:url\" content=\"https:\/\/xperience.social\/de\/produkt\/premium-subscription\/\" \/>\n<meta property=\"og:site_name\" content=\"Xperience\" \/>\n<meta property=\"article:publisher\" content=\"https:\/\/www.facebook.com\/Xperience-102305478105294\/\" \/>\n<meta property=\"article:modified_time\" content=\"2025-06-14T08:44:21+00:00\" \/>\n<meta property=\"og:image\" content=\"https:\/\/xperience.social\/wp-content\/uploads\/2025\/05\/Mediadaten-Associates-Angebot.pptx-3.webp\" \/>\n\t<meta property=\"og:image:width\" content=\"1134\" \/>\n\t<meta property=\"og:image:height\" content=\"1134\" \/>\n\t<meta property=\"og:image:type\" content=\"image\/png\" \/>\n<meta name=\"twitter:card\" content=\"summary_large_image\" \/>\n<meta name=\"twitter:site\" content=\"@Xperien26941700\" \/>\n<meta name=\"twitter:label1\" content=\"Gesch\u00e4tzte Lesezeit\" \/>\n\t<meta name=\"twitter:data1\" content=\"2\u00a0Minuten\" \/>\n<script type=\"application\/ld+json\" class=\"yoast-schema-graph\">{\"@context\":\"https:\\\/\\\/schema.org\",\"@graph\":[{\"@type\":\"WebPage\",\"@id\":\"https:\\\/\\\/xperience.social\\\/product\\\/premium-subscription\\\/\",\"url\":\"https:\\\/\\\/xperience.social\\\/product\\\/premium-subscription\\\/\",\"name\":\"Premium Subscription | Xperience\",\"isPartOf\":{\"@id\":\"https:\\\/\\\/xperience.social\\\/en\\\/#website\"},\"primaryImageOfPage\":{\"@id\":\"https:\\\/\\\/xperience.social\\\/product\\\/premium-subscription\\\/#primaryimage\"},\"image\":{\"@id\":\"https:\\\/\\\/xperience.social\\\/product\\\/premium-subscription\\\/#primaryimage\"},\"thumbnailUrl\":\"https:\\\/\\\/i0.wp.com\\\/xperience.social\\\/wp-content\\\/uploads\\\/2025\\\/05\\\/Mediadaten-Associates-Angebot.pptx-3.webp?fit=1134%2C1134&ssl=1\",\"datePublished\":\"2025-05-31T14:21:38+00:00\",\"dateModified\":\"2025-06-14T08:44:21+00:00\",\"description\":\"Unlock exclusive events, giveaways & your Premium badge on Xperience. More access, more recognition, with all future features included.\",\"breadcrumb\":{\"@id\":\"https:\\\/\\\/xperience.social\\\/product\\\/premium-subscription\\\/#breadcrumb\"},\"inLanguage\":\"de\",\"potentialAction\":[{\"@type\":\"ReadAction\",\"target\":[\"https:\\\/\\\/xperience.social\\\/product\\\/premium-subscription\\\/\"]}]},{\"@type\":\"ImageObject\",\"inLanguage\":\"de\",\"@id\":\"https:\\\/\\\/xperience.social\\\/product\\\/premium-subscription\\\/#primaryimage\",\"url\":\"https:\\\/\\\/i0.wp.com\\\/xperience.social\\\/wp-content\\\/uploads\\\/2025\\\/05\\\/Mediadaten-Associates-Angebot.pptx-3.webp?fit=1134%2C1134&ssl=1\",\"contentUrl\":\"https:\\\/\\\/i0.wp.com\\\/xperience.social\\\/wp-content\\\/uploads\\\/2025\\\/05\\\/Mediadaten-Associates-Angebot.pptx-3.webp?fit=1134%2C1134&ssl=1\",\"width\":1134,\"height\":1134,\"caption\":\"Xperience App Premium Account Supporter\"},{\"@type\":\"BreadcrumbList\",\"@id\":\"https:\\\/\\\/xperience.social\\\/product\\\/premium-subscription\\\/#breadcrumb\",\"itemListElement\":[{\"@type\":\"ListItem\",\"position\":1,\"name\":\"Home\",\"item\":\"https:\\\/\\\/xperience.social\\\/\"},{\"@type\":\"ListItem\",\"position\":2,\"name\":\"Shop\",\"item\":\"https:\\\/\\\/xperience.social\\\/shop\\\/\"},{\"@type\":\"ListItem\",\"position\":3,\"name\":\"Premium Subscription\"}]},{\"@type\":\"WebSite\",\"@id\":\"https:\\\/\\\/xperience.social\\\/en\\\/#website\",\"url\":\"https:\\\/\\\/xperience.social\\\/en\\\/\",\"name\":\"Xperience\",\"description\":\"Create. Connect. Xperience.\",\"publisher\":{\"@id\":\"https:\\\/\\\/xperience.social\\\/en\\\/#organization\"},\"potentialAction\":[{\"@type\":\"SearchAction\",\"target\":{\"@type\":\"EntryPoint\",\"urlTemplate\":\"https:\\\/\\\/xperience.social\\\/en\\\/?s={search_term_string}\"},\"query-input\":{\"@type\":\"PropertyValueSpecification\",\"valueRequired\":true,\"valueName\":\"search_term_string\"}}],\"inLanguage\":\"de\"},{\"@type\":\"Organization\",\"@id\":\"https:\\\/\\\/xperience.social\\\/en\\\/#organization\",\"name\":\"Xperience\",\"url\":\"https:\\\/\\\/xperience.social\\\/en\\\/\",\"logo\":{\"@type\":\"ImageObject\",\"inLanguage\":\"de\",\"@id\":\"https:\\\/\\\/xperience.social\\\/en\\\/#\\\/schema\\\/logo\\\/image\\\/\",\"url\":\"https:\\\/\\\/xperience.social\\\/wp-content\\\/uploads\\\/2020\\\/12\\\/logo_social-scaled.png\",\"contentUrl\":\"https:\\\/\\\/xperience.social\\\/wp-content\\\/uploads\\\/2020\\\/12\\\/logo_social-scaled.png\",\"width\":2560,\"height\":2560,\"caption\":\"Xperience\"},\"image\":{\"@id\":\"https:\\\/\\\/xperience.social\\\/en\\\/#\\\/schema\\\/logo\\\/image\\\/\"},\"sameAs\":[\"https:\\\/\\\/www.facebook.com\\\/Xperience-102305478105294\\\/\",\"https:\\\/\\\/x.com\\\/Xperien26941700\",\"https:\\\/\\\/www.instagram.com\\\/create.connect.xperience\\\/?hl=de\",\"https:\\\/\\\/www.linkedin.com\\\/company\\\/create-connect-xperience\"]}]}<\/script>\n<!-- \/ Yoast SEO plugin. -->","yoast_head_json":{"title":"Premium Subscription | Xperience","description":"Unlock exclusive events, giveaways & your Premium badge on Xperience. More access, more recognition, with all future features included.","robots":{"index":"index","follow":"follow","max-snippet":"max-snippet:-1","max-image-preview":"max-image-preview:large","max-video-preview":"max-video-preview:-1"},"canonical":"https:\/\/xperience.social\/de\/produkt\/premium-subscription\/","og_locale":"de_DE","og_type":"article","og_title":"Premium Subscription | Xperience","og_description":"Unlock exclusive events, giveaways & your Premium badge on Xperience. More access, more recognition, with all future features included.","og_url":"https:\/\/xperience.social\/de\/produkt\/premium-subscription\/","og_site_name":"Xperience","article_publisher":"https:\/\/www.facebook.com\/Xperience-102305478105294\/","article_modified_time":"2025-06-14T08:44:21+00:00","og_image":[{"width":1134,"height":1134,"url":"https:\/\/xperience.social\/wp-content\/uploads\/2025\/05\/Mediadaten-Associates-Angebot.pptx-3.webp","type":"image\/png"}],"twitter_card":"summary_large_image","twitter_site":"@Xperien26941700","twitter_misc":{"Gesch\u00e4tzte Lesezeit":"2\u00a0Minuten"},"schema":{"@context":"https:\/\/schema.org","@graph":[{"@type":"WebPage","@id":"https:\/\/xperience.social\/product\/premium-subscription\/","url":"https:\/\/xperience.social\/product\/premium-subscription\/","name":"Premium Subscription | Xperience","isPartOf":{"@id":"https:\/\/xperience.social\/en\/#website"},"primaryImageOfPage":{"@id":"https:\/\/xperience.social\/product\/premium-subscription\/#primaryimage"},"image":{"@id":"https:\/\/xperience.social\/product\/premium-subscription\/#primaryimage"},"thumbnailUrl":"https:\/\/i0.wp.com\/xperience.social\/wp-content\/uploads\/2025\/05\/Mediadaten-Associates-Angebot.pptx-3.webp?fit=1134%2C1134&ssl=1","datePublished":"2025-05-31T14:21:38+00:00","dateModified":"2025-06-14T08:44:21+00:00","description":"Unlock exclusive events, giveaways & your Premium badge on Xperience. More access, more recognition, with all future features included.","breadcrumb":{"@id":"https:\/\/xperience.social\/product\/premium-subscription\/#breadcrumb"},"inLanguage":"de","potentialAction":[{"@type":"ReadAction","target":["https:\/\/xperience.social\/product\/premium-subscription\/"]}]},{"@type":"ImageObject","inLanguage":"de","@id":"https:\/\/xperience.social\/product\/premium-subscription\/#primaryimage","url":"https:\/\/i0.wp.com\/xperience.social\/wp-content\/uploads\/2025\/05\/Mediadaten-Associates-Angebot.pptx-3.webp?fit=1134%2C1134&ssl=1","contentUrl":"https:\/\/i0.wp.com\/xperience.social\/wp-content\/uploads\/2025\/05\/Mediadaten-Associates-Angebot.pptx-3.webp?fit=1134%2C1134&ssl=1","width":1134,"height":1134,"caption":"Xperience App Premium Account Supporter"},{"@type":"BreadcrumbList","@id":"https:\/\/xperience.social\/product\/premium-subscription\/#breadcrumb","itemListElement":[{"@type":"ListItem","position":1,"name":"Home","item":"https:\/\/xperience.social\/"},{"@type":"ListItem","position":2,"name":"Shop","item":"https:\/\/xperience.social\/shop\/"},{"@type":"ListItem","position":3,"name":"Premium Subscription"}]},{"@type":"WebSite","@id":"https:\/\/xperience.social\/en\/#website","url":"https:\/\/xperience.social\/en\/","name":"Xperience","description":"Create. Connect. Xperience.","publisher":{"@id":"https:\/\/xperience.social\/en\/#organization"},"potentialAction":[{"@type":"SearchAction","target":{"@type":"EntryPoint","urlTemplate":"https:\/\/xperience.social\/en\/?s={search_term_string}"},"query-input":{"@type":"PropertyValueSpecification","valueRequired":true,"valueName":"search_term_string"}}],"inLanguage":"de"},{"@type":"Organization","@id":"https:\/\/xperience.social\/en\/#organization","name":"Xperience","url":"https:\/\/xperience.social\/en\/","logo":{"@type":"ImageObject","inLanguage":"de","@id":"https:\/\/xperience.social\/en\/#\/schema\/logo\/image\/","url":"https:\/\/xperience.social\/wp-content\/uploads\/2020\/12\/logo_social-scaled.png","contentUrl":"https:\/\/xperience.social\/wp-content\/uploads\/2020\/12\/logo_social-scaled.png","width":2560,"height":2560,"caption":"Xperience"},"image":{"@id":"https:\/\/xperience.social\/en\/#\/schema\/logo\/image\/"},"sameAs":["https:\/\/www.facebook.com\/Xperience-102305478105294\/","https:\/\/x.com\/Xperien26941700","https:\/\/www.instagram.com\/create.connect.xperience\/?hl=de","https:\/\/www.linkedin.com\/company\/create-connect-xperience"]}]}},"jetpack_sharing_enabled":true,"_links":{"self":[{"href":"http:\/\/xperience.social\/de\/wp-json\/wp\/v2\/product\/9130","targetHints":{"allow":["GET"]}}],"collection":[{"href":"http:\/\/xperience.social\/de\/wp-json\/wp\/v2\/product"}],"about":[{"href":"http:\/\/xperience.social\/de\/wp-json\/wp\/v2\/types\/product"}],"wp:featuredmedia":[{"embeddable":true,"href":"http:\/\/xperience.social\/de\/wp-json\/wp\/v2\/media\/9214"}],"wp:attachment":[{"href":"http:\/\/xperience.social\/de\/wp-json\/wp\/v2\/media?parent=9130"}],"wp:term":[{"taxonomy":"product_brand","embeddable":true,"href":"http:\/\/xperience.social\/de\/wp-json\/wp\/v2\/product_brand?post=9130"},{"taxonomy":"product_cat","embeddable":true,"href":"http:\/\/xperience.social\/de\/wp-json\/wp\/v2\/product_cat?post=9130"},{"taxonomy":"product_tag","embeddable":true,"href":"http:\/\/xperience.social\/de\/wp-json\/wp\/v2\/product_tag?post=9130"}],"curies":[{"name":"wp","href":"https:\/\/api.w.org\/{rel}","templated":true}]}}