{"id":471,"date":"2020-04-16T12:03:38","date_gmt":"2020-04-16T10:03:38","guid":{"rendered":"https:\/\/xperience.social\/?page_id=471"},"modified":"2025-05-15T16:27:56","modified_gmt":"2025-05-15T14:27:56","slug":"legal-notice","status":"publish","type":"page","link":"https:\/\/xperience.social\/de\/legal-notice\/","title":{"rendered":"Impressum"},"content":{"rendered":"<div data-elementor-type=\"wp-page\" data-elementor-id=\"471\" class=\"elementor elementor-471\" data-elementor-post-type=\"page\">\n\t\t\t\t\t\t<section class=\"elementor-section elementor-top-section elementor-element elementor-element-c7e94ec elementor-section-boxed elementor-section-height-default elementor-section-height-default\" data-id=\"c7e94ec\" data-element_type=\"section\" data-e-type=\"section\">\n\t\t\t\t\t\t<div class=\"elementor-container elementor-column-gap-default\">\n\t\t\t\t\t<div class=\"elementor-column elementor-col-100 elementor-top-column elementor-element elementor-element-644cc6f\" data-id=\"644cc6f\" data-element_type=\"column\" data-e-type=\"column\">\n\t\t\t<div class=\"elementor-widget-wrap elementor-element-populated\">\n\t\t\t\t\t\t<div class=\"elementor-element elementor-element-727fd61 elementor-widget elementor-widget-heading\" data-id=\"727fd61\" data-element_type=\"widget\" data-e-type=\"widget\" data-widget_type=\"heading.default\">\n\t\t\t\t<div class=\"elementor-widget-container\">\n\t\t\t\t\t<h2 class=\"elementor-heading-title elementor-size-default\">Legal Notice | Impressum<\/h2>\t\t\t\t<\/div>\n\t\t\t\t<\/div>\n\t\t\t\t<div class=\"elementor-element elementor-element-4056a53 elementor-widget elementor-widget-text-editor\" data-id=\"4056a53\" data-element_type=\"widget\" data-e-type=\"widget\" data-widget_type=\"text-editor.default\">\n\t\t\t\t<div class=\"elementor-widget-container\">\n\t\t\t\t\t\t\t\t\t<p style=\"font-size: 20px; font-style: normal; font-family: Lato, sans-serif; text-align: center;\"><span style=\"font-weight: bold;\">\u00a0<\/span><\/p><p style=\"font-size: 20px; font-style: normal; font-family: Lato, sans-serif; text-align: center;\"><span style=\"font-weight: bold;\">Xperience App &amp; Lifestyle GmbH,<\/span><\/p><p style=\"font-size: 20px; font-style: normal; font-family: Lato, sans-serif; text-align: center;\"><span style=\"font-weight: bold;\">Unternehmensgegenstand<\/span><br \/>Entwicklung, Bereitstellung und Vermarktung der Xperience App\u00a0<\/p><p style=\"font-size: 20px; font-style: normal; font-family: Lato, sans-serif; text-align: center;\"><span style=\"font-weight: bold;\">Firmensitz<\/span><br \/>Am gr\u00fcnen Prater 8\/11, 1020 Wien<\/p><div style=\"font-size: 20px; font-style: normal; font-family: Lato, sans-serif; text-align: center;\"><span style=\"font-weight: bold;\">Kontaktdaten<\/span><\/div><div style=\"font-size: 20px; font-style: normal; font-family: Lato, sans-serif; text-align: center;\">+43 680 1444192<\/div><div style=\"font-size: 20px; font-style: normal; font-family: Lato, sans-serif; text-align: center;\"><p><a href=\"mailto:business@create-xperience.com\">business@create-xperience.com<\/a><\/p><\/div><div style=\"font-size: 20px; font-style: normal; font-family: Lato, sans-serif; text-align: center;\"><span style=\"font-size: 20px; font-weight: bold;\">Gesch\u00e4ftsf\u00fchrung<\/span><\/div><div style=\"font-size: 20px; font-style: normal; font-family: Lato, sans-serif; text-align: center;\">Simon Becke | <a href=\"mailto:simon.becke@create-xperience.com\">simon.becke@create-xperience.com<\/a><\/div>\t\t\t\t\t\t\t\t<\/div>\n\t\t\t\t<\/div>\n\t\t\t\t<section class=\"elementor-section elementor-inner-section elementor-element elementor-element-8c372fb elementor-section-boxed elementor-section-height-default elementor-section-height-default\" data-id=\"8c372fb\" data-element_type=\"section\" data-e-type=\"section\">\n\t\t\t\t\t\t<div class=\"elementor-container elementor-column-gap-default\">\n\t\t\t\t\t<div class=\"elementor-column elementor-col-33 elementor-inner-column elementor-element elementor-element-4ce682f\" data-id=\"4ce682f\" data-element_type=\"column\" data-e-type=\"column\">\n\t\t\t<div class=\"elementor-widget-wrap elementor-element-populated\">\n\t\t\t\t\t\t<div class=\"elementor-element elementor-element-03c856b elementor-widget elementor-widget-text-editor\" data-id=\"03c856b\" data-element_type=\"widget\" data-e-type=\"widget\" data-widget_type=\"text-editor.default\">\n\t\t\t\t<div class=\"elementor-widget-container\">\n\t\t\t\t\t\t\t\t\t<p><span style=\"font-weight: bold; font-family: Lato, sans-serif; font-size: 20px; font-style: normal; text-align: center;\">UID-Nummer<\/span><br style=\"font-family: Lato, sans-serif; font-size: 20px; text-align: center;\" \/><span style=\"font-family: Lato, sans-serif; font-size: 20px; font-style: normal; text-align: center;\">ATU77215835<\/span><\/p><p><span style=\"font-weight: bold; font-family: Lato, sans-serif; font-size: 20px; font-style: normal;\">Aufsichtsbeh\u00f6rde<br \/><\/span><span style=\"font-size: 20px; font-style: normal; font-family: Lato, sans-serif;\">Magistrat der Stadt Wien<\/span><br style=\"font-family: Lato, sans-serif; font-size: 20px;\" \/><span style=\"font-size: 20px; font-style: normal; font-family: Lato, sans-serif;\">2. Bezirk \u2013 Leopoldstadt<\/span><\/p>\t\t\t\t\t\t\t\t<\/div>\n\t\t\t\t<\/div>\n\t\t\t\t\t<\/div>\n\t\t<\/div>\n\t\t\t\t<div class=\"elementor-column elementor-col-33 elementor-inner-column elementor-element elementor-element-dafc103\" data-id=\"dafc103\" data-element_type=\"column\" data-e-type=\"column\">\n\t\t\t<div class=\"elementor-widget-wrap elementor-element-populated\">\n\t\t\t\t\t\t<div class=\"elementor-element elementor-element-bee0d15 elementor-widget elementor-widget-text-editor\" data-id=\"bee0d15\" data-element_type=\"widget\" data-e-type=\"widget\" data-widget_type=\"text-editor.default\">\n\t\t\t\t<div class=\"elementor-widget-container\">\n\t\t\t\t\t\t\t\t\t<p><span style=\"font-weight: bold; font-family: Lato, sans-serif; font-size: 20px; font-style: normal; text-align: center;\">Firmenbuchnummer<\/span><br style=\"font-family: Lato, sans-serif; font-size: 20px; text-align: center;\" \/><span style=\"font-family: Lato, sans-serif;\"><span style=\"font-size: 20px;\">FN 562369 p<\/span><\/span><\/p><p><span style=\"font-weight: bold; font-family: Lato, sans-serif; font-size: 20px; font-style: normal;\">Kammer<br \/><\/span><span style=\"font-family: Lato, sans-serif; font-size: 20px; font-style: normal; text-align: center;\">Wirtschaftskammer Wien<\/span><\/p>\t\t\t\t\t\t\t\t<\/div>\n\t\t\t\t<\/div>\n\t\t\t\t\t<\/div>\n\t\t<\/div>\n\t\t\t\t<div class=\"elementor-column elementor-col-33 elementor-inner-column elementor-element elementor-element-a075e71\" data-id=\"a075e71\" data-element_type=\"column\" data-e-type=\"column\">\n\t\t\t<div class=\"elementor-widget-wrap elementor-element-populated\">\n\t\t\t\t\t\t<div class=\"elementor-element elementor-element-ae54591 elementor-widget elementor-widget-text-editor\" data-id=\"ae54591\" data-element_type=\"widget\" data-e-type=\"widget\" data-widget_type=\"text-editor.default\">\n\t\t\t\t<div class=\"elementor-widget-container\">\n\t\t\t\t\t\t\t\t\t<p><span style=\"font-weight: bold; font-family: Lato, sans-serif; font-size: 20px; font-style: normal; text-align: center;\">Firmenbuchgericht<\/span><br style=\"font-family: Lato, sans-serif; font-size: 20px; text-align: center;\" \/><span style=\"font-family: Lato, sans-serif; font-size: 20px; font-style: normal; text-align: center;\">Wien<\/span><\/p><p><span style=\"font-size: 20px; font-style: normal; font-weight: bold; font-family: Lato, sans-serif;\">Anwendbare Vorschriften<br \/><\/span><span style=\"font-size: 20px; font-style: normal; font-family: Lato, sans-serif;\">Gewerbeordnung 1994<\/span><br style=\"font-family: Lato, sans-serif; font-size: 20px;\" \/><span style=\"font-size: 20px; font-style: normal; font-family: Lato, sans-serif;\">(abrufbar im <strong><a href=\"https:\/\/www.ris.bka.gv.at\/GeltendeFassung.wxe?Abfrage=Bundesnormen&amp;Gesetzesnummer=10007517\">RIS<\/a><\/strong>)<\/span><\/p>\t\t\t\t\t\t\t\t<\/div>\n\t\t\t\t<\/div>\n\t\t\t\t\t<\/div>\n\t\t<\/div>\n\t\t\t\t\t<\/div>\n\t\t<\/section>\n\t\t\t\t<div class=\"elementor-element elementor-element-57fa214 elementor-widget elementor-widget-text-editor\" data-id=\"57fa214\" data-element_type=\"widget\" data-e-type=\"widget\" data-widget_type=\"text-editor.default\">\n\t\t\t\t<div class=\"elementor-widget-container\">\n\t\t\t\t\t\t\t\t\t<p><strong style=\"font-size: 20px;\">Angaben zur Online-Streitbeilegung<\/strong><\/p>\n<p>VerbraucherInnen haben die M\u00f6glichkeit, Beschwerden an die Online-Streitbeilegungsplattform der EU zu richten: <a href=\"http:\/\/ec.europa.eu\/consumers\/odr\/\"><b>http:\/\/ec.europa.eu\/consumers\/odr\/<\/b><\/a>. Wir nehmen nicht an einem Streitbeilegungsverfahren vor einer Verbraucherschlichtungsstelle teil.&nbsp;<\/p>\n<p style=\"margin: 0cm 0cm 19pt; text-align: justify; line-height: 19pt; font-size: 10pt; font-family: Verdana, sans-serif; caret-color: #000000; color: #000000; font-style: normal;\">\n<\/p><p>Sie k\u00f6nnen allf\u00e4llige Beschwerden auch an die oben angef\u00fchrte E-Mail-Adresse richten.<\/p>\n<div style=\"font-size: 20px; font-style: normal;\"><span style=\"font-size: 20px; font-style: normal;\">Anfragen zur Handhabung Ihrer Daten richten Sie gerne an folgende Kontaktadresse:&nbsp;<\/span><\/div>\n<div style=\"font-size: 20px; font-style: normal;\">\n<p style=\"font-size: 20px;\"><a href=\"mailto:privacy@create-xperience.com\">privacy@create-xperience.com<\/a><\/p>\n<\/div>\n<div><b>Grundlegende&nbsp;Richtung<\/b><\/div>\n<div style=\"font-size: 20px; font-style: normal;\">Ideen zu Sehensw\u00fcrdigkeiten, Aktivit\u00e4ten, Betrieben und Empfehlungen f\u00fcr die Freizeitgestaltung<\/div>\n<div style=\"font-size: 20px; font-style: normal;\">&nbsp;<\/div>\n<div>\n<div style=\"font-size: 20px; font-style: normal;\"><b>Offenlegungspflichten<\/b><\/div>\n<div style=\"font-size: 20px;\">Gem\u00e4\u00df Artikel 24 Abs. 2 <i>Digital Service Act<\/i> haben Anbieter von Online Plattformen die durchschnittlichen Nutzer:innenzahlen der letzten 6 Monate zu ver\u00f6ffentlichen. Die Offenlegung f\u00fcr die Xperience App &amp; Lifestyle GmbH findet sich untenstehend.&nbsp;<\/div>\n<div><b>Stand 01. Februar 2025:<\/b> Durchschnittlich 1750 monatlich aktive Nutzer zwischen 01. August 2024 und 31. J\u00e4nner 2025.<\/div>\n<\/div>\t\t\t\t\t\t\t\t<\/div>\n\t\t\t\t<\/div>\n\t\t\t\t\t<\/div>\n\t\t<\/div>\n\t\t\t\t\t<\/div>\n\t\t<\/section>\n\t\t\t\t<section class=\"elementor-section elementor-top-section elementor-element elementor-element-ac46b67 elementor-section-boxed elementor-section-height-default elementor-section-height-default\" data-id=\"ac46b67\" data-element_type=\"section\" data-e-type=\"section\">\n\t\t\t\t\t\t<div class=\"elementor-container elementor-column-gap-default\">\n\t\t\t\t\t<div class=\"elementor-column elementor-col-100 elementor-top-column elementor-element elementor-element-f1906aa\" data-id=\"f1906aa\" data-element_type=\"column\" data-e-type=\"column\">\n\t\t\t<div class=\"elementor-widget-wrap elementor-element-populated\">\n\t\t\t\t\t\t<div class=\"elementor-element elementor-element-91519b3 elementor-align-center elementor-widget elementor-widget-button\" data-id=\"91519b3\" data-element_type=\"widget\" data-e-type=\"widget\" data-widget_type=\"button.default\">\n\t\t\t\t<div class=\"elementor-widget-container\">\n\t\t\t\t\t\t\t\t\t<div class=\"elementor-button-wrapper\">\n\t\t\t\t\t<a class=\"elementor-button elementor-button-link elementor-size-sm\" href=\"https:\/\/xperience.social\/de\/dataprivacy\/\">\n\t\t\t\t\t\t<span class=\"elementor-button-content-wrapper\">\n\t\t\t\t\t\t\t\t\t<span class=\"elementor-button-text\">Datenschutzerkl\u00e4rung<\/span>\n\t\t\t\t\t<\/span>\n\t\t\t\t\t<\/a>\n\t\t\t\t<\/div>\n\t\t\t\t\t\t\t\t<\/div>\n\t\t\t\t<\/div>\n\t\t\t\t\t<\/div>\n\t\t<\/div>\n\t\t\t\t\t<\/div>\n\t\t<\/section>\n\t\t\t\t<\/div>","protected":false},"excerpt":{"rendered":"<p>Legal Notice | Impressum \u00a0 Xperience App &amp; Lifestyle GmbH UnternehmensgegenstandEntwicklung, Bereitstellung und Vermarktung der Xperience App\u00a0 FirmensitzAm gr\u00fcnen Prater 8\/11, 1020 Wien Kontaktdaten+43 680 1444192 business@create-xperience.com Gesch\u00e4ftsf\u00fchrungSimon Becke | simon.becke@create-xperience.com UID-NummerATU77215835 Aufsichtsbeh\u00f6rdeMagistrat der Stadt Wien2. Bezirk \u2013 Leopoldstadt FirmenbuchnummerFN 562369 p KammerWirtschaftskammer Wien FirmenbuchgerichtWien Anwendbare VorschriftenGewerbeordnung 1994(abrufbar im RIS) Angaben zur Online-Streitbeilegung VerbraucherInnen haben [&hellip;]<\/p>","protected":false},"author":2,"featured_media":0,"parent":0,"menu_order":0,"comment_status":"closed","ping_status":"closed","template":"elementor_header_footer","meta":{"site-sidebar-layout":"no-sidebar","site-content-layout":"page-builder","ast-site-content-layout":"default","site-content-style":"default","site-sidebar-style":"default","ast-global-header-display":"","ast-banner-title-visibility":"","ast-main-header-display":"disabled","ast-hfb-above-header-display":"","ast-hfb-below-header-display":"","ast-hfb-mobile-header-display":"","site-post-title":"disabled","ast-breadcrumbs-content":"disabled","ast-featured-img":"disabled","footer-sml-layout":"","ast-disable-related-posts":"","theme-transparent-header-meta":"disabled","adv-header-id-meta":"","stick-header-meta":"","header-above-stick-meta":"","header-main-stick-meta":"","header-below-stick-meta":"","astra-migrate-meta-layouts":"default","ast-page-background-enabled":"default","ast-page-background-meta":{"desktop":{"background-color":"","background-image":"","background-repeat":"repeat","background-position":"center center","background-size":"auto","background-attachment":"scroll","background-type":"","background-media":"","overlay-type":"","overlay-color":"","overlay-opacity":"","overlay-gradient":""},"tablet":{"background-color":"","background-image":"","background-repeat":"repeat","background-position":"center center","background-size":"auto","background-attachment":"scroll","background-type":"","background-media":"","overlay-type":"","overlay-color":"","overlay-opacity":"","overlay-gradient":""},"mobile":{"background-color":"","background-image":"","background-repeat":"repeat","background-position":"center center","background-size":"auto","background-attachment":"scroll","background-type":"","background-media":"","overlay-type":"","overlay-color":"","overlay-opacity":"","overlay-gradient":""}},"ast-content-background-meta":{"desktop":{"background-color":"var(--ast-global-color-5)","background-image":"","background-repeat":"repeat","background-position":"center center","background-size":"auto","background-attachment":"scroll","background-type":"","background-media":"","overlay-type":"","overlay-color":"","overlay-opacity":"","overlay-gradient":""},"tablet":{"background-color":"var(--ast-global-color-5)","background-image":"","background-repeat":"repeat","background-position":"center center","background-size":"auto","background-attachment":"scroll","background-type":"","background-media":"","overlay-type":"","overlay-color":"","overlay-opacity":"","overlay-gradient":""},"mobile":{"background-color":"var(--ast-global-color-5)","background-image":"","background-repeat":"repeat","background-position":"center center","background-size":"auto","background-attachment":"scroll","background-type":"","background-media":"","overlay-type":"","overlay-color":"","overlay-opacity":"","overlay-gradient":""}},"footnotes":""},"class_list":["post-471","page","type-page","status-publish","hentry"],"yoast_head":"<!-- This site is optimized with the Yoast SEO plugin v27.3 - https:\/\/yoast.com\/product\/yoast-seo-wordpress\/ -->\n<title>Legal Notice | Xperience<\/title>\n<meta name=\"robots\" content=\"noindex, nofollow\" \/>\n<meta property=\"og:locale\" content=\"de_DE\" \/>\n<meta property=\"og:type\" content=\"article\" \/>\n<meta property=\"og:title\" content=\"Legal Notice | Xperience\" \/>\n<meta property=\"og:description\" content=\"Legal Notice | Impressum \u00a0 Xperience App &amp; Lifestyle GmbH UnternehmensgegenstandEntwicklung, Bereitstellung und Vermarktung der Xperience App\u00a0 FirmensitzAm gr\u00fcnen Prater 8\/11, 1020 Wien Kontaktdaten+43 680 1444192 business@create-xperience.com Gesch\u00e4ftsf\u00fchrungSimon Becke | simon.becke@create-xperience.com UID-NummerATU77215835 Aufsichtsbeh\u00f6rdeMagistrat der Stadt Wien2. Bezirk \u2013 Leopoldstadt FirmenbuchnummerFN 562369 p KammerWirtschaftskammer Wien FirmenbuchgerichtWien Anwendbare VorschriftenGewerbeordnung 1994(abrufbar im RIS) Angaben zur Online-Streitbeilegung VerbraucherInnen haben [&hellip;]\" \/>\n<meta property=\"og:url\" content=\"https:\/\/xperience.social\/de\/legal-notice\/\" \/>\n<meta property=\"og:site_name\" content=\"Xperience\" \/>\n<meta property=\"article:publisher\" content=\"https:\/\/www.facebook.com\/Xperience-102305478105294\/\" \/>\n<meta property=\"article:modified_time\" content=\"2025-05-15T14:27:56+00:00\" \/>\n<meta property=\"og:image\" content=\"https:\/\/i0.wp.com\/xperience.social\/wp-content\/uploads\/2020\/12\/logo_social-scaled-scaled.webp?fit=1920%2C1920&ssl=1\" \/>\n\t<meta property=\"og:image:width\" content=\"1920\" \/>\n\t<meta property=\"og:image:height\" content=\"1920\" \/>\n\t<meta property=\"og:image:type\" content=\"image\/png\" \/>\n<meta name=\"twitter:card\" content=\"summary_large_image\" \/>\n<meta name=\"twitter:site\" content=\"@Xperien26941700\" \/>\n<meta name=\"twitter:label1\" content=\"Gesch\u00e4tzte Lesezeit\" \/>\n\t<meta name=\"twitter:data1\" content=\"1\u00a0Minute\" \/>\n<script type=\"application\/ld+json\" class=\"yoast-schema-graph\">{\"@context\":\"https:\\\/\\\/schema.org\",\"@graph\":[{\"@type\":\"WebPage\",\"@id\":\"https:\\\/\\\/xperience.social\\\/legal-notice\\\/\",\"url\":\"https:\\\/\\\/xperience.social\\\/legal-notice\\\/\",\"name\":\"Legal Notice | Xperience\",\"isPartOf\":{\"@id\":\"https:\\\/\\\/xperience.social\\\/en\\\/#website\"},\"datePublished\":\"2020-04-16T10:03:38+00:00\",\"dateModified\":\"2025-05-15T14:27:56+00:00\",\"breadcrumb\":{\"@id\":\"https:\\\/\\\/xperience.social\\\/legal-notice\\\/#breadcrumb\"},\"inLanguage\":\"de\",\"potentialAction\":[{\"@type\":\"ReadAction\",\"target\":[\"https:\\\/\\\/xperience.social\\\/legal-notice\\\/\"]}]},{\"@type\":\"BreadcrumbList\",\"@id\":\"https:\\\/\\\/xperience.social\\\/legal-notice\\\/#breadcrumb\",\"itemListElement\":[{\"@type\":\"ListItem\",\"position\":1,\"name\":\"Home\",\"item\":\"https:\\\/\\\/xperience.social\\\/\"},{\"@type\":\"ListItem\",\"position\":2,\"name\":\"Legal Notice\"}]},{\"@type\":\"WebSite\",\"@id\":\"https:\\\/\\\/xperience.social\\\/en\\\/#website\",\"url\":\"https:\\\/\\\/xperience.social\\\/en\\\/\",\"name\":\"Xperience\",\"description\":\"Create. Connect. Xperience.\",\"publisher\":{\"@id\":\"https:\\\/\\\/xperience.social\\\/en\\\/#organization\"},\"potentialAction\":[{\"@type\":\"SearchAction\",\"target\":{\"@type\":\"EntryPoint\",\"urlTemplate\":\"https:\\\/\\\/xperience.social\\\/en\\\/?s={search_term_string}\"},\"query-input\":{\"@type\":\"PropertyValueSpecification\",\"valueRequired\":true,\"valueName\":\"search_term_string\"}}],\"inLanguage\":\"de\"},{\"@type\":\"Organization\",\"@id\":\"https:\\\/\\\/xperience.social\\\/en\\\/#organization\",\"name\":\"Xperience\",\"url\":\"https:\\\/\\\/xperience.social\\\/en\\\/\",\"logo\":{\"@type\":\"ImageObject\",\"inLanguage\":\"de\",\"@id\":\"https:\\\/\\\/xperience.social\\\/en\\\/#\\\/schema\\\/logo\\\/image\\\/\",\"url\":\"https:\\\/\\\/xperience.social\\\/wp-content\\\/uploads\\\/2020\\\/12\\\/logo_social-scaled.png\",\"contentUrl\":\"https:\\\/\\\/xperience.social\\\/wp-content\\\/uploads\\\/2020\\\/12\\\/logo_social-scaled.png\",\"width\":2560,\"height\":2560,\"caption\":\"Xperience\"},\"image\":{\"@id\":\"https:\\\/\\\/xperience.social\\\/en\\\/#\\\/schema\\\/logo\\\/image\\\/\"},\"sameAs\":[\"https:\\\/\\\/www.facebook.com\\\/Xperience-102305478105294\\\/\",\"https:\\\/\\\/x.com\\\/Xperien26941700\",\"https:\\\/\\\/www.instagram.com\\\/create.connect.xperience\\\/?hl=de\",\"https:\\\/\\\/www.linkedin.com\\\/company\\\/create-connect-xperience\"]}]}<\/script>\n<!-- \/ Yoast SEO plugin. -->","yoast_head_json":{"title":"Legal Notice | Xperience","robots":{"index":"noindex","follow":"nofollow"},"og_locale":"de_DE","og_type":"article","og_title":"Legal Notice | Xperience","og_description":"Legal Notice | Impressum \u00a0 Xperience App &amp; Lifestyle GmbH UnternehmensgegenstandEntwicklung, Bereitstellung und Vermarktung der Xperience App\u00a0 FirmensitzAm gr\u00fcnen Prater 8\/11, 1020 Wien Kontaktdaten+43 680 1444192 business@create-xperience.com Gesch\u00e4ftsf\u00fchrungSimon Becke | simon.becke@create-xperience.com UID-NummerATU77215835 Aufsichtsbeh\u00f6rdeMagistrat der Stadt Wien2. Bezirk \u2013 Leopoldstadt FirmenbuchnummerFN 562369 p KammerWirtschaftskammer Wien FirmenbuchgerichtWien Anwendbare VorschriftenGewerbeordnung 1994(abrufbar im RIS) Angaben zur Online-Streitbeilegung VerbraucherInnen haben [&hellip;]","og_url":"https:\/\/xperience.social\/de\/legal-notice\/","og_site_name":"Xperience","article_publisher":"https:\/\/www.facebook.com\/Xperience-102305478105294\/","article_modified_time":"2025-05-15T14:27:56+00:00","og_image":[{"width":1920,"height":1920,"url":"https:\/\/i0.wp.com\/xperience.social\/wp-content\/uploads\/2020\/12\/logo_social-scaled-scaled.webp?fit=1920%2C1920&ssl=1","type":"image\/png"}],"twitter_card":"summary_large_image","twitter_site":"@Xperien26941700","twitter_misc":{"Gesch\u00e4tzte Lesezeit":"1\u00a0Minute"},"schema":{"@context":"https:\/\/schema.org","@graph":[{"@type":"WebPage","@id":"https:\/\/xperience.social\/legal-notice\/","url":"https:\/\/xperience.social\/legal-notice\/","name":"Legal Notice | Xperience","isPartOf":{"@id":"https:\/\/xperience.social\/en\/#website"},"datePublished":"2020-04-16T10:03:38+00:00","dateModified":"2025-05-15T14:27:56+00:00","breadcrumb":{"@id":"https:\/\/xperience.social\/legal-notice\/#breadcrumb"},"inLanguage":"de","potentialAction":[{"@type":"ReadAction","target":["https:\/\/xperience.social\/legal-notice\/"]}]},{"@type":"BreadcrumbList","@id":"https:\/\/xperience.social\/legal-notice\/#breadcrumb","itemListElement":[{"@type":"ListItem","position":1,"name":"Home","item":"https:\/\/xperience.social\/"},{"@type":"ListItem","position":2,"name":"Legal Notice"}]},{"@type":"WebSite","@id":"https:\/\/xperience.social\/en\/#website","url":"https:\/\/xperience.social\/en\/","name":"Xperience","description":"Create. Connect. Xperience.","publisher":{"@id":"https:\/\/xperience.social\/en\/#organization"},"potentialAction":[{"@type":"SearchAction","target":{"@type":"EntryPoint","urlTemplate":"https:\/\/xperience.social\/en\/?s={search_term_string}"},"query-input":{"@type":"PropertyValueSpecification","valueRequired":true,"valueName":"search_term_string"}}],"inLanguage":"de"},{"@type":"Organization","@id":"https:\/\/xperience.social\/en\/#organization","name":"Xperience","url":"https:\/\/xperience.social\/en\/","logo":{"@type":"ImageObject","inLanguage":"de","@id":"https:\/\/xperience.social\/en\/#\/schema\/logo\/image\/","url":"https:\/\/xperience.social\/wp-content\/uploads\/2020\/12\/logo_social-scaled.png","contentUrl":"https:\/\/xperience.social\/wp-content\/uploads\/2020\/12\/logo_social-scaled.png","width":2560,"height":2560,"caption":"Xperience"},"image":{"@id":"https:\/\/xperience.social\/en\/#\/schema\/logo\/image\/"},"sameAs":["https:\/\/www.facebook.com\/Xperience-102305478105294\/","https:\/\/x.com\/Xperien26941700","https:\/\/www.instagram.com\/create.connect.xperience\/?hl=de","https:\/\/www.linkedin.com\/company\/create-connect-xperience"]}]}},"jetpack_sharing_enabled":true,"_links":{"self":[{"href":"https:\/\/xperience.social\/de\/wp-json\/wp\/v2\/pages\/471","targetHints":{"allow":["GET"]}}],"collection":[{"href":"https:\/\/xperience.social\/de\/wp-json\/wp\/v2\/pages"}],"about":[{"href":"https:\/\/xperience.social\/de\/wp-json\/wp\/v2\/types\/page"}],"author":[{"embeddable":true,"href":"https:\/\/xperience.social\/de\/wp-json\/wp\/v2\/users\/2"}],"replies":[{"embeddable":true,"href":"https:\/\/xperience.social\/de\/wp-json\/wp\/v2\/comments?post=471"}],"version-history":[{"count":72,"href":"https:\/\/xperience.social\/de\/wp-json\/wp\/v2\/pages\/471\/revisions"}],"predecessor-version":[{"id":8884,"href":"https:\/\/xperience.social\/de\/wp-json\/wp\/v2\/pages\/471\/revisions\/8884"}],"wp:attachment":[{"href":"https:\/\/xperience.social\/de\/wp-json\/wp\/v2\/media?parent=471"}],"curies":[{"name":"wp","href":"https:\/\/api.w.org\/{rel}","templated":true}]}}