{"id":8473,"date":"2025-04-23T20:59:34","date_gmt":"2025-04-23T18:59:34","guid":{"rendered":"https:\/\/xperience.social\/?page_id=8473"},"modified":"2025-05-23T11:35:53","modified_gmt":"2025-05-23T09:35:53","slug":"place-boulderbar","status":"publish","type":"page","link":"https:\/\/xperience.social\/de\/place-boulderbar\/","title":{"rendered":"Place &#8211; Boulderbar"},"content":{"rendered":"<div data-elementor-type=\"wp-page\" data-elementor-id=\"8473\" class=\"elementor elementor-8473\" data-elementor-post-type=\"page\">\n\t\t\t\t\t\t<section class=\"elementor-section elementor-top-section elementor-element elementor-element-ec152b2 elementor-section-boxed elementor-section-height-default elementor-section-height-default\" data-id=\"ec152b2\" data-element_type=\"section\" data-e-type=\"section\" data-settings=\"{&quot;background_background&quot;:&quot;classic&quot;}\">\n\t\t\t\t\t\t<div class=\"elementor-container elementor-column-gap-default\">\n\t\t\t\t\t<div class=\"elementor-column elementor-col-100 elementor-top-column elementor-element elementor-element-1c3b92e\" data-id=\"1c3b92e\" data-element_type=\"column\" data-e-type=\"column\">\n\t\t\t<div class=\"elementor-widget-wrap elementor-element-populated\">\n\t\t\t\t\t\t<div class=\"elementor-element elementor-element-801600d elementor-widget-tablet__width-initial elementor-absolute elementor-widget elementor-widget-heading\" data-id=\"801600d\" data-element_type=\"widget\" data-e-type=\"widget\" data-settings=\"{&quot;_position&quot;:&quot;absolute&quot;}\" data-widget_type=\"heading.default\">\n\t\t\t\t<div class=\"elementor-widget-container\">\n\t\t\t\t\t<h2 class=\"elementor-heading-title elementor-size-default\">Boulderbar<\/h2>\t\t\t\t<\/div>\n\t\t\t\t<\/div>\n\t\t\t\t<div class=\"elementor-element elementor-element-8cd278a elementor-widget-tablet__width-initial elementor-absolute elementor-widget elementor-widget-text-editor\" data-id=\"8cd278a\" data-element_type=\"widget\" data-e-type=\"widget\" data-settings=\"{&quot;_position&quot;:&quot;absolute&quot;}\" data-widget_type=\"text-editor.default\">\n\t\t\t\t<div class=\"elementor-widget-container\">\n\t\t\t\t\t\t\t\t\t<p>Urban Climbing Culture in Wien<\/p>\t\t\t\t\t\t\t\t<\/div>\n\t\t\t\t<\/div>\n\t\t\t\t\t<\/div>\n\t\t<\/div>\n\t\t\t\t\t<\/div>\n\t\t<\/section>\n\t\t\t\t<section class=\"elementor-section elementor-top-section elementor-element elementor-element-d9332de elementor-section-boxed elementor-section-height-default elementor-section-height-default\" data-id=\"d9332de\" data-element_type=\"section\" data-e-type=\"section\">\n\t\t\t\t\t\t<div class=\"elementor-container elementor-column-gap-default\">\n\t\t\t\t\t<div class=\"elementor-column elementor-col-100 elementor-top-column elementor-element elementor-element-bb6b305\" data-id=\"bb6b305\" data-element_type=\"column\" data-e-type=\"column\">\n\t\t\t<div class=\"elementor-widget-wrap elementor-element-populated\">\n\t\t\t\t\t\t<div class=\"elementor-element elementor-element-80b05b0 elementor-widget elementor-widget-text-editor\" data-id=\"80b05b0\" data-element_type=\"widget\" data-e-type=\"widget\" data-widget_type=\"text-editor.default\">\n\t\t\t\t<div class=\"elementor-widget-container\">\n\t\t\t\t\t\t\t\t\t<p class=\"\" data-start=\"157\" data-end=\"200\"><strong>Boulderbar - Wo Bewegung auf Gemeinschaft trifft<\/strong><\/p><p class=\"\" data-start=\"202\" data-end=\"480\">Die Boulderbar ist mehr als nur eine Kletterhalle - sie ist ein Ort, an dem Menschen zusammenkommen, um sich zu bewegen, zu verbinden und aufzutanken. Egal, ob du hier bist, um eine neue Route in Angriff zu nehmen, mit Freunden abzuh\u00e4ngen oder einfach nur die Atmosph\u00e4re zu genie\u00dfen, die Boulderbar bietet die perfekte Mischung aus Energie, Freiheit und Gemeinschaft.<\/p><p class=\"\" data-start=\"482\" data-end=\"765\">Mit mehreren Standorten in ganz Wien, in der Hannovergasse (1200), am Hauptbahnhof (1100), am Wienerberg (1100) und in der Seestadt (1220), herrscht an jedem Ort derselbe Geist: offen, einladend und voller Leben. Es ist ein Ort, an dem Anf\u00e4nger und Profis die gleichen W\u00e4nde teilen, an dem aus lockeren Gespr\u00e4chen tiefe Gespr\u00e4che werden und an dem eine kurze Session oft zum besten Teil des Tages wird.<\/p><p class=\"\" data-start=\"767\" data-end=\"1021\">Das ist es, was die Boulderbar zu einer perfekten Erg\u00e4nzung f\u00fcr Xperience macht. Sie ist real, sie ist sozial, und sie bringt Menschen auf eine Weise zusammen, die sich m\u00fchelos anf\u00fchlt. Wenn du auf der Suche nach guter Energie, spontanen Treffen und einer Gemeinschaft bist, die sich bewegt - hier wirst du sie finden.<\/p><p class=\"\" data-start=\"1269\" data-end=\"1357\">Schnapp dir deine Kreide, deine Crew und lass uns klettern - hier beginnt die Verbindung.<\/p><p data-start=\"1269\" data-end=\"1357\">Schau auf ihrer <a href=\"https:\/\/boulderbar.net\/\"><span style=\"color: #ff7600;\">Website<\/span><\/a> und auf Xperience vorbei!<\/p>\t\t\t\t\t\t\t\t<\/div>\n\t\t\t\t<\/div>\n\t\t\t\t\t<\/div>\n\t\t<\/div>\n\t\t\t\t\t<\/div>\n\t\t<\/section>\n\t\t\t\t<\/div>","protected":false},"excerpt":{"rendered":"<p>Boulderbar Urban Climbing Culture in Vienna Boulderbar \u2013 Where Movement Meets Community Boulderbar is more than just a climbing gym \u2014 it\u2019s a space where people come together to move, connect, and recharge. Whether you&#8217;re here to tackle a new route, hang out with friends, or just soak in the vibe, Boulderbar offers the perfect [&hellip;]<\/p>","protected":false},"author":4,"featured_media":0,"parent":0,"menu_order":0,"comment_status":"closed","ping_status":"closed","template":"","meta":{"site-sidebar-layout":"no-sidebar","site-content-layout":"page-builder","ast-site-content-layout":"full-width-container","site-content-style":"default","site-sidebar-style":"default","ast-global-header-display":"","ast-banner-title-visibility":"","ast-main-header-display":"","ast-hfb-above-header-display":"","ast-hfb-below-header-display":"","ast-hfb-mobile-header-display":"","site-post-title":"disabled","ast-breadcrumbs-content":"","ast-featured-img":"disabled","footer-sml-layout":"","ast-disable-related-posts":"","theme-transparent-header-meta":"","adv-header-id-meta":"","stick-header-meta":"","header-above-stick-meta":"","header-main-stick-meta":"","header-below-stick-meta":"","astra-migrate-meta-layouts":"set","ast-page-background-enabled":"default","ast-page-background-meta":{"desktop":{"background-color":"","background-image":"","background-repeat":"repeat","background-position":"center center","background-size":"auto","background-attachment":"scroll","background-type":"","background-media":"","overlay-type":"","overlay-color":"","overlay-opacity":"","overlay-gradient":""},"tablet":{"background-color":"","background-image":"","background-repeat":"repeat","background-position":"center center","background-size":"auto","background-attachment":"scroll","background-type":"","background-media":"","overlay-type":"","overlay-color":"","overlay-opacity":"","overlay-gradient":""},"mobile":{"background-color":"","background-image":"","background-repeat":"repeat","background-position":"center center","background-size":"auto","background-attachment":"scroll","background-type":"","background-media":"","overlay-type":"","overlay-color":"","overlay-opacity":"","overlay-gradient":""}},"ast-content-background-meta":{"desktop":{"background-color":"var(--ast-global-color-5)","background-image":"","background-repeat":"repeat","background-position":"center center","background-size":"auto","background-attachment":"scroll","background-type":"","background-media":"","overlay-type":"","overlay-color":"","overlay-opacity":"","overlay-gradient":""},"tablet":{"background-color":"var(--ast-global-color-5)","background-image":"","background-repeat":"repeat","background-position":"center center","background-size":"auto","background-attachment":"scroll","background-type":"","background-media":"","overlay-type":"","overlay-color":"","overlay-opacity":"","overlay-gradient":""},"mobile":{"background-color":"var(--ast-global-color-5)","background-image":"","background-repeat":"repeat","background-position":"center center","background-size":"auto","background-attachment":"scroll","background-type":"","background-media":"","overlay-type":"","overlay-color":"","overlay-opacity":"","overlay-gradient":""}},"footnotes":""},"class_list":["post-8473","page","type-page","status-publish","hentry"],"yoast_head":"<!-- This site is optimized with the Yoast SEO plugin v27.3 - https:\/\/yoast.com\/product\/yoast-seo-wordpress\/ -->\n<title>Place - Boulderbar | Xperience<\/title>\n<meta name=\"description\" content=\"Entdecke die Boulderbar Wien als einzigartige Location mit Sport, Community-Vibes &amp; Bar. Jetzt coole Aktivit\u00e4ten erleben oder selbst hosten \u2013 mit Xperience!\" \/>\n<meta name=\"robots\" content=\"index, follow, max-snippet:-1, max-image-preview:large, max-video-preview:-1\" \/>\n<link rel=\"canonical\" href=\"https:\/\/xperience.social\/de\/place-boulderbar\/\" \/>\n<meta property=\"og:locale\" content=\"de_DE\" \/>\n<meta property=\"og:type\" content=\"article\" \/>\n<meta property=\"og:title\" content=\"Place - Boulderbar | Xperience\" \/>\n<meta property=\"og:description\" content=\"Entdecke die Boulderbar Wien als einzigartige Location mit Sport, Community-Vibes &amp; Bar. Jetzt coole Aktivit\u00e4ten erleben oder selbst hosten \u2013 mit Xperience!\" \/>\n<meta property=\"og:url\" content=\"https:\/\/xperience.social\/de\/place-boulderbar\/\" \/>\n<meta property=\"og:site_name\" content=\"Xperience\" \/>\n<meta property=\"article:publisher\" content=\"https:\/\/www.facebook.com\/Xperience-102305478105294\/\" \/>\n<meta property=\"article:modified_time\" content=\"2025-05-23T09:35:53+00:00\" \/>\n<meta property=\"og:image\" content=\"https:\/\/i0.wp.com\/xperience.social\/wp-content\/uploads\/2020\/12\/logo_social-scaled-scaled.webp?fit=1920%2C1920&ssl=1\" \/>\n\t<meta property=\"og:image:width\" content=\"1920\" \/>\n\t<meta property=\"og:image:height\" content=\"1920\" \/>\n\t<meta property=\"og:image:type\" content=\"image\/png\" \/>\n<meta name=\"twitter:card\" content=\"summary_large_image\" \/>\n<meta name=\"twitter:site\" content=\"@Xperien26941700\" \/>\n<meta name=\"twitter:label1\" content=\"Gesch\u00e4tzte Lesezeit\" \/>\n\t<meta name=\"twitter:data1\" content=\"1\u00a0Minute\" \/>\n<script type=\"application\/ld+json\" class=\"yoast-schema-graph\">{\"@context\":\"https:\\\/\\\/schema.org\",\"@graph\":[{\"@type\":\"WebPage\",\"@id\":\"https:\\\/\\\/xperience.social\\\/place-boulderbar\\\/\",\"url\":\"https:\\\/\\\/xperience.social\\\/place-boulderbar\\\/\",\"name\":\"Place - Boulderbar | Xperience\",\"isPartOf\":{\"@id\":\"https:\\\/\\\/xperience.social\\\/en\\\/#website\"},\"datePublished\":\"2025-04-23T18:59:34+00:00\",\"dateModified\":\"2025-05-23T09:35:53+00:00\",\"description\":\"Entdecke die Boulderbar Wien als einzigartige Location mit Sport, Community-Vibes & Bar. Jetzt coole Aktivit\u00e4ten erleben oder selbst hosten \u2013 mit Xperience!\",\"breadcrumb\":{\"@id\":\"https:\\\/\\\/xperience.social\\\/place-boulderbar\\\/#breadcrumb\"},\"inLanguage\":\"de\",\"potentialAction\":[{\"@type\":\"ReadAction\",\"target\":[\"https:\\\/\\\/xperience.social\\\/place-boulderbar\\\/\"]}]},{\"@type\":\"BreadcrumbList\",\"@id\":\"https:\\\/\\\/xperience.social\\\/place-boulderbar\\\/#breadcrumb\",\"itemListElement\":[{\"@type\":\"ListItem\",\"position\":1,\"name\":\"Home\",\"item\":\"https:\\\/\\\/xperience.social\\\/\"},{\"@type\":\"ListItem\",\"position\":2,\"name\":\"Place &#8211; Boulderbar\"}]},{\"@type\":\"WebSite\",\"@id\":\"https:\\\/\\\/xperience.social\\\/en\\\/#website\",\"url\":\"https:\\\/\\\/xperience.social\\\/en\\\/\",\"name\":\"Xperience\",\"description\":\"Create. Connect. Xperience.\",\"publisher\":{\"@id\":\"https:\\\/\\\/xperience.social\\\/en\\\/#organization\"},\"potentialAction\":[{\"@type\":\"SearchAction\",\"target\":{\"@type\":\"EntryPoint\",\"urlTemplate\":\"https:\\\/\\\/xperience.social\\\/en\\\/?s={search_term_string}\"},\"query-input\":{\"@type\":\"PropertyValueSpecification\",\"valueRequired\":true,\"valueName\":\"search_term_string\"}}],\"inLanguage\":\"de\"},{\"@type\":\"Organization\",\"@id\":\"https:\\\/\\\/xperience.social\\\/en\\\/#organization\",\"name\":\"Xperience\",\"url\":\"https:\\\/\\\/xperience.social\\\/en\\\/\",\"logo\":{\"@type\":\"ImageObject\",\"inLanguage\":\"de\",\"@id\":\"https:\\\/\\\/xperience.social\\\/en\\\/#\\\/schema\\\/logo\\\/image\\\/\",\"url\":\"https:\\\/\\\/xperience.social\\\/wp-content\\\/uploads\\\/2020\\\/12\\\/logo_social-scaled.png\",\"contentUrl\":\"https:\\\/\\\/xperience.social\\\/wp-content\\\/uploads\\\/2020\\\/12\\\/logo_social-scaled.png\",\"width\":2560,\"height\":2560,\"caption\":\"Xperience\"},\"image\":{\"@id\":\"https:\\\/\\\/xperience.social\\\/en\\\/#\\\/schema\\\/logo\\\/image\\\/\"},\"sameAs\":[\"https:\\\/\\\/www.facebook.com\\\/Xperience-102305478105294\\\/\",\"https:\\\/\\\/x.com\\\/Xperien26941700\",\"https:\\\/\\\/www.instagram.com\\\/create.connect.xperience\\\/?hl=de\",\"https:\\\/\\\/www.linkedin.com\\\/company\\\/create-connect-xperience\"]}]}<\/script>\n<!-- \/ Yoast SEO plugin. -->","yoast_head_json":{"title":"Place - Boulderbar | Xperience","description":"Entdecke die Boulderbar Wien als einzigartige Location mit Sport, Community-Vibes & Bar. Jetzt coole Aktivit\u00e4ten erleben oder selbst hosten \u2013 mit Xperience!","robots":{"index":"index","follow":"follow","max-snippet":"max-snippet:-1","max-image-preview":"max-image-preview:large","max-video-preview":"max-video-preview:-1"},"canonical":"https:\/\/xperience.social\/de\/place-boulderbar\/","og_locale":"de_DE","og_type":"article","og_title":"Place - Boulderbar | Xperience","og_description":"Entdecke die Boulderbar Wien als einzigartige Location mit Sport, Community-Vibes & Bar. Jetzt coole Aktivit\u00e4ten erleben oder selbst hosten \u2013 mit Xperience!","og_url":"https:\/\/xperience.social\/de\/place-boulderbar\/","og_site_name":"Xperience","article_publisher":"https:\/\/www.facebook.com\/Xperience-102305478105294\/","article_modified_time":"2025-05-23T09:35:53+00:00","og_image":[{"width":1920,"height":1920,"url":"https:\/\/i0.wp.com\/xperience.social\/wp-content\/uploads\/2020\/12\/logo_social-scaled-scaled.webp?fit=1920%2C1920&ssl=1","type":"image\/png"}],"twitter_card":"summary_large_image","twitter_site":"@Xperien26941700","twitter_misc":{"Gesch\u00e4tzte Lesezeit":"1\u00a0Minute"},"schema":{"@context":"https:\/\/schema.org","@graph":[{"@type":"WebPage","@id":"https:\/\/xperience.social\/place-boulderbar\/","url":"https:\/\/xperience.social\/place-boulderbar\/","name":"Place - Boulderbar | Xperience","isPartOf":{"@id":"https:\/\/xperience.social\/en\/#website"},"datePublished":"2025-04-23T18:59:34+00:00","dateModified":"2025-05-23T09:35:53+00:00","description":"Entdecke die Boulderbar Wien als einzigartige Location mit Sport, Community-Vibes & Bar. Jetzt coole Aktivit\u00e4ten erleben oder selbst hosten \u2013 mit Xperience!","breadcrumb":{"@id":"https:\/\/xperience.social\/place-boulderbar\/#breadcrumb"},"inLanguage":"de","potentialAction":[{"@type":"ReadAction","target":["https:\/\/xperience.social\/place-boulderbar\/"]}]},{"@type":"BreadcrumbList","@id":"https:\/\/xperience.social\/place-boulderbar\/#breadcrumb","itemListElement":[{"@type":"ListItem","position":1,"name":"Home","item":"https:\/\/xperience.social\/"},{"@type":"ListItem","position":2,"name":"Place &#8211; Boulderbar"}]},{"@type":"WebSite","@id":"https:\/\/xperience.social\/en\/#website","url":"https:\/\/xperience.social\/en\/","name":"Xperience","description":"Create. Connect. Xperience.","publisher":{"@id":"https:\/\/xperience.social\/en\/#organization"},"potentialAction":[{"@type":"SearchAction","target":{"@type":"EntryPoint","urlTemplate":"https:\/\/xperience.social\/en\/?s={search_term_string}"},"query-input":{"@type":"PropertyValueSpecification","valueRequired":true,"valueName":"search_term_string"}}],"inLanguage":"de"},{"@type":"Organization","@id":"https:\/\/xperience.social\/en\/#organization","name":"Xperience","url":"https:\/\/xperience.social\/en\/","logo":{"@type":"ImageObject","inLanguage":"de","@id":"https:\/\/xperience.social\/en\/#\/schema\/logo\/image\/","url":"https:\/\/xperience.social\/wp-content\/uploads\/2020\/12\/logo_social-scaled.png","contentUrl":"https:\/\/xperience.social\/wp-content\/uploads\/2020\/12\/logo_social-scaled.png","width":2560,"height":2560,"caption":"Xperience"},"image":{"@id":"https:\/\/xperience.social\/en\/#\/schema\/logo\/image\/"},"sameAs":["https:\/\/www.facebook.com\/Xperience-102305478105294\/","https:\/\/x.com\/Xperien26941700","https:\/\/www.instagram.com\/create.connect.xperience\/?hl=de","https:\/\/www.linkedin.com\/company\/create-connect-xperience"]}]}},"jetpack_sharing_enabled":true,"_links":{"self":[{"href":"https:\/\/xperience.social\/de\/wp-json\/wp\/v2\/pages\/8473","targetHints":{"allow":["GET"]}}],"collection":[{"href":"https:\/\/xperience.social\/de\/wp-json\/wp\/v2\/pages"}],"about":[{"href":"https:\/\/xperience.social\/de\/wp-json\/wp\/v2\/types\/page"}],"author":[{"embeddable":true,"href":"https:\/\/xperience.social\/de\/wp-json\/wp\/v2\/users\/4"}],"replies":[{"embeddable":true,"href":"https:\/\/xperience.social\/de\/wp-json\/wp\/v2\/comments?post=8473"}],"version-history":[{"count":10,"href":"https:\/\/xperience.social\/de\/wp-json\/wp\/v2\/pages\/8473\/revisions"}],"predecessor-version":[{"id":8500,"href":"https:\/\/xperience.social\/de\/wp-json\/wp\/v2\/pages\/8473\/revisions\/8500"}],"wp:attachment":[{"href":"https:\/\/xperience.social\/de\/wp-json\/wp\/v2\/media?parent=8473"}],"curies":[{"name":"wp","href":"https:\/\/api.w.org\/{rel}","templated":true}]}}