{"id":8508,"date":"2025-04-24T12:00:27","date_gmt":"2025-04-24T10:00:27","guid":{"rendered":"https:\/\/xperience.social\/?page_id=8508"},"modified":"2025-05-23T11:41:23","modified_gmt":"2025-05-23T09:41:23","slug":"place-charlie-ps","status":"publish","type":"page","link":"https:\/\/xperience.social\/de\/place-charlie-ps\/","title":{"rendered":"Place &#8211; Charlie P\u00b4s"},"content":{"rendered":"<div data-elementor-type=\"wp-page\" data-elementor-id=\"8508\" class=\"elementor elementor-8508\" data-elementor-post-type=\"page\">\n\t\t\t\t\t\t<section class=\"elementor-section elementor-top-section elementor-element elementor-element-ec152b2 elementor-section-boxed elementor-section-height-default elementor-section-height-default\" data-id=\"ec152b2\" data-element_type=\"section\" data-e-type=\"section\" data-settings=\"{&quot;background_background&quot;:&quot;classic&quot;}\">\n\t\t\t\t\t\t<div class=\"elementor-container elementor-column-gap-default\">\n\t\t\t\t\t<div class=\"elementor-column elementor-col-100 elementor-top-column elementor-element elementor-element-1c3b92e\" data-id=\"1c3b92e\" data-element_type=\"column\" data-e-type=\"column\">\n\t\t\t<div class=\"elementor-widget-wrap elementor-element-populated\">\n\t\t\t\t\t\t<div class=\"elementor-element elementor-element-801600d elementor-widget-tablet__width-initial elementor-absolute elementor-widget__width-initial elementor-widget elementor-widget-heading\" data-id=\"801600d\" data-element_type=\"widget\" data-e-type=\"widget\" data-settings=\"{&quot;_position&quot;:&quot;absolute&quot;}\" data-widget_type=\"heading.default\">\n\t\t\t\t<div class=\"elementor-widget-container\">\n\t\t\t\t\t<h2 class=\"elementor-heading-title elementor-size-default\">Charlie P\u00b4s<\/h2>\t\t\t\t<\/div>\n\t\t\t\t<\/div>\n\t\t\t\t<div class=\"elementor-element elementor-element-8cd278a elementor-widget-tablet__width-initial elementor-absolute elementor-widget__width-initial elementor-widget elementor-widget-text-editor\" data-id=\"8cd278a\" data-element_type=\"widget\" data-e-type=\"widget\" data-settings=\"{&quot;_position&quot;:&quot;absolute&quot;}\" data-widget_type=\"text-editor.default\">\n\t\t\t\t<div class=\"elementor-widget-container\">\n\t\t\t\t\t\t\t\t\t<p>Wo sich jede Nacht wie ein Freitag anf\u00fchlt<\/p>\t\t\t\t\t\t\t\t<\/div>\n\t\t\t\t<\/div>\n\t\t\t\t\t<\/div>\n\t\t<\/div>\n\t\t\t\t\t<\/div>\n\t\t<\/section>\n\t\t\t\t<section class=\"elementor-section elementor-top-section elementor-element elementor-element-d9332de elementor-section-boxed elementor-section-height-default elementor-section-height-default\" data-id=\"d9332de\" data-element_type=\"section\" data-e-type=\"section\">\n\t\t\t\t\t\t<div class=\"elementor-container elementor-column-gap-default\">\n\t\t\t\t\t<div class=\"elementor-column elementor-col-100 elementor-top-column elementor-element elementor-element-bb6b305\" data-id=\"bb6b305\" data-element_type=\"column\" data-e-type=\"column\">\n\t\t\t<div class=\"elementor-widget-wrap elementor-element-populated\">\n\t\t\t\t\t\t<div class=\"elementor-element elementor-element-80b05b0 elementor-widget elementor-widget-text-editor\" data-id=\"80b05b0\" data-element_type=\"widget\" data-e-type=\"widget\" data-widget_type=\"text-editor.default\">\n\t\t\t\t<div class=\"elementor-widget-container\">\n\t\t\t\t\t\t\t\t\t<p class=\"\" data-start=\"238\" data-end=\"606\"><strong>Charlie P's - Wiens internationales Wohnzimmer<\/strong><\/p><p class=\"\" data-start=\"238\" data-end=\"606\">Im Herzen des 9. Wiener Gemeindebezirks gelegen, bringt dieser kultige irische Gastropub seit 1997 Menschen zusammen. Ob Studierende, die nach einem langen Tag ausspannen wollen, Auswanderer, die ein St\u00fcck Heimat suchen, oder Einheimische, die eine garantiert gute Zeit haben wollen, Charlie P's zieht ein Publikum an, das so vielf\u00e4ltig ist wie seine Energie.<\/p><p class=\"\" data-start=\"608\" data-end=\"1032\">Tags\u00fcber ist es mit seiner gem\u00fctlichen Einrichtung und dem herzhaften Essen der perfekte Ort, um sich mit Freunden zu treffen oder ein Live-Spiel der Premier League zu sehen. Aber wenn die Nacht hereinbricht, verwandelt sich der Ort. Im Erdgeschoss \u00fcbernehmen DJs das Ruder und die Tanzfl\u00e4che erwacht zum Leben - man kann fast vergessen, dass man den Abend mit nur \u201eeinem Drink\u201c begonnen hat. Die Mischung aus Tradition und Nachtleben, Guinness und Cocktails, Gespr\u00e4chen und Tanzen - genau das macht das Charlie P's so einzigartig.<\/p><p class=\"\" data-start=\"1034\" data-end=\"1281\">F\u00fcr Xperience ist das Charlie P's mehr als nur ein Veranstaltungsort. Es ist ein sozialer Knotenpunkt, eine Anlaufstelle f\u00fcr spontane N\u00e4chte und gemeinsame Erinnerungen. Ob man zum ersten Mal kommt oder zum hundertsten Mal, man hat immer das Gef\u00fchl, dass etwas passieren wird.<\/p><p data-start=\"785\" data-end=\"1116\">Schau auf ihrer\u00a0<a href=\"https:\/\/www.charlieps.at\/en\/\"><span style=\"color: #ff7600;\">Website<\/span><\/a>\u00a0und auf Xperience vorbei!<\/p>\t\t\t\t\t\t\t\t<\/div>\n\t\t\t\t<\/div>\n\t\t\t\t\t<\/div>\n\t\t<\/div>\n\t\t\t\t\t<\/div>\n\t\t<\/section>\n\t\t\t\t<\/div>","protected":false},"excerpt":{"rendered":"<p>Charlie P\u00b4s Where Every Night Feels Like Friday Charlie P\u2019s &#8211; Viennas\u00b4s Interantional Living Room Nestled in the heart of Vienna\u2019s 9th district, this iconic Irish gastropub has been bringing people together since 1997. Whether it\u2019s students winding down after a long day, expats searching for a slice of home, or locals looking for a [&hellip;]<\/p>","protected":false},"author":4,"featured_media":0,"parent":0,"menu_order":0,"comment_status":"closed","ping_status":"closed","template":"","meta":{"site-sidebar-layout":"no-sidebar","site-content-layout":"page-builder","ast-site-content-layout":"full-width-container","site-content-style":"default","site-sidebar-style":"default","ast-global-header-display":"","ast-banner-title-visibility":"","ast-main-header-display":"","ast-hfb-above-header-display":"","ast-hfb-below-header-display":"","ast-hfb-mobile-header-display":"","site-post-title":"disabled","ast-breadcrumbs-content":"","ast-featured-img":"disabled","footer-sml-layout":"","ast-disable-related-posts":"","theme-transparent-header-meta":"","adv-header-id-meta":"","stick-header-meta":"","header-above-stick-meta":"","header-main-stick-meta":"","header-below-stick-meta":"","astra-migrate-meta-layouts":"set","ast-page-background-enabled":"default","ast-page-background-meta":{"desktop":{"background-color":"","background-image":"","background-repeat":"repeat","background-position":"center center","background-size":"auto","background-attachment":"scroll","background-type":"","background-media":"","overlay-type":"","overlay-color":"","overlay-opacity":"","overlay-gradient":""},"tablet":{"background-color":"","background-image":"","background-repeat":"repeat","background-position":"center center","background-size":"auto","background-attachment":"scroll","background-type":"","background-media":"","overlay-type":"","overlay-color":"","overlay-opacity":"","overlay-gradient":""},"mobile":{"background-color":"","background-image":"","background-repeat":"repeat","background-position":"center center","background-size":"auto","background-attachment":"scroll","background-type":"","background-media":"","overlay-type":"","overlay-color":"","overlay-opacity":"","overlay-gradient":""}},"ast-content-background-meta":{"desktop":{"background-color":"var(--ast-global-color-5)","background-image":"","background-repeat":"repeat","background-position":"center center","background-size":"auto","background-attachment":"scroll","background-type":"","background-media":"","overlay-type":"","overlay-color":"","overlay-opacity":"","overlay-gradient":""},"tablet":{"background-color":"var(--ast-global-color-5)","background-image":"","background-repeat":"repeat","background-position":"center center","background-size":"auto","background-attachment":"scroll","background-type":"","background-media":"","overlay-type":"","overlay-color":"","overlay-opacity":"","overlay-gradient":""},"mobile":{"background-color":"var(--ast-global-color-5)","background-image":"","background-repeat":"repeat","background-position":"center center","background-size":"auto","background-attachment":"scroll","background-type":"","background-media":"","overlay-type":"","overlay-color":"","overlay-opacity":"","overlay-gradient":""}},"footnotes":""},"class_list":["post-8508","page","type-page","status-publish","hentry"],"yoast_head":"<!-- This site is optimized with the Yoast SEO plugin v27.4 - https:\/\/yoast.com\/product\/yoast-seo-wordpress\/ -->\n<title>Place - Charlie P\u00b4s | Xperience<\/title>\n<meta name=\"description\" content=\"Entdecke Charlie P&#039;s Irish Pub in Wien als vielseitige Eventlocation mit authentischem Pub-Flair, Live-Musik, Sport\u00fcbertragungen und legend\u00e4ren Partys. Ideal f\u00fcr unvergessliche Events im Herzen der Stadt.\" \/>\n<meta name=\"robots\" content=\"index, follow, max-snippet:-1, max-image-preview:large, max-video-preview:-1\" \/>\n<link rel=\"canonical\" href=\"https:\/\/xperience.social\/de\/place-charlie-ps\/\" \/>\n<meta property=\"og:locale\" content=\"de_DE\" \/>\n<meta property=\"og:type\" content=\"article\" \/>\n<meta property=\"og:title\" content=\"Place - Charlie P\u00b4s | Xperience\" \/>\n<meta property=\"og:description\" content=\"Entdecke Charlie P&#039;s Irish Pub in Wien als vielseitige Eventlocation mit authentischem Pub-Flair, Live-Musik, Sport\u00fcbertragungen und legend\u00e4ren Partys. Ideal f\u00fcr unvergessliche Events im Herzen der Stadt.\" \/>\n<meta property=\"og:url\" content=\"https:\/\/xperience.social\/de\/place-charlie-ps\/\" \/>\n<meta property=\"og:site_name\" content=\"Xperience\" \/>\n<meta property=\"article:publisher\" content=\"https:\/\/www.facebook.com\/Xperience-102305478105294\/\" \/>\n<meta property=\"article:modified_time\" content=\"2025-05-23T09:41:23+00:00\" \/>\n<meta property=\"og:image\" content=\"https:\/\/i0.wp.com\/xperience.social\/wp-content\/uploads\/2020\/12\/logo_social-scaled-scaled.webp?fit=1920%2C1920&ssl=1\" \/>\n\t<meta property=\"og:image:width\" content=\"1920\" \/>\n\t<meta property=\"og:image:height\" content=\"1920\" \/>\n\t<meta property=\"og:image:type\" content=\"image\/png\" \/>\n<meta name=\"twitter:card\" content=\"summary_large_image\" \/>\n<meta name=\"twitter:site\" content=\"@Xperien26941700\" \/>\n<meta name=\"twitter:label1\" content=\"Gesch\u00e4tzte Lesezeit\" \/>\n\t<meta name=\"twitter:data1\" content=\"1\u00a0Minute\" \/>\n<script type=\"application\/ld+json\" class=\"yoast-schema-graph\">{\"@context\":\"https:\\\/\\\/schema.org\",\"@graph\":[{\"@type\":\"WebPage\",\"@id\":\"https:\\\/\\\/xperience.social\\\/place-charlie-ps\\\/\",\"url\":\"https:\\\/\\\/xperience.social\\\/place-charlie-ps\\\/\",\"name\":\"Place - Charlie P\u00b4s | Xperience\",\"isPartOf\":{\"@id\":\"https:\\\/\\\/xperience.social\\\/en\\\/#website\"},\"datePublished\":\"2025-04-24T10:00:27+00:00\",\"dateModified\":\"2025-05-23T09:41:23+00:00\",\"description\":\"Entdecke Charlie P's Irish Pub in Wien als vielseitige Eventlocation mit authentischem Pub-Flair, Live-Musik, Sport\u00fcbertragungen und legend\u00e4ren Partys. Ideal f\u00fcr unvergessliche Events im Herzen der Stadt.\",\"breadcrumb\":{\"@id\":\"https:\\\/\\\/xperience.social\\\/place-charlie-ps\\\/#breadcrumb\"},\"inLanguage\":\"de\",\"potentialAction\":[{\"@type\":\"ReadAction\",\"target\":[\"https:\\\/\\\/xperience.social\\\/place-charlie-ps\\\/\"]}]},{\"@type\":\"BreadcrumbList\",\"@id\":\"https:\\\/\\\/xperience.social\\\/place-charlie-ps\\\/#breadcrumb\",\"itemListElement\":[{\"@type\":\"ListItem\",\"position\":1,\"name\":\"Home\",\"item\":\"https:\\\/\\\/xperience.social\\\/\"},{\"@type\":\"ListItem\",\"position\":2,\"name\":\"Place &#8211; Charlie P\u00b4s\"}]},{\"@type\":\"WebSite\",\"@id\":\"https:\\\/\\\/xperience.social\\\/en\\\/#website\",\"url\":\"https:\\\/\\\/xperience.social\\\/en\\\/\",\"name\":\"Xperience\",\"description\":\"Create. Connect. Xperience.\",\"publisher\":{\"@id\":\"https:\\\/\\\/xperience.social\\\/en\\\/#organization\"},\"potentialAction\":[{\"@type\":\"SearchAction\",\"target\":{\"@type\":\"EntryPoint\",\"urlTemplate\":\"https:\\\/\\\/xperience.social\\\/en\\\/?s={search_term_string}\"},\"query-input\":{\"@type\":\"PropertyValueSpecification\",\"valueRequired\":true,\"valueName\":\"search_term_string\"}}],\"inLanguage\":\"de\"},{\"@type\":\"Organization\",\"@id\":\"https:\\\/\\\/xperience.social\\\/en\\\/#organization\",\"name\":\"Xperience\",\"url\":\"https:\\\/\\\/xperience.social\\\/en\\\/\",\"logo\":{\"@type\":\"ImageObject\",\"inLanguage\":\"de\",\"@id\":\"https:\\\/\\\/xperience.social\\\/en\\\/#\\\/schema\\\/logo\\\/image\\\/\",\"url\":\"https:\\\/\\\/xperience.social\\\/wp-content\\\/uploads\\\/2020\\\/12\\\/logo_social-scaled.png\",\"contentUrl\":\"https:\\\/\\\/xperience.social\\\/wp-content\\\/uploads\\\/2020\\\/12\\\/logo_social-scaled.png\",\"width\":2560,\"height\":2560,\"caption\":\"Xperience\"},\"image\":{\"@id\":\"https:\\\/\\\/xperience.social\\\/en\\\/#\\\/schema\\\/logo\\\/image\\\/\"},\"sameAs\":[\"https:\\\/\\\/www.facebook.com\\\/Xperience-102305478105294\\\/\",\"https:\\\/\\\/x.com\\\/Xperien26941700\",\"https:\\\/\\\/www.instagram.com\\\/create.connect.xperience\\\/?hl=de\",\"https:\\\/\\\/www.linkedin.com\\\/company\\\/create-connect-xperience\"]}]}<\/script>\n<!-- \/ Yoast SEO plugin. -->","yoast_head_json":{"title":"Place - Charlie P\u00b4s | Xperience","description":"Entdecke Charlie P's Irish Pub in Wien als vielseitige Eventlocation mit authentischem Pub-Flair, Live-Musik, Sport\u00fcbertragungen und legend\u00e4ren Partys. Ideal f\u00fcr unvergessliche Events im Herzen der Stadt.","robots":{"index":"index","follow":"follow","max-snippet":"max-snippet:-1","max-image-preview":"max-image-preview:large","max-video-preview":"max-video-preview:-1"},"canonical":"https:\/\/xperience.social\/de\/place-charlie-ps\/","og_locale":"de_DE","og_type":"article","og_title":"Place - Charlie P\u00b4s | Xperience","og_description":"Entdecke Charlie P's Irish Pub in Wien als vielseitige Eventlocation mit authentischem Pub-Flair, Live-Musik, Sport\u00fcbertragungen und legend\u00e4ren Partys. Ideal f\u00fcr unvergessliche Events im Herzen der Stadt.","og_url":"https:\/\/xperience.social\/de\/place-charlie-ps\/","og_site_name":"Xperience","article_publisher":"https:\/\/www.facebook.com\/Xperience-102305478105294\/","article_modified_time":"2025-05-23T09:41:23+00:00","og_image":[{"width":1920,"height":1920,"url":"https:\/\/i0.wp.com\/xperience.social\/wp-content\/uploads\/2020\/12\/logo_social-scaled-scaled.webp?fit=1920%2C1920&ssl=1","type":"image\/png"}],"twitter_card":"summary_large_image","twitter_site":"@Xperien26941700","twitter_misc":{"Gesch\u00e4tzte Lesezeit":"1\u00a0Minute"},"schema":{"@context":"https:\/\/schema.org","@graph":[{"@type":"WebPage","@id":"https:\/\/xperience.social\/place-charlie-ps\/","url":"https:\/\/xperience.social\/place-charlie-ps\/","name":"Place - Charlie P\u00b4s | Xperience","isPartOf":{"@id":"https:\/\/xperience.social\/en\/#website"},"datePublished":"2025-04-24T10:00:27+00:00","dateModified":"2025-05-23T09:41:23+00:00","description":"Entdecke Charlie P's Irish Pub in Wien als vielseitige Eventlocation mit authentischem Pub-Flair, Live-Musik, Sport\u00fcbertragungen und legend\u00e4ren Partys. Ideal f\u00fcr unvergessliche Events im Herzen der Stadt.","breadcrumb":{"@id":"https:\/\/xperience.social\/place-charlie-ps\/#breadcrumb"},"inLanguage":"de","potentialAction":[{"@type":"ReadAction","target":["https:\/\/xperience.social\/place-charlie-ps\/"]}]},{"@type":"BreadcrumbList","@id":"https:\/\/xperience.social\/place-charlie-ps\/#breadcrumb","itemListElement":[{"@type":"ListItem","position":1,"name":"Home","item":"https:\/\/xperience.social\/"},{"@type":"ListItem","position":2,"name":"Place &#8211; Charlie P\u00b4s"}]},{"@type":"WebSite","@id":"https:\/\/xperience.social\/en\/#website","url":"https:\/\/xperience.social\/en\/","name":"Xperience","description":"Create. Connect. Xperience.","publisher":{"@id":"https:\/\/xperience.social\/en\/#organization"},"potentialAction":[{"@type":"SearchAction","target":{"@type":"EntryPoint","urlTemplate":"https:\/\/xperience.social\/en\/?s={search_term_string}"},"query-input":{"@type":"PropertyValueSpecification","valueRequired":true,"valueName":"search_term_string"}}],"inLanguage":"de"},{"@type":"Organization","@id":"https:\/\/xperience.social\/en\/#organization","name":"Xperience","url":"https:\/\/xperience.social\/en\/","logo":{"@type":"ImageObject","inLanguage":"de","@id":"https:\/\/xperience.social\/en\/#\/schema\/logo\/image\/","url":"https:\/\/xperience.social\/wp-content\/uploads\/2020\/12\/logo_social-scaled.png","contentUrl":"https:\/\/xperience.social\/wp-content\/uploads\/2020\/12\/logo_social-scaled.png","width":2560,"height":2560,"caption":"Xperience"},"image":{"@id":"https:\/\/xperience.social\/en\/#\/schema\/logo\/image\/"},"sameAs":["https:\/\/www.facebook.com\/Xperience-102305478105294\/","https:\/\/x.com\/Xperien26941700","https:\/\/www.instagram.com\/create.connect.xperience\/?hl=de","https:\/\/www.linkedin.com\/company\/create-connect-xperience"]}]}},"jetpack_sharing_enabled":true,"_links":{"self":[{"href":"https:\/\/xperience.social\/de\/wp-json\/wp\/v2\/pages\/8508","targetHints":{"allow":["GET"]}}],"collection":[{"href":"https:\/\/xperience.social\/de\/wp-json\/wp\/v2\/pages"}],"about":[{"href":"https:\/\/xperience.social\/de\/wp-json\/wp\/v2\/types\/page"}],"author":[{"embeddable":true,"href":"https:\/\/xperience.social\/de\/wp-json\/wp\/v2\/users\/4"}],"replies":[{"embeddable":true,"href":"https:\/\/xperience.social\/de\/wp-json\/wp\/v2\/comments?post=8508"}],"version-history":[{"count":7,"href":"https:\/\/xperience.social\/de\/wp-json\/wp\/v2\/pages\/8508\/revisions"}],"predecessor-version":[{"id":8582,"href":"https:\/\/xperience.social\/de\/wp-json\/wp\/v2\/pages\/8508\/revisions\/8582"}],"wp:attachment":[{"href":"https:\/\/xperience.social\/de\/wp-json\/wp\/v2\/media?parent=8508"}],"curies":[{"name":"wp","href":"https:\/\/api.w.org\/{rel}","templated":true}]}}