{"id":8553,"date":"2025-04-25T11:23:16","date_gmt":"2025-04-25T09:23:16","guid":{"rendered":"https:\/\/xperience.social\/?page_id=8553"},"modified":"2025-05-23T11:47:36","modified_gmt":"2025-05-23T09:47:36","slug":"place-wutstock","status":"publish","type":"page","link":"https:\/\/xperience.social\/de\/place-wutstock\/","title":{"rendered":"Place &#8211; Wutstock"},"content":{"rendered":"<div data-elementor-type=\"wp-page\" data-elementor-id=\"8553\" class=\"elementor elementor-8553\" data-elementor-post-type=\"page\">\n\t\t\t\t\t\t<section class=\"elementor-section elementor-top-section elementor-element elementor-element-ec152b2 elementor-section-boxed elementor-section-height-default elementor-section-height-default\" data-id=\"ec152b2\" data-element_type=\"section\" data-e-type=\"section\" data-settings=\"{&quot;background_background&quot;:&quot;classic&quot;}\">\n\t\t\t\t\t\t<div class=\"elementor-container elementor-column-gap-default\">\n\t\t\t\t\t<div class=\"elementor-column elementor-col-100 elementor-top-column elementor-element elementor-element-1c3b92e\" data-id=\"1c3b92e\" data-element_type=\"column\" data-e-type=\"column\">\n\t\t\t<div class=\"elementor-widget-wrap elementor-element-populated\">\n\t\t\t\t\t\t<div class=\"elementor-element elementor-element-801600d elementor-widget-tablet__width-initial elementor-absolute elementor-widget__width-initial elementor-widget elementor-widget-heading\" data-id=\"801600d\" data-element_type=\"widget\" data-e-type=\"widget\" data-settings=\"{&quot;_position&quot;:&quot;absolute&quot;}\" data-widget_type=\"heading.default\">\n\t\t\t\t<div class=\"elementor-widget-container\">\n\t\t\t\t\t<h2 class=\"elementor-heading-title elementor-size-default\">Wutstock<\/h2>\t\t\t\t<\/div>\n\t\t\t\t<\/div>\n\t\t\t\t<div class=\"elementor-element elementor-element-8cd278a elementor-widget-tablet__width-initial elementor-absolute elementor-widget__width-initial elementor-widget elementor-widget-text-editor\" data-id=\"8cd278a\" data-element_type=\"widget\" data-e-type=\"widget\" data-settings=\"{&quot;_position&quot;:&quot;absolute&quot;}\" data-widget_type=\"text-editor.default\">\n\t\t\t\t<div class=\"elementor-widget-container\">\n\t\t\t\t\t\t\t\t\t<p>Entfessle Deine Innere Wut<\/p>\t\t\t\t\t\t\t\t<\/div>\n\t\t\t\t<\/div>\n\t\t\t\t\t<\/div>\n\t\t<\/div>\n\t\t\t\t\t<\/div>\n\t\t<\/section>\n\t\t\t\t<section class=\"elementor-section elementor-top-section elementor-element elementor-element-d9332de elementor-section-boxed elementor-section-height-default elementor-section-height-default\" data-id=\"d9332de\" data-element_type=\"section\" data-e-type=\"section\">\n\t\t\t\t\t\t<div class=\"elementor-container elementor-column-gap-default\">\n\t\t\t\t\t<div class=\"elementor-column elementor-col-100 elementor-top-column elementor-element elementor-element-bb6b305\" data-id=\"bb6b305\" data-element_type=\"column\" data-e-type=\"column\">\n\t\t\t<div class=\"elementor-widget-wrap elementor-element-populated\">\n\t\t\t\t\t\t<div class=\"elementor-element elementor-element-80b05b0 elementor-widget elementor-widget-text-editor\" data-id=\"80b05b0\" data-element_type=\"widget\" data-e-type=\"widget\" data-widget_type=\"text-editor.default\">\n\t\t\t\t<div class=\"elementor-widget-container\">\n\t\t\t\t\t\t\t\t\t<p class=\"\" data-start=\"186\" data-end=\"230\"><strong data-start=\"186\" data-end=\"230\">WUTSTOCK - Wiens Wutraum Erlebnis<\/strong><\/p><p class=\"translation-block\" data-start=\"232\" data-end=\"419\">Hattest du schon einmal das Bed\u00fcrfnis, dich auf eine sichere und erheiternde Weise auszutoben? WUTSTOCK bietet dir genau das - einen speziellen Raum in Wien, in dem du deine Frust ablassen kannst, indem du Gegenst\u00e4nde wie Teller, Gl\u00e4ser und vieles mehr zerschl\u00e4gst. Ausgestattet mit Schutzausr\u00fcstung und Werkzeug wie H\u00e4mmern und Baseballschl\u00e4gern kannst du deinem inneren Zorn freien Lauf lassen, ohne dass es zu Konsequenzen kommt.<\/p><p class=\"translation-block\" data-start=\"421\" data-end=\"578\">WUTSTOCK befindet sich am Landstra\u00dfer G\u00fcrtel 41, 1030 Wien, und bietet verschiedene Pakete an. Egal, ob du allein oder mit einer Gruppe (bis zu 6 Personen) kommst, es ist eine Erfahrung, die sowohl therapeutisch als auch unterhaltsam ist. Du kannst sogar deine eigene Musik mitbringen, um die Stimmung zu verbessern.<\/p><p class=\"\" data-start=\"580\" data-end=\"661\"><span class=\"relative -mx-px my-[-0.2rem] rounded px-px py-[0.2rem] transition-colors duration-100 ease-in-out\">F\u00fcr Xperience stellt WUTSTOCK eine einzigartige Mischung aus Emotion, Energie und Gemeinschaft dar - ein Ort, an dem man sich in einer unkonventionellen, aber befreienden Umgebung vom Alltagsstress l\u00f6sen kann.<\/span><\/p><p data-start=\"785\" data-end=\"1116\">Schau auf ihrer\u00a0<a href=\"https:\/\/www.wutstock.at\/\"><span style=\"color: #ff7600;\">Website<\/span><\/a>\u00a0und auf Xperience vorbei!<\/p>\t\t\t\t\t\t\t\t<\/div>\n\t\t\t\t<\/div>\n\t\t\t\t\t<\/div>\n\t\t<\/div>\n\t\t\t\t\t<\/div>\n\t\t<\/section>\n\t\t\t\t<\/div>","protected":false},"excerpt":{"rendered":"<p>Wutstock Unleash Your Inner Fury WUTSTOCK \u2013 Vienna\u2019s Rage Room Experience Ever felt the need to let off steam in a safe and exhilarating way? WUTSTOCK offers you just that\u2014a dedicated space in Vienna where you can channel your frustration by smashing objects like plates, glasses, and more. Equipped with protective gear and tools such [&hellip;]<\/p>","protected":false},"author":4,"featured_media":0,"parent":0,"menu_order":0,"comment_status":"closed","ping_status":"closed","template":"","meta":{"site-sidebar-layout":"no-sidebar","site-content-layout":"page-builder","ast-site-content-layout":"full-width-container","site-content-style":"default","site-sidebar-style":"default","ast-global-header-display":"","ast-banner-title-visibility":"","ast-main-header-display":"","ast-hfb-above-header-display":"","ast-hfb-below-header-display":"","ast-hfb-mobile-header-display":"","site-post-title":"disabled","ast-breadcrumbs-content":"","ast-featured-img":"disabled","footer-sml-layout":"","ast-disable-related-posts":"","theme-transparent-header-meta":"","adv-header-id-meta":"","stick-header-meta":"","header-above-stick-meta":"","header-main-stick-meta":"","header-below-stick-meta":"","astra-migrate-meta-layouts":"set","ast-page-background-enabled":"default","ast-page-background-meta":{"desktop":{"background-color":"","background-image":"","background-repeat":"repeat","background-position":"center center","background-size":"auto","background-attachment":"scroll","background-type":"","background-media":"","overlay-type":"","overlay-color":"","overlay-opacity":"","overlay-gradient":""},"tablet":{"background-color":"","background-image":"","background-repeat":"repeat","background-position":"center center","background-size":"auto","background-attachment":"scroll","background-type":"","background-media":"","overlay-type":"","overlay-color":"","overlay-opacity":"","overlay-gradient":""},"mobile":{"background-color":"","background-image":"","background-repeat":"repeat","background-position":"center center","background-size":"auto","background-attachment":"scroll","background-type":"","background-media":"","overlay-type":"","overlay-color":"","overlay-opacity":"","overlay-gradient":""}},"ast-content-background-meta":{"desktop":{"background-color":"var(--ast-global-color-5)","background-image":"","background-repeat":"repeat","background-position":"center center","background-size":"auto","background-attachment":"scroll","background-type":"","background-media":"","overlay-type":"","overlay-color":"","overlay-opacity":"","overlay-gradient":""},"tablet":{"background-color":"var(--ast-global-color-5)","background-image":"","background-repeat":"repeat","background-position":"center center","background-size":"auto","background-attachment":"scroll","background-type":"","background-media":"","overlay-type":"","overlay-color":"","overlay-opacity":"","overlay-gradient":""},"mobile":{"background-color":"var(--ast-global-color-5)","background-image":"","background-repeat":"repeat","background-position":"center center","background-size":"auto","background-attachment":"scroll","background-type":"","background-media":"","overlay-type":"","overlay-color":"","overlay-opacity":"","overlay-gradient":""}},"footnotes":""},"class_list":["post-8553","page","type-page","status-publish","hentry"],"yoast_head":"<!-- This site is optimized with the Yoast SEO plugin v27.5 - https:\/\/yoast.com\/product\/yoast-seo-wordpress\/ -->\n<title>Place - Wutstock | Xperience<\/title>\n<meta name=\"description\" content=\"Erlebe mit der Wutstock Wien Eventlocation die einzigartige M\u00f6glichkeit, Frust und Stress in einem sicheren Raum abzubauen - f\u00fcr ein befreiendes Erlebnis im Herzen von Wien.\" \/>\n<meta name=\"robots\" content=\"index, follow, max-snippet:-1, max-image-preview:large, max-video-preview:-1\" \/>\n<link rel=\"canonical\" href=\"https:\/\/xperience.social\/de\/place-wutstock\/\" \/>\n<meta property=\"og:locale\" content=\"de_DE\" \/>\n<meta property=\"og:type\" content=\"article\" \/>\n<meta property=\"og:title\" content=\"Place - Wutstock | Xperience\" \/>\n<meta property=\"og:description\" content=\"Erlebe mit der Wutstock Wien Eventlocation die einzigartige M\u00f6glichkeit, Frust und Stress in einem sicheren Raum abzubauen - f\u00fcr ein befreiendes Erlebnis im Herzen von Wien.\" \/>\n<meta property=\"og:url\" content=\"https:\/\/xperience.social\/de\/place-wutstock\/\" \/>\n<meta property=\"og:site_name\" content=\"Xperience\" \/>\n<meta property=\"article:publisher\" content=\"https:\/\/www.facebook.com\/Xperience-102305478105294\/\" \/>\n<meta property=\"article:modified_time\" content=\"2025-05-23T09:47:36+00:00\" \/>\n<meta property=\"og:image\" content=\"https:\/\/i0.wp.com\/xperience.social\/wp-content\/uploads\/2020\/12\/logo_social-scaled-scaled.webp?fit=1920%2C1920&ssl=1\" \/>\n\t<meta property=\"og:image:width\" content=\"1920\" \/>\n\t<meta property=\"og:image:height\" content=\"1920\" \/>\n\t<meta property=\"og:image:type\" content=\"image\/png\" \/>\n<meta name=\"twitter:card\" content=\"summary_large_image\" \/>\n<meta name=\"twitter:site\" content=\"@Xperien26941700\" \/>\n<meta name=\"twitter:label1\" content=\"Gesch\u00e4tzte Lesezeit\" \/>\n\t<meta name=\"twitter:data1\" content=\"1\u00a0Minute\" \/>\n<script type=\"application\/ld+json\" class=\"yoast-schema-graph\">{\"@context\":\"https:\\\/\\\/schema.org\",\"@graph\":[{\"@type\":\"WebPage\",\"@id\":\"https:\\\/\\\/xperience.social\\\/place-wutstock\\\/\",\"url\":\"https:\\\/\\\/xperience.social\\\/place-wutstock\\\/\",\"name\":\"Place - Wutstock | Xperience\",\"isPartOf\":{\"@id\":\"https:\\\/\\\/xperience.social\\\/en\\\/#website\"},\"datePublished\":\"2025-04-25T09:23:16+00:00\",\"dateModified\":\"2025-05-23T09:47:36+00:00\",\"description\":\"Erlebe mit der Wutstock Wien Eventlocation die einzigartige M\u00f6glichkeit, Frust und Stress in einem sicheren Raum abzubauen - f\u00fcr ein befreiendes Erlebnis im Herzen von Wien.\",\"breadcrumb\":{\"@id\":\"https:\\\/\\\/xperience.social\\\/place-wutstock\\\/#breadcrumb\"},\"inLanguage\":\"de\",\"potentialAction\":[{\"@type\":\"ReadAction\",\"target\":[\"https:\\\/\\\/xperience.social\\\/place-wutstock\\\/\"]}]},{\"@type\":\"BreadcrumbList\",\"@id\":\"https:\\\/\\\/xperience.social\\\/place-wutstock\\\/#breadcrumb\",\"itemListElement\":[{\"@type\":\"ListItem\",\"position\":1,\"name\":\"Home\",\"item\":\"https:\\\/\\\/xperience.social\\\/\"},{\"@type\":\"ListItem\",\"position\":2,\"name\":\"Place &#8211; Wutstock\"}]},{\"@type\":\"WebSite\",\"@id\":\"https:\\\/\\\/xperience.social\\\/en\\\/#website\",\"url\":\"https:\\\/\\\/xperience.social\\\/en\\\/\",\"name\":\"Xperience\",\"description\":\"Create. Connect. Xperience.\",\"publisher\":{\"@id\":\"https:\\\/\\\/xperience.social\\\/en\\\/#organization\"},\"potentialAction\":[{\"@type\":\"SearchAction\",\"target\":{\"@type\":\"EntryPoint\",\"urlTemplate\":\"https:\\\/\\\/xperience.social\\\/en\\\/?s={search_term_string}\"},\"query-input\":{\"@type\":\"PropertyValueSpecification\",\"valueRequired\":true,\"valueName\":\"search_term_string\"}}],\"inLanguage\":\"de\"},{\"@type\":\"Organization\",\"@id\":\"https:\\\/\\\/xperience.social\\\/en\\\/#organization\",\"name\":\"Xperience\",\"url\":\"https:\\\/\\\/xperience.social\\\/en\\\/\",\"logo\":{\"@type\":\"ImageObject\",\"inLanguage\":\"de\",\"@id\":\"https:\\\/\\\/xperience.social\\\/en\\\/#\\\/schema\\\/logo\\\/image\\\/\",\"url\":\"https:\\\/\\\/xperience.social\\\/wp-content\\\/uploads\\\/2020\\\/12\\\/logo_social-scaled.png\",\"contentUrl\":\"https:\\\/\\\/xperience.social\\\/wp-content\\\/uploads\\\/2020\\\/12\\\/logo_social-scaled.png\",\"width\":2560,\"height\":2560,\"caption\":\"Xperience\"},\"image\":{\"@id\":\"https:\\\/\\\/xperience.social\\\/en\\\/#\\\/schema\\\/logo\\\/image\\\/\"},\"sameAs\":[\"https:\\\/\\\/www.facebook.com\\\/Xperience-102305478105294\\\/\",\"https:\\\/\\\/x.com\\\/Xperien26941700\",\"https:\\\/\\\/www.instagram.com\\\/create.connect.xperience\\\/?hl=de\",\"https:\\\/\\\/www.linkedin.com\\\/company\\\/create-connect-xperience\"]}]}<\/script>\n<!-- \/ Yoast SEO plugin. -->","yoast_head_json":{"title":"Place - Wutstock | Xperience","description":"Erlebe mit der Wutstock Wien Eventlocation die einzigartige M\u00f6glichkeit, Frust und Stress in einem sicheren Raum abzubauen - f\u00fcr ein befreiendes Erlebnis im Herzen von Wien.","robots":{"index":"index","follow":"follow","max-snippet":"max-snippet:-1","max-image-preview":"max-image-preview:large","max-video-preview":"max-video-preview:-1"},"canonical":"https:\/\/xperience.social\/de\/place-wutstock\/","og_locale":"de_DE","og_type":"article","og_title":"Place - Wutstock | Xperience","og_description":"Erlebe mit der Wutstock Wien Eventlocation die einzigartige M\u00f6glichkeit, Frust und Stress in einem sicheren Raum abzubauen - f\u00fcr ein befreiendes Erlebnis im Herzen von Wien.","og_url":"https:\/\/xperience.social\/de\/place-wutstock\/","og_site_name":"Xperience","article_publisher":"https:\/\/www.facebook.com\/Xperience-102305478105294\/","article_modified_time":"2025-05-23T09:47:36+00:00","og_image":[{"width":1920,"height":1920,"url":"https:\/\/i0.wp.com\/xperience.social\/wp-content\/uploads\/2020\/12\/logo_social-scaled-scaled.webp?fit=1920%2C1920&ssl=1","type":"image\/png"}],"twitter_card":"summary_large_image","twitter_site":"@Xperien26941700","twitter_misc":{"Gesch\u00e4tzte Lesezeit":"1\u00a0Minute"},"schema":{"@context":"https:\/\/schema.org","@graph":[{"@type":"WebPage","@id":"https:\/\/xperience.social\/place-wutstock\/","url":"https:\/\/xperience.social\/place-wutstock\/","name":"Place - Wutstock | Xperience","isPartOf":{"@id":"https:\/\/xperience.social\/en\/#website"},"datePublished":"2025-04-25T09:23:16+00:00","dateModified":"2025-05-23T09:47:36+00:00","description":"Erlebe mit der Wutstock Wien Eventlocation die einzigartige M\u00f6glichkeit, Frust und Stress in einem sicheren Raum abzubauen - f\u00fcr ein befreiendes Erlebnis im Herzen von Wien.","breadcrumb":{"@id":"https:\/\/xperience.social\/place-wutstock\/#breadcrumb"},"inLanguage":"de","potentialAction":[{"@type":"ReadAction","target":["https:\/\/xperience.social\/place-wutstock\/"]}]},{"@type":"BreadcrumbList","@id":"https:\/\/xperience.social\/place-wutstock\/#breadcrumb","itemListElement":[{"@type":"ListItem","position":1,"name":"Home","item":"https:\/\/xperience.social\/"},{"@type":"ListItem","position":2,"name":"Place &#8211; Wutstock"}]},{"@type":"WebSite","@id":"https:\/\/xperience.social\/en\/#website","url":"https:\/\/xperience.social\/en\/","name":"Xperience","description":"Create. Connect. Xperience.","publisher":{"@id":"https:\/\/xperience.social\/en\/#organization"},"potentialAction":[{"@type":"SearchAction","target":{"@type":"EntryPoint","urlTemplate":"https:\/\/xperience.social\/en\/?s={search_term_string}"},"query-input":{"@type":"PropertyValueSpecification","valueRequired":true,"valueName":"search_term_string"}}],"inLanguage":"de"},{"@type":"Organization","@id":"https:\/\/xperience.social\/en\/#organization","name":"Xperience","url":"https:\/\/xperience.social\/en\/","logo":{"@type":"ImageObject","inLanguage":"de","@id":"https:\/\/xperience.social\/en\/#\/schema\/logo\/image\/","url":"https:\/\/xperience.social\/wp-content\/uploads\/2020\/12\/logo_social-scaled.png","contentUrl":"https:\/\/xperience.social\/wp-content\/uploads\/2020\/12\/logo_social-scaled.png","width":2560,"height":2560,"caption":"Xperience"},"image":{"@id":"https:\/\/xperience.social\/en\/#\/schema\/logo\/image\/"},"sameAs":["https:\/\/www.facebook.com\/Xperience-102305478105294\/","https:\/\/x.com\/Xperien26941700","https:\/\/www.instagram.com\/create.connect.xperience\/?hl=de","https:\/\/www.linkedin.com\/company\/create-connect-xperience"]}]}},"jetpack_sharing_enabled":true,"_links":{"self":[{"href":"https:\/\/xperience.social\/de\/wp-json\/wp\/v2\/pages\/8553","targetHints":{"allow":["GET"]}}],"collection":[{"href":"https:\/\/xperience.social\/de\/wp-json\/wp\/v2\/pages"}],"about":[{"href":"https:\/\/xperience.social\/de\/wp-json\/wp\/v2\/types\/page"}],"author":[{"embeddable":true,"href":"https:\/\/xperience.social\/de\/wp-json\/wp\/v2\/users\/4"}],"replies":[{"embeddable":true,"href":"https:\/\/xperience.social\/de\/wp-json\/wp\/v2\/comments?post=8553"}],"version-history":[{"count":6,"href":"https:\/\/xperience.social\/de\/wp-json\/wp\/v2\/pages\/8553\/revisions"}],"predecessor-version":[{"id":8561,"href":"https:\/\/xperience.social\/de\/wp-json\/wp\/v2\/pages\/8553\/revisions\/8561"}],"wp:attachment":[{"href":"https:\/\/xperience.social\/de\/wp-json\/wp\/v2\/media?parent=8553"}],"curies":[{"name":"wp","href":"https:\/\/api.w.org\/{rel}","templated":true}]}}