{"id":8607,"date":"2025-04-26T13:09:47","date_gmt":"2025-04-26T11:09:47","guid":{"rendered":"https:\/\/xperience.social\/revocation_policy_for_digital_content\/"},"modified":"2025-05-15T18:41:03","modified_gmt":"2025-05-15T16:41:03","slug":"revocation_policy_for_digital_content","status":"publish","type":"page","link":"https:\/\/xperience.social\/de\/revocation_policy_for_digital_content\/","title":{"rendered":"Widerrufsbelehrung f\u00fcr digitale Inhalte"},"content":{"rendered":"<p><strong>Belehrung der Verbraucher \u00fcber den Widerruf von Vertr\u00e4gen \u00fcber die Lieferung digitaler Inhalte, die nicht auf einem physischen Datentr\u00e4ger geliefert werden<\/strong><\/p>\n<p><em>Widerrufsbelehrung<\/em><br \/>\nEin Verbraucher ist jede nat\u00fcrliche Person, die ein Rechtsgesch\u00e4ft zu Zwecken abschlie\u00dft, die \u00fcberwiegend weder ihrer gewerblichen noch ihrer selbst\u00e4ndigen beruflichen T\u00e4tigkeit zugerechnet werden k\u00f6nnen.<\/p>\n<p><em>Recht auf Widerruf<\/em><br \/>\nSie haben das Recht, binnen vierzehn Tagen ohne Angabe von Gr\u00fcnden diesen Vertrag zu widerrufen, beginnend mit dem Tag des Vertragsabschlusses. Um Ihr Widerrufsrecht auszu\u00fcben, m\u00fcssen Sie uns (Xperience App &amp; Lifestyle GmbH, Am Gr\u00fcnen Prater 8\/11, 1020 Wien, business@create-xperience.com) mittels einer eindeutigen Erkl\u00e4rung (z.B. ein mit der Post versandter Brief oder ein E-Mail) \u00fcber Ihren Entschluss, diesen Vertrag zu widerrufen, informieren. Sie k\u00f6nnen - m\u00fcssen aber nicht - das dieser Widerrufsbelehrung beigef\u00fcgte Muster-Widerrufsformular verwenden. Zur Wahrung der Widerrufsfrist reicht es aus, dass Sie die Mitteilung \u00fcber die Aus\u00fcbung des Widerrufsrechts vor Ablauf der Widerrufsfrist absenden.<\/p>\n<p><em>Folgen des Widerrufs<\/em><br \/>\nWenn Sie diesen Vertrag widerrufen, haben wir Ihnen alle Zahlungen, die wir von Ihnen erhalten haben (einschlie\u00dflich der Lieferkosten, mit Ausnahme der zus\u00e4tzlichen Kosten, die sich daraus ergeben, dass Sie eine andere Art der Lieferung als die von uns angebotene, g\u00fcnstigste Standardlieferung gew\u00e4hlt haben), unverz\u00fcglich und sp\u00e4testens binnen vierzehn Tagen ab dem Tag zur\u00fcckzuzahlen, an dem die Mitteilung \u00fcber Ihren Widerruf dieses Vertrags bei uns eingegangen ist. F\u00fcr diese R\u00fcckzahlung verwenden wir dasselbe Zahlungsmittel, das Sie bei der urspr\u00fcnglichen Transaktion eingesetzt haben, es sei denn, mit Ihnen wurde ausdr\u00fccklich etwas anderes vereinbart; in keinem Fall werden Ihnen wegen dieser R\u00fcckzahlung Entgelte berechnet.<\/p>\n<p><em>Muster-Widerrufsformular<\/em><br \/>\n(Wenn Sie den Vertrag widerrufen wollen, dann f\u00fcllen Sie bitte dieses Formular aus und senden Sie es an uns zur\u00fcck.)<br \/>\n\u2013 An Xperience App &amp; Lifestyle GmbH, Am Gr\u00fcnen Prater 8\/11, 1020 Vienna, business@create-xperience.com<br \/>\n\u2013 Hiermit widerrufe(n) ich\/wir (*) den von mir\/uns (*) abgeschlossenen Vertrag \u00fcber den Kauf der folgenden Waren (*)\/die Erbringung der folgenden Dienstleistung (*)<br \/>\n\u2013 Bestellt (*)\/Erhalten (*)<br \/>\n\u2013 Name des\/der Verbraucher(s)<br \/>\n\u2013 Anschrift des\/der Verbraucher(s)<br \/>\n\u2013 Unterschrift des\/der Verbraucher(s) (nur erforderlich, wenn der Widerruf in Papierform eingereicht wird)<br \/>\n\u2013 Datum<br \/>\n&#8212;&#8212;&#8212;&#8212;&#8212;&#8212;&#8212;&#8212;&#8212;&#8212;&#8212;&#8212;&#8212;<br \/>\n(*) Nichtzutreffendes streichen.<\/p>\n<p><em>Ausschluss und vorzeitiges Erl\u00f6schen des Widerrufsrechtes<\/em><br \/>\nDas Widerrufsrecht gilt nicht f\u00fcr Vertr\u00e4ge \u00fcber die Lieferung von digitalen Inhalten, die nicht vorgefertigt sind und f\u00fcr deren Herstellung eine individuelle Auswahl oder Bestimmung durch den Verbraucher ma\u00dfgeblich ist oder die eindeutig auf die pers\u00f6nlichen Bed\u00fcrfnisse des Verbrauchers zugeschnitten sind.<br \/>\nDas Widerrufsrecht erlischt vorzeitig, wenn wir mit der Ausf\u00fchrung des Vertrages erst begonnen haben, nachdem Sie a) Ihre ausdr\u00fcckliche Zustimmung hierzu erteilt und gleichzeitig Ihre Kenntnis davon best\u00e4tigt haben, dass Sie Ihr Widerrufsrecht mit Beginn der Ausf\u00fchrung des Vertrages durch uns verlieren, und b) wir Ihnen den Inhalt Ihrer Erkl\u00e4rung auf einem dauerhaften Datentr\u00e4ger innerhalb einer angemessenen Frist nach Vertragsschluss, sp\u00e4testens jedoch bei Lieferung der Ware bzw. vor Beginn der Ausf\u00fchrung der Dienstleistung, zur Verf\u00fcgung gestellt haben. Wir weisen darauf hin, dass wir das Zustandekommen des Vertrages von der vorgenannten Zustimmung und Best\u00e4tigung abh\u00e4ngig machen k\u00f6nnen. Das Widerrufsrecht erlischt vorzeitig, wenn wir mit der Ausf\u00fchrung des Vertrages erst begonnen haben, nachdem Sie Ihre ausdr\u00fcckliche Zustimmung hierzu erteilt und gleichzeitig Ihre Kenntnis davon best\u00e4tigt haben, dass Sie Ihr Widerrufsrecht mit Beginn der Ausf\u00fchrung des Vertrages unsererseits verlieren. Wir weisen darauf hin, dass wir das Zustandekommen des Vertrages von der vorgenannten Zustimmung und Best\u00e4tigung abh\u00e4ngig machen k\u00f6nnen.<\/p>","protected":false},"excerpt":{"rendered":"<p>Notice for consumers on the cancellation of contracts for the supply of digital content not supplied on a physical medium Cancellation policy A consumer is any natural person who completes a legal transaction for purposes that are for the most part not attributable to any professional activity of either a commercial or self-employed nature they [&hellip;]<\/p>","protected":false},"author":4,"featured_media":0,"parent":0,"menu_order":0,"comment_status":"closed","ping_status":"closed","template":"","meta":{"site-sidebar-layout":"default","site-content-layout":"","ast-site-content-layout":"default","site-content-style":"default","site-sidebar-style":"default","ast-global-header-display":"","ast-banner-title-visibility":"","ast-main-header-display":"","ast-hfb-above-header-display":"","ast-hfb-below-header-display":"","ast-hfb-mobile-header-display":"","site-post-title":"","ast-breadcrumbs-content":"","ast-featured-img":"","footer-sml-layout":"","ast-disable-related-posts":"","theme-transparent-header-meta":"","adv-header-id-meta":"","stick-header-meta":"","header-above-stick-meta":"","header-main-stick-meta":"","header-below-stick-meta":"","astra-migrate-meta-layouts":"set","ast-page-background-enabled":"default","ast-page-background-meta":{"desktop":{"background-color":"","background-image":"","background-repeat":"repeat","background-position":"center center","background-size":"auto","background-attachment":"scroll","background-type":"","background-media":"","overlay-type":"","overlay-color":"","overlay-opacity":"","overlay-gradient":""},"tablet":{"background-color":"","background-image":"","background-repeat":"repeat","background-position":"center center","background-size":"auto","background-attachment":"scroll","background-type":"","background-media":"","overlay-type":"","overlay-color":"","overlay-opacity":"","overlay-gradient":""},"mobile":{"background-color":"","background-image":"","background-repeat":"repeat","background-position":"center center","background-size":"auto","background-attachment":"scroll","background-type":"","background-media":"","overlay-type":"","overlay-color":"","overlay-opacity":"","overlay-gradient":""}},"ast-content-background-meta":{"desktop":{"background-color":"var(--ast-global-color-5)","background-image":"","background-repeat":"repeat","background-position":"center center","background-size":"auto","background-attachment":"scroll","background-type":"","background-media":"","overlay-type":"","overlay-color":"","overlay-opacity":"","overlay-gradient":""},"tablet":{"background-color":"var(--ast-global-color-5)","background-image":"","background-repeat":"repeat","background-position":"center center","background-size":"auto","background-attachment":"scroll","background-type":"","background-media":"","overlay-type":"","overlay-color":"","overlay-opacity":"","overlay-gradient":""},"mobile":{"background-color":"var(--ast-global-color-5)","background-image":"","background-repeat":"repeat","background-position":"center center","background-size":"auto","background-attachment":"scroll","background-type":"","background-media":"","overlay-type":"","overlay-color":"","overlay-opacity":"","overlay-gradient":""}},"footnotes":""},"class_list":["post-8607","page","type-page","status-publish","hentry"],"yoast_head":"<!-- This site is optimized with the Yoast SEO plugin v27.4 - https:\/\/yoast.com\/product\/yoast-seo-wordpress\/ -->\n<title>Revocation Policy for Digital Content | Xperience<\/title>\n<meta name=\"robots\" content=\"index, follow, max-snippet:-1, max-image-preview:large, max-video-preview:-1\" \/>\n<link rel=\"canonical\" href=\"https:\/\/xperience.social\/de\/revocation_policy_for_digital_content\/\" \/>\n<meta property=\"og:locale\" content=\"de_DE\" \/>\n<meta property=\"og:type\" content=\"article\" \/>\n<meta property=\"og:title\" content=\"Revocation Policy for Digital Content | Xperience\" \/>\n<meta property=\"og:description\" content=\"Notice for consumers on the cancellation of contracts for the supply of digital content not supplied on a physical medium Cancellation policy A consumer is any natural person who completes a legal transaction for purposes that are for the most part not attributable to any professional activity of either a commercial or self-employed nature they [&hellip;]\" \/>\n<meta property=\"og:url\" content=\"https:\/\/xperience.social\/de\/revocation_policy_for_digital_content\/\" \/>\n<meta property=\"og:site_name\" content=\"Xperience\" \/>\n<meta property=\"article:publisher\" content=\"https:\/\/www.facebook.com\/Xperience-102305478105294\/\" \/>\n<meta property=\"article:modified_time\" content=\"2025-05-15T16:41:03+00:00\" \/>\n<meta property=\"og:image\" content=\"https:\/\/i0.wp.com\/xperience.social\/wp-content\/uploads\/2020\/12\/logo_social-scaled-scaled.webp?fit=1920%2C1920&ssl=1\" \/>\n\t<meta property=\"og:image:width\" content=\"1920\" \/>\n\t<meta property=\"og:image:height\" content=\"1920\" \/>\n\t<meta property=\"og:image:type\" content=\"image\/png\" \/>\n<meta name=\"twitter:card\" content=\"summary_large_image\" \/>\n<meta name=\"twitter:site\" content=\"@Xperien26941700\" \/>\n<meta name=\"twitter:label1\" content=\"Gesch\u00e4tzte Lesezeit\" \/>\n\t<meta name=\"twitter:data1\" content=\"3\u00a0Minuten\" \/>\n<script type=\"application\/ld+json\" class=\"yoast-schema-graph\">{\"@context\":\"https:\\\/\\\/schema.org\",\"@graph\":[{\"@type\":\"WebPage\",\"@id\":\"https:\\\/\\\/xperience.social\\\/revocation_policy_for_digital_content\\\/\",\"url\":\"https:\\\/\\\/xperience.social\\\/revocation_policy_for_digital_content\\\/\",\"name\":\"Revocation Policy for Digital Content | Xperience\",\"isPartOf\":{\"@id\":\"https:\\\/\\\/xperience.social\\\/en\\\/#website\"},\"datePublished\":\"2025-04-26T11:09:47+00:00\",\"dateModified\":\"2025-05-15T16:41:03+00:00\",\"breadcrumb\":{\"@id\":\"https:\\\/\\\/xperience.social\\\/revocation_policy_for_digital_content\\\/#breadcrumb\"},\"inLanguage\":\"de\",\"potentialAction\":[{\"@type\":\"ReadAction\",\"target\":[\"https:\\\/\\\/xperience.social\\\/revocation_policy_for_digital_content\\\/\"]}]},{\"@type\":\"BreadcrumbList\",\"@id\":\"https:\\\/\\\/xperience.social\\\/revocation_policy_for_digital_content\\\/#breadcrumb\",\"itemListElement\":[{\"@type\":\"ListItem\",\"position\":1,\"name\":\"Home\",\"item\":\"https:\\\/\\\/xperience.social\\\/\"},{\"@type\":\"ListItem\",\"position\":2,\"name\":\"Revocation Policy for Digital Content\"}]},{\"@type\":\"WebSite\",\"@id\":\"https:\\\/\\\/xperience.social\\\/en\\\/#website\",\"url\":\"https:\\\/\\\/xperience.social\\\/en\\\/\",\"name\":\"Xperience\",\"description\":\"Create. Connect. Xperience.\",\"publisher\":{\"@id\":\"https:\\\/\\\/xperience.social\\\/en\\\/#organization\"},\"potentialAction\":[{\"@type\":\"SearchAction\",\"target\":{\"@type\":\"EntryPoint\",\"urlTemplate\":\"https:\\\/\\\/xperience.social\\\/en\\\/?s={search_term_string}\"},\"query-input\":{\"@type\":\"PropertyValueSpecification\",\"valueRequired\":true,\"valueName\":\"search_term_string\"}}],\"inLanguage\":\"de\"},{\"@type\":\"Organization\",\"@id\":\"https:\\\/\\\/xperience.social\\\/en\\\/#organization\",\"name\":\"Xperience\",\"url\":\"https:\\\/\\\/xperience.social\\\/en\\\/\",\"logo\":{\"@type\":\"ImageObject\",\"inLanguage\":\"de\",\"@id\":\"https:\\\/\\\/xperience.social\\\/en\\\/#\\\/schema\\\/logo\\\/image\\\/\",\"url\":\"https:\\\/\\\/xperience.social\\\/wp-content\\\/uploads\\\/2020\\\/12\\\/logo_social-scaled.png\",\"contentUrl\":\"https:\\\/\\\/xperience.social\\\/wp-content\\\/uploads\\\/2020\\\/12\\\/logo_social-scaled.png\",\"width\":2560,\"height\":2560,\"caption\":\"Xperience\"},\"image\":{\"@id\":\"https:\\\/\\\/xperience.social\\\/en\\\/#\\\/schema\\\/logo\\\/image\\\/\"},\"sameAs\":[\"https:\\\/\\\/www.facebook.com\\\/Xperience-102305478105294\\\/\",\"https:\\\/\\\/x.com\\\/Xperien26941700\",\"https:\\\/\\\/www.instagram.com\\\/create.connect.xperience\\\/?hl=de\",\"https:\\\/\\\/www.linkedin.com\\\/company\\\/create-connect-xperience\"]}]}<\/script>\n<!-- \/ Yoast SEO plugin. -->","yoast_head_json":{"title":"Revocation Policy for Digital Content | Xperience","robots":{"index":"index","follow":"follow","max-snippet":"max-snippet:-1","max-image-preview":"max-image-preview:large","max-video-preview":"max-video-preview:-1"},"canonical":"https:\/\/xperience.social\/de\/revocation_policy_for_digital_content\/","og_locale":"de_DE","og_type":"article","og_title":"Revocation Policy for Digital Content | Xperience","og_description":"Notice for consumers on the cancellation of contracts for the supply of digital content not supplied on a physical medium Cancellation policy A consumer is any natural person who completes a legal transaction for purposes that are for the most part not attributable to any professional activity of either a commercial or self-employed nature they [&hellip;]","og_url":"https:\/\/xperience.social\/de\/revocation_policy_for_digital_content\/","og_site_name":"Xperience","article_publisher":"https:\/\/www.facebook.com\/Xperience-102305478105294\/","article_modified_time":"2025-05-15T16:41:03+00:00","og_image":[{"width":1920,"height":1920,"url":"https:\/\/i0.wp.com\/xperience.social\/wp-content\/uploads\/2020\/12\/logo_social-scaled-scaled.webp?fit=1920%2C1920&ssl=1","type":"image\/png"}],"twitter_card":"summary_large_image","twitter_site":"@Xperien26941700","twitter_misc":{"Gesch\u00e4tzte Lesezeit":"3\u00a0Minuten"},"schema":{"@context":"https:\/\/schema.org","@graph":[{"@type":"WebPage","@id":"https:\/\/xperience.social\/revocation_policy_for_digital_content\/","url":"https:\/\/xperience.social\/revocation_policy_for_digital_content\/","name":"Revocation Policy for Digital Content | Xperience","isPartOf":{"@id":"https:\/\/xperience.social\/en\/#website"},"datePublished":"2025-04-26T11:09:47+00:00","dateModified":"2025-05-15T16:41:03+00:00","breadcrumb":{"@id":"https:\/\/xperience.social\/revocation_policy_for_digital_content\/#breadcrumb"},"inLanguage":"de","potentialAction":[{"@type":"ReadAction","target":["https:\/\/xperience.social\/revocation_policy_for_digital_content\/"]}]},{"@type":"BreadcrumbList","@id":"https:\/\/xperience.social\/revocation_policy_for_digital_content\/#breadcrumb","itemListElement":[{"@type":"ListItem","position":1,"name":"Home","item":"https:\/\/xperience.social\/"},{"@type":"ListItem","position":2,"name":"Revocation Policy for Digital Content"}]},{"@type":"WebSite","@id":"https:\/\/xperience.social\/en\/#website","url":"https:\/\/xperience.social\/en\/","name":"Xperience","description":"Create. Connect. Xperience.","publisher":{"@id":"https:\/\/xperience.social\/en\/#organization"},"potentialAction":[{"@type":"SearchAction","target":{"@type":"EntryPoint","urlTemplate":"https:\/\/xperience.social\/en\/?s={search_term_string}"},"query-input":{"@type":"PropertyValueSpecification","valueRequired":true,"valueName":"search_term_string"}}],"inLanguage":"de"},{"@type":"Organization","@id":"https:\/\/xperience.social\/en\/#organization","name":"Xperience","url":"https:\/\/xperience.social\/en\/","logo":{"@type":"ImageObject","inLanguage":"de","@id":"https:\/\/xperience.social\/en\/#\/schema\/logo\/image\/","url":"https:\/\/xperience.social\/wp-content\/uploads\/2020\/12\/logo_social-scaled.png","contentUrl":"https:\/\/xperience.social\/wp-content\/uploads\/2020\/12\/logo_social-scaled.png","width":2560,"height":2560,"caption":"Xperience"},"image":{"@id":"https:\/\/xperience.social\/en\/#\/schema\/logo\/image\/"},"sameAs":["https:\/\/www.facebook.com\/Xperience-102305478105294\/","https:\/\/x.com\/Xperien26941700","https:\/\/www.instagram.com\/create.connect.xperience\/?hl=de","https:\/\/www.linkedin.com\/company\/create-connect-xperience"]}]}},"jetpack_sharing_enabled":true,"_links":{"self":[{"href":"https:\/\/xperience.social\/de\/wp-json\/wp\/v2\/pages\/8607","targetHints":{"allow":["GET"]}}],"collection":[{"href":"https:\/\/xperience.social\/de\/wp-json\/wp\/v2\/pages"}],"about":[{"href":"https:\/\/xperience.social\/de\/wp-json\/wp\/v2\/types\/page"}],"author":[{"embeddable":true,"href":"https:\/\/xperience.social\/de\/wp-json\/wp\/v2\/users\/4"}],"replies":[{"embeddable":true,"href":"https:\/\/xperience.social\/de\/wp-json\/wp\/v2\/comments?post=8607"}],"version-history":[{"count":2,"href":"https:\/\/xperience.social\/de\/wp-json\/wp\/v2\/pages\/8607\/revisions"}],"predecessor-version":[{"id":8961,"href":"https:\/\/xperience.social\/de\/wp-json\/wp\/v2\/pages\/8607\/revisions\/8961"}],"wp:attachment":[{"href":"https:\/\/xperience.social\/de\/wp-json\/wp\/v2\/media?parent=8607"}],"curies":[{"name":"wp","href":"https:\/\/api.w.org\/{rel}","templated":true}]}}