{"id":8609,"date":"2025-04-26T13:09:47","date_gmt":"2025-04-26T11:09:47","guid":{"rendered":"https:\/\/xperience.social\/payment_methods\/"},"modified":"2025-05-02T10:50:38","modified_gmt":"2025-05-02T08:50:38","slug":"payment_methods","status":"publish","type":"page","link":"https:\/\/xperience.social\/de\/payment_methods\/","title":{"rendered":"Zahlungsmethoden"},"content":{"rendered":"<p><strong>Zahlungsarten<\/strong><\/p>\n<p>Wir bieten Ihnen die folgenden Zahlungsarten an - w\u00e4hlen Sie einfach die Option, die Ihnen am meisten zusagt. Die in den einzelnen Angeboten angegebenen Preise sind Endpreise und enthalten alle anwendbaren Komponenten (einschlie\u00dflich etwaiger Steuern wie Mehrwertsteuer). Alle zus\u00e4tzlichen Steuern (z.B. f\u00fcr innergemeinschaftliche K\u00e4ufe) oder Abgaben (z.B. Z\u00f6lle), die bei grenz\u00fcberschreitenden Transaktionen anfallen, sind an die entsprechenden Steuer- oder Zollbeh\u00f6rden und nicht an den Verk\u00e4ufer zu zahlen.<\/p>\n<p class=\"\" data-start=\"0\" data-end=\"121\"><strong data-start=\"0\" data-end=\"14\">Google Pay<\/strong><br data-start=\"14\" data-end=\"17\" \/>W\u00e4hlen Sie an der Kasse Google Pay f\u00fcr eine schnelle und sichere Zahlung mit Ihrem Google-Konto.<\/p>\n<p class=\"\" data-start=\"123\" data-end=\"263\"><strong data-start=\"123\" data-end=\"136\">Apple Pay<\/strong><br data-start=\"136\" data-end=\"139\" \/>W\u00e4hlen Sie Apple Pay beim Bezahlen, um Ihre Bestellung schnell mit Face ID oder Touch ID Authentifizierung abzuschlie\u00dfen.<\/p>\n<p class=\"\" data-start=\"265\" data-end=\"415\"><strong data-start=\"265\" data-end=\"280\">Kreditkarte<\/strong><br data-start=\"280\" data-end=\"283\" \/>Wir akzeptieren alle g\u00e4ngigen Kreditkarten (Visa, MasterCard, American Express, etc.) f\u00fcr einen reibungslosen Ablauf an der Kasse.<\/p>","protected":false},"excerpt":{"rendered":"<p>Payment types We offer the following payment types\u2014simply choose the option that suits you best. The prices shown in each offer are final and include all applicable components (including any taxes such as value\u2011added tax, VAT). Any additional taxes (e.g., those for intra\u2011Community purchases) or duties (e.g., customs duties) arising from cross\u2011border transactions are payable [&hellip;]<\/p>","protected":false},"author":4,"featured_media":0,"parent":0,"menu_order":0,"comment_status":"closed","ping_status":"closed","template":"","meta":{"site-sidebar-layout":"default","site-content-layout":"","ast-site-content-layout":"default","site-content-style":"default","site-sidebar-style":"default","ast-global-header-display":"","ast-banner-title-visibility":"","ast-main-header-display":"","ast-hfb-above-header-display":"","ast-hfb-below-header-display":"","ast-hfb-mobile-header-display":"","site-post-title":"","ast-breadcrumbs-content":"","ast-featured-img":"","footer-sml-layout":"","ast-disable-related-posts":"","theme-transparent-header-meta":"","adv-header-id-meta":"","stick-header-meta":"","header-above-stick-meta":"","header-main-stick-meta":"","header-below-stick-meta":"","astra-migrate-meta-layouts":"set","ast-page-background-enabled":"default","ast-page-background-meta":{"desktop":{"background-color":"","background-image":"","background-repeat":"repeat","background-position":"center center","background-size":"auto","background-attachment":"scroll","background-type":"","background-media":"","overlay-type":"","overlay-color":"","overlay-opacity":"","overlay-gradient":""},"tablet":{"background-color":"","background-image":"","background-repeat":"repeat","background-position":"center center","background-size":"auto","background-attachment":"scroll","background-type":"","background-media":"","overlay-type":"","overlay-color":"","overlay-opacity":"","overlay-gradient":""},"mobile":{"background-color":"","background-image":"","background-repeat":"repeat","background-position":"center center","background-size":"auto","background-attachment":"scroll","background-type":"","background-media":"","overlay-type":"","overlay-color":"","overlay-opacity":"","overlay-gradient":""}},"ast-content-background-meta":{"desktop":{"background-color":"var(--ast-global-color-5)","background-image":"","background-repeat":"repeat","background-position":"center center","background-size":"auto","background-attachment":"scroll","background-type":"","background-media":"","overlay-type":"","overlay-color":"","overlay-opacity":"","overlay-gradient":""},"tablet":{"background-color":"var(--ast-global-color-5)","background-image":"","background-repeat":"repeat","background-position":"center center","background-size":"auto","background-attachment":"scroll","background-type":"","background-media":"","overlay-type":"","overlay-color":"","overlay-opacity":"","overlay-gradient":""},"mobile":{"background-color":"var(--ast-global-color-5)","background-image":"","background-repeat":"repeat","background-position":"center center","background-size":"auto","background-attachment":"scroll","background-type":"","background-media":"","overlay-type":"","overlay-color":"","overlay-opacity":"","overlay-gradient":""}},"footnotes":""},"class_list":["post-8609","page","type-page","status-publish","hentry"],"yoast_head":"<!-- This site is optimized with the Yoast SEO plugin v27.5 - https:\/\/yoast.com\/product\/yoast-seo-wordpress\/ -->\n<title>Payment Methods | Xperience<\/title>\n<meta name=\"robots\" content=\"index, follow, max-snippet:-1, max-image-preview:large, max-video-preview:-1\" \/>\n<link rel=\"canonical\" href=\"https:\/\/xperience.social\/de\/payment_methods\/\" \/>\n<meta property=\"og:locale\" content=\"de_DE\" \/>\n<meta property=\"og:type\" content=\"article\" \/>\n<meta property=\"og:title\" content=\"Payment Methods | Xperience\" \/>\n<meta property=\"og:description\" content=\"Payment types We offer the following payment types\u2014simply choose the option that suits you best. The prices shown in each offer are final and include all applicable components (including any taxes such as value\u2011added tax, VAT). Any additional taxes (e.g., those for intra\u2011Community purchases) or duties (e.g., customs duties) arising from cross\u2011border transactions are payable [&hellip;]\" \/>\n<meta property=\"og:url\" content=\"https:\/\/xperience.social\/de\/payment_methods\/\" \/>\n<meta property=\"og:site_name\" content=\"Xperience\" \/>\n<meta property=\"article:publisher\" content=\"https:\/\/www.facebook.com\/Xperience-102305478105294\/\" \/>\n<meta property=\"article:modified_time\" content=\"2025-05-02T08:50:38+00:00\" \/>\n<meta property=\"og:image\" content=\"https:\/\/i0.wp.com\/xperience.social\/wp-content\/uploads\/2020\/12\/logo_social-scaled-scaled.webp?fit=1920%2C1920&ssl=1\" \/>\n\t<meta property=\"og:image:width\" content=\"1920\" \/>\n\t<meta property=\"og:image:height\" content=\"1920\" \/>\n\t<meta property=\"og:image:type\" content=\"image\/png\" \/>\n<meta name=\"twitter:card\" content=\"summary_large_image\" \/>\n<meta name=\"twitter:site\" content=\"@Xperien26941700\" \/>\n<meta name=\"twitter:label1\" content=\"Gesch\u00e4tzte Lesezeit\" \/>\n\t<meta name=\"twitter:data1\" content=\"1\u00a0Minute\" \/>\n<script type=\"application\/ld+json\" class=\"yoast-schema-graph\">{\"@context\":\"https:\\\/\\\/schema.org\",\"@graph\":[{\"@type\":\"WebPage\",\"@id\":\"https:\\\/\\\/xperience.social\\\/payment_methods\\\/\",\"url\":\"https:\\\/\\\/xperience.social\\\/payment_methods\\\/\",\"name\":\"Payment Methods | Xperience\",\"isPartOf\":{\"@id\":\"https:\\\/\\\/xperience.social\\\/en\\\/#website\"},\"datePublished\":\"2025-04-26T11:09:47+00:00\",\"dateModified\":\"2025-05-02T08:50:38+00:00\",\"breadcrumb\":{\"@id\":\"https:\\\/\\\/xperience.social\\\/payment_methods\\\/#breadcrumb\"},\"inLanguage\":\"de\",\"potentialAction\":[{\"@type\":\"ReadAction\",\"target\":[\"https:\\\/\\\/xperience.social\\\/payment_methods\\\/\"]}]},{\"@type\":\"BreadcrumbList\",\"@id\":\"https:\\\/\\\/xperience.social\\\/payment_methods\\\/#breadcrumb\",\"itemListElement\":[{\"@type\":\"ListItem\",\"position\":1,\"name\":\"Home\",\"item\":\"https:\\\/\\\/xperience.social\\\/\"},{\"@type\":\"ListItem\",\"position\":2,\"name\":\"Payment Methods\"}]},{\"@type\":\"WebSite\",\"@id\":\"https:\\\/\\\/xperience.social\\\/en\\\/#website\",\"url\":\"https:\\\/\\\/xperience.social\\\/en\\\/\",\"name\":\"Xperience\",\"description\":\"Create. Connect. Xperience.\",\"publisher\":{\"@id\":\"https:\\\/\\\/xperience.social\\\/en\\\/#organization\"},\"potentialAction\":[{\"@type\":\"SearchAction\",\"target\":{\"@type\":\"EntryPoint\",\"urlTemplate\":\"https:\\\/\\\/xperience.social\\\/en\\\/?s={search_term_string}\"},\"query-input\":{\"@type\":\"PropertyValueSpecification\",\"valueRequired\":true,\"valueName\":\"search_term_string\"}}],\"inLanguage\":\"de\"},{\"@type\":\"Organization\",\"@id\":\"https:\\\/\\\/xperience.social\\\/en\\\/#organization\",\"name\":\"Xperience\",\"url\":\"https:\\\/\\\/xperience.social\\\/en\\\/\",\"logo\":{\"@type\":\"ImageObject\",\"inLanguage\":\"de\",\"@id\":\"https:\\\/\\\/xperience.social\\\/en\\\/#\\\/schema\\\/logo\\\/image\\\/\",\"url\":\"https:\\\/\\\/xperience.social\\\/wp-content\\\/uploads\\\/2020\\\/12\\\/logo_social-scaled.png\",\"contentUrl\":\"https:\\\/\\\/xperience.social\\\/wp-content\\\/uploads\\\/2020\\\/12\\\/logo_social-scaled.png\",\"width\":2560,\"height\":2560,\"caption\":\"Xperience\"},\"image\":{\"@id\":\"https:\\\/\\\/xperience.social\\\/en\\\/#\\\/schema\\\/logo\\\/image\\\/\"},\"sameAs\":[\"https:\\\/\\\/www.facebook.com\\\/Xperience-102305478105294\\\/\",\"https:\\\/\\\/x.com\\\/Xperien26941700\",\"https:\\\/\\\/www.instagram.com\\\/create.connect.xperience\\\/?hl=de\",\"https:\\\/\\\/www.linkedin.com\\\/company\\\/create-connect-xperience\"]}]}<\/script>\n<!-- \/ Yoast SEO plugin. -->","yoast_head_json":{"title":"Payment Methods | Xperience","robots":{"index":"index","follow":"follow","max-snippet":"max-snippet:-1","max-image-preview":"max-image-preview:large","max-video-preview":"max-video-preview:-1"},"canonical":"https:\/\/xperience.social\/de\/payment_methods\/","og_locale":"de_DE","og_type":"article","og_title":"Payment Methods | Xperience","og_description":"Payment types We offer the following payment types\u2014simply choose the option that suits you best. The prices shown in each offer are final and include all applicable components (including any taxes such as value\u2011added tax, VAT). Any additional taxes (e.g., those for intra\u2011Community purchases) or duties (e.g., customs duties) arising from cross\u2011border transactions are payable [&hellip;]","og_url":"https:\/\/xperience.social\/de\/payment_methods\/","og_site_name":"Xperience","article_publisher":"https:\/\/www.facebook.com\/Xperience-102305478105294\/","article_modified_time":"2025-05-02T08:50:38+00:00","og_image":[{"width":1920,"height":1920,"url":"https:\/\/i0.wp.com\/xperience.social\/wp-content\/uploads\/2020\/12\/logo_social-scaled-scaled.webp?fit=1920%2C1920&ssl=1","type":"image\/png"}],"twitter_card":"summary_large_image","twitter_site":"@Xperien26941700","twitter_misc":{"Gesch\u00e4tzte Lesezeit":"1\u00a0Minute"},"schema":{"@context":"https:\/\/schema.org","@graph":[{"@type":"WebPage","@id":"https:\/\/xperience.social\/payment_methods\/","url":"https:\/\/xperience.social\/payment_methods\/","name":"Payment Methods | Xperience","isPartOf":{"@id":"https:\/\/xperience.social\/en\/#website"},"datePublished":"2025-04-26T11:09:47+00:00","dateModified":"2025-05-02T08:50:38+00:00","breadcrumb":{"@id":"https:\/\/xperience.social\/payment_methods\/#breadcrumb"},"inLanguage":"de","potentialAction":[{"@type":"ReadAction","target":["https:\/\/xperience.social\/payment_methods\/"]}]},{"@type":"BreadcrumbList","@id":"https:\/\/xperience.social\/payment_methods\/#breadcrumb","itemListElement":[{"@type":"ListItem","position":1,"name":"Home","item":"https:\/\/xperience.social\/"},{"@type":"ListItem","position":2,"name":"Payment Methods"}]},{"@type":"WebSite","@id":"https:\/\/xperience.social\/en\/#website","url":"https:\/\/xperience.social\/en\/","name":"Xperience","description":"Create. Connect. Xperience.","publisher":{"@id":"https:\/\/xperience.social\/en\/#organization"},"potentialAction":[{"@type":"SearchAction","target":{"@type":"EntryPoint","urlTemplate":"https:\/\/xperience.social\/en\/?s={search_term_string}"},"query-input":{"@type":"PropertyValueSpecification","valueRequired":true,"valueName":"search_term_string"}}],"inLanguage":"de"},{"@type":"Organization","@id":"https:\/\/xperience.social\/en\/#organization","name":"Xperience","url":"https:\/\/xperience.social\/en\/","logo":{"@type":"ImageObject","inLanguage":"de","@id":"https:\/\/xperience.social\/en\/#\/schema\/logo\/image\/","url":"https:\/\/xperience.social\/wp-content\/uploads\/2020\/12\/logo_social-scaled.png","contentUrl":"https:\/\/xperience.social\/wp-content\/uploads\/2020\/12\/logo_social-scaled.png","width":2560,"height":2560,"caption":"Xperience"},"image":{"@id":"https:\/\/xperience.social\/en\/#\/schema\/logo\/image\/"},"sameAs":["https:\/\/www.facebook.com\/Xperience-102305478105294\/","https:\/\/x.com\/Xperien26941700","https:\/\/www.instagram.com\/create.connect.xperience\/?hl=de","https:\/\/www.linkedin.com\/company\/create-connect-xperience"]}]}},"jetpack_sharing_enabled":true,"_links":{"self":[{"href":"https:\/\/xperience.social\/de\/wp-json\/wp\/v2\/pages\/8609","targetHints":{"allow":["GET"]}}],"collection":[{"href":"https:\/\/xperience.social\/de\/wp-json\/wp\/v2\/pages"}],"about":[{"href":"https:\/\/xperience.social\/de\/wp-json\/wp\/v2\/types\/page"}],"author":[{"embeddable":true,"href":"https:\/\/xperience.social\/de\/wp-json\/wp\/v2\/users\/4"}],"replies":[{"embeddable":true,"href":"https:\/\/xperience.social\/de\/wp-json\/wp\/v2\/comments?post=8609"}],"version-history":[{"count":2,"href":"https:\/\/xperience.social\/de\/wp-json\/wp\/v2\/pages\/8609\/revisions"}],"predecessor-version":[{"id":8709,"href":"https:\/\/xperience.social\/de\/wp-json\/wp\/v2\/pages\/8609\/revisions\/8709"}],"wp:attachment":[{"href":"https:\/\/xperience.social\/de\/wp-json\/wp\/v2\/media?parent=8609"}],"curies":[{"name":"wp","href":"https:\/\/api.w.org\/{rel}","templated":true}]}}