{"id":8613,"date":"2025-04-26T19:46:39","date_gmt":"2025-04-26T17:46:39","guid":{"rendered":"https:\/\/xperience.social\/?post_type=product&#038;p=8613"},"modified":"2025-05-23T10:01:06","modified_gmt":"2025-05-23T08:01:06","slug":"take-off","status":"publish","type":"product","link":"https:\/\/xperience.social\/de\/produkt\/take-off\/","title":{"rendered":"Take Off Paket"},"content":{"rendered":"<p class=\"\" data-start=\"178\" data-end=\"238\"><strong data-start=\"178\" data-end=\"238\">Ready for Take Off? Dann abheben mit Sichtbarkeit!<\/strong><\/p>\n<p class=\"translation-block\" data-start=\"240\" data-end=\"536\">Das Take Off Paket ist der perfekte Boost f\u00fcr Unternehmen, die auf Xperience durchstarten und bei unserer aktiven Community so richtig sichtbar werden wollen. Mit einer starken Kombi aus Event Vorschl\u00e4gen, Business Pr\u00e4senz und gezielter Werbung bringst du deine Marke und deine Events direkt zu den richtigen Leuten.<\/p>\n<p class=\"\" data-start=\"538\" data-end=\"995\"><strong data-start=\"538\" data-end=\"566\">Was ist inkludiert:<\/strong><br data-start=\"566\" data-end=\"569\" \/><strong>\u2013 3 Event Vorschl\u00e4ge:<\/strong> Wir bewerben drei deiner Events direkt in der Xperience-App \u2013 sichtbar f\u00fcr alle, die nach coolen Erlebnissen suchen.<br data-start=\"656\" data-end=\"659\" \/>\u2013 <strong data-start=\"661\" data-end=\"690\">3 Monate Unternehmensprofil:<\/strong> Deine Brand bekommt eine eigene, professionelle Seite in der App \u2013 mit allen Infos, Events und Kontaktm\u00f6glichkeiten.<br data-start=\"886\" data-end=\"889\" \/>\u2013 <strong data-start=\"891\" data-end=\"916\">1 Newsletter Erw\u00e4hnung<\/strong> Du wirst in einem unserer kuratierten Newsletter erw\u00e4hnt, der an \u00fcber 17.500 aktive Nutzer:innen geht \u2013 und sorgst f\u00fcr Aufmerksamkeit \u00fcber die App hinaus.<\/p>\n<p class=\"\" data-start=\"997\" data-end=\"1247\"><strong data-start=\"997\" data-end=\"1014\">So funktioniert\u2019s:<\/strong><br data-start=\"1014\" data-end=\"1017\" \/>Wenn du schon konkrete Ideen oder W\u00fcnsche hast, f\u00fcge sie gerne direkt bei deiner Buchung hinzu. Nach deinem Kauf arbeitet unser Team eng mit dir zusammen, um alle Elemente gemeinsam zu planen, zu gestalten und zum bestm\u00f6glichen Zeitpunkt zu terminieren.<br data-start=\"1153\" data-end=\"1156\" \/>Von Event Vorschl\u00e4gen bis hin zu individuell abgestimmtem Newsletter Content \u2013 wir sorgen daf\u00fcr, dass deine Marke dort sichtbar wird, wo es wirklich z\u00e4hlt.<\/p>\n<p class=\"\" data-start=\"1013\" data-end=\"1200\"><strong data-start=\"1013\" data-end=\"1037\">Warum Xperience?<\/strong><br data-start=\"1037\" data-end=\"1040\" \/>Xperience ist die Plattform f\u00fcr eine wachsende Community von Locals, die echte Erlebnisse mit sozialem Twist suchen. Wenn dein Business zu unserem Vibe passt, sorgen wir daf\u00fcr, dass du gefunden wirst.<\/p>\n<p class=\"\" data-start=\"1249\" data-end=\"1348\"><strong data-start=\"1249\" data-end=\"1348\">Das perfekte Paket f\u00fcr alle, die ihre Pr\u00e4senz pushen und neue Kund:innen auf Xperience erreichen wollen!<\/strong><\/p>","protected":false},"excerpt":{"rendered":"<p><strong>Bring deine Brand auf Flugh\u00f6he \u2013 mit dem Take Off Paket!<\/strong><br \/>\nEnth\u00e4lt 3 Event Vorschl\u00e4ge, 3 Monate Unternehmensprofil und 1 Newsletter Erw\u00e4hnung \u2013 alles, was du brauchst, um auf Xperience richtig durchzustarten.<\/p>","protected":false},"featured_media":8627,"template":"","meta":{"site-sidebar-layout":"default","site-content-layout":"","ast-site-content-layout":"default","site-content-style":"default","site-sidebar-style":"default","ast-global-header-display":"","ast-banner-title-visibility":"","ast-main-header-display":"","ast-hfb-above-header-display":"","ast-hfb-below-header-display":"","ast-hfb-mobile-header-display":"","site-post-title":"","ast-breadcrumbs-content":"","ast-featured-img":"","footer-sml-layout":"","ast-disable-related-posts":"","theme-transparent-header-meta":"default","adv-header-id-meta":"","stick-header-meta":"","header-above-stick-meta":"","header-main-stick-meta":"","header-below-stick-meta":"","astra-migrate-meta-layouts":"set","ast-page-background-enabled":"default","ast-page-background-meta":{"desktop":{"background-color":"","background-image":"","background-repeat":"repeat","background-position":"center center","background-size":"auto","background-attachment":"scroll","background-type":"","background-media":"","overlay-type":"","overlay-color":"","overlay-opacity":"","overlay-gradient":""},"tablet":{"background-color":"","background-image":"","background-repeat":"repeat","background-position":"center center","background-size":"auto","background-attachment":"scroll","background-type":"","background-media":"","overlay-type":"","overlay-color":"","overlay-opacity":"","overlay-gradient":""},"mobile":{"background-color":"","background-image":"","background-repeat":"repeat","background-position":"center center","background-size":"auto","background-attachment":"scroll","background-type":"","background-media":"","overlay-type":"","overlay-color":"","overlay-opacity":"","overlay-gradient":""}},"ast-content-background-meta":{"desktop":{"background-color":"var(--ast-global-color-5)","background-image":"","background-repeat":"repeat","background-position":"center center","background-size":"auto","background-attachment":"scroll","background-type":"","background-media":"","overlay-type":"","overlay-color":"","overlay-opacity":"","overlay-gradient":""},"tablet":{"background-color":"var(--ast-global-color-5)","background-image":"","background-repeat":"repeat","background-position":"center center","background-size":"auto","background-attachment":"scroll","background-type":"","background-media":"","overlay-type":"","overlay-color":"","overlay-opacity":"","overlay-gradient":""},"mobile":{"background-color":"var(--ast-global-color-5)","background-image":"","background-repeat":"repeat","background-position":"center center","background-size":"auto","background-attachment":"scroll","background-type":"","background-media":"","overlay-type":"","overlay-color":"","overlay-opacity":"","overlay-gradient":""}}},"product_brand":[],"product_cat":[63],"product_tag":[67,64,66,65,91],"class_list":{"0":"post-8613","1":"product","2":"type-product","3":"status-publish","4":"has-post-thumbnail","6":"product_cat-packages","7":"product_tag-company-profile","8":"product_tag-event-suggestion","9":"product_tag-memories","10":"product_tag-newsletter","11":"product_tag-package","12":"desktop-align-left","13":"tablet-align-left","14":"mobile-align-left","16":"first","17":"instock","18":"sale","19":"taxable","20":"shipping-taxable","21":"purchasable","22":"product-type-simple"},"yoast_head":"<!-- This site is optimized with the Yoast SEO plugin v27.4 - https:\/\/yoast.com\/product\/yoast-seo-wordpress\/ -->\n<title>Take Off Package | Xperience<\/title>\n<meta name=\"description\" content=\"Boost your brand visibility with the Take Off Package! Includes 2 Event Promotions, 3 months of Company Profile, 1 Memories Tab Ad, and 1 Newsletter Mention\u2014 everything you need to make an impact on Xperience.\" \/>\n<meta name=\"robots\" content=\"index, follow, max-snippet:-1, max-image-preview:large, max-video-preview:-1\" \/>\n<link rel=\"canonical\" href=\"https:\/\/xperience.social\/de\/produkt\/take-off\/\" \/>\n<meta property=\"og:locale\" content=\"de_DE\" \/>\n<meta property=\"og:type\" content=\"article\" \/>\n<meta property=\"og:title\" content=\"Take Off Package | Xperience\" \/>\n<meta property=\"og:description\" content=\"Boost your brand visibility with the Take Off Package! Includes 2 Event Promotions, 3 months of Company Profile, 1 Memories Tab Ad, and 1 Newsletter Mention\u2014 everything you need to make an impact on Xperience.\" \/>\n<meta property=\"og:url\" content=\"https:\/\/xperience.social\/de\/produkt\/take-off\/\" \/>\n<meta property=\"og:site_name\" content=\"Xperience\" \/>\n<meta property=\"article:publisher\" content=\"https:\/\/www.facebook.com\/Xperience-102305478105294\/\" \/>\n<meta property=\"article:modified_time\" content=\"2025-05-23T08:01:06+00:00\" \/>\n<meta property=\"og:image\" content=\"https:\/\/xperience.social\/wp-content\/uploads\/2025\/04\/Take-Off-Package.png\" \/>\n\t<meta property=\"og:image:width\" content=\"1113\" \/>\n\t<meta property=\"og:image:height\" content=\"1134\" \/>\n\t<meta property=\"og:image:type\" content=\"image\/png\" \/>\n<meta name=\"twitter:card\" content=\"summary_large_image\" \/>\n<meta name=\"twitter:site\" content=\"@Xperien26941700\" \/>\n<meta name=\"twitter:label1\" content=\"Gesch\u00e4tzte Lesezeit\" \/>\n\t<meta name=\"twitter:data1\" content=\"2\u00a0Minuten\" \/>\n<script type=\"application\/ld+json\" class=\"yoast-schema-graph\">{\"@context\":\"https:\\\/\\\/schema.org\",\"@graph\":[{\"@type\":\"WebPage\",\"@id\":\"https:\\\/\\\/xperience.social\\\/product\\\/take-off\\\/\",\"url\":\"https:\\\/\\\/xperience.social\\\/product\\\/take-off\\\/\",\"name\":\"Take Off Package | Xperience\",\"isPartOf\":{\"@id\":\"https:\\\/\\\/xperience.social\\\/en\\\/#website\"},\"primaryImageOfPage\":{\"@id\":\"https:\\\/\\\/xperience.social\\\/product\\\/take-off\\\/#primaryimage\"},\"image\":{\"@id\":\"https:\\\/\\\/xperience.social\\\/product\\\/take-off\\\/#primaryimage\"},\"thumbnailUrl\":\"https:\\\/\\\/i0.wp.com\\\/xperience.social\\\/wp-content\\\/uploads\\\/2025\\\/04\\\/Take-Off-Package.png?fit=1113%2C1134&ssl=1\",\"datePublished\":\"2025-04-26T17:46:39+00:00\",\"dateModified\":\"2025-05-23T08:01:06+00:00\",\"description\":\"Boost your brand visibility with the Take Off Package! Includes 2 Event Promotions, 3 months of Company Profile, 1 Memories Tab Ad, and 1 Newsletter Mention\u2014 everything you need to make an impact on Xperience.\",\"breadcrumb\":{\"@id\":\"https:\\\/\\\/xperience.social\\\/product\\\/take-off\\\/#breadcrumb\"},\"inLanguage\":\"de\",\"potentialAction\":[{\"@type\":\"ReadAction\",\"target\":[\"https:\\\/\\\/xperience.social\\\/product\\\/take-off\\\/\"]}]},{\"@type\":\"ImageObject\",\"inLanguage\":\"de\",\"@id\":\"https:\\\/\\\/xperience.social\\\/product\\\/take-off\\\/#primaryimage\",\"url\":\"https:\\\/\\\/i0.wp.com\\\/xperience.social\\\/wp-content\\\/uploads\\\/2025\\\/04\\\/Take-Off-Package.png?fit=1113%2C1134&ssl=1\",\"contentUrl\":\"https:\\\/\\\/i0.wp.com\\\/xperience.social\\\/wp-content\\\/uploads\\\/2025\\\/04\\\/Take-Off-Package.png?fit=1113%2C1134&ssl=1\",\"width\":1113,\"height\":1134,\"caption\":\"Xperience Take Off Package Bundle Promotion Visibility Reach\"},{\"@type\":\"BreadcrumbList\",\"@id\":\"https:\\\/\\\/xperience.social\\\/product\\\/take-off\\\/#breadcrumb\",\"itemListElement\":[{\"@type\":\"ListItem\",\"position\":1,\"name\":\"Home\",\"item\":\"https:\\\/\\\/xperience.social\\\/\"},{\"@type\":\"ListItem\",\"position\":2,\"name\":\"Shop\",\"item\":\"https:\\\/\\\/xperience.social\\\/shop\\\/\"},{\"@type\":\"ListItem\",\"position\":3,\"name\":\"Take Off Package\"}]},{\"@type\":\"WebSite\",\"@id\":\"https:\\\/\\\/xperience.social\\\/en\\\/#website\",\"url\":\"https:\\\/\\\/xperience.social\\\/en\\\/\",\"name\":\"Xperience\",\"description\":\"Create. Connect. Xperience.\",\"publisher\":{\"@id\":\"https:\\\/\\\/xperience.social\\\/en\\\/#organization\"},\"potentialAction\":[{\"@type\":\"SearchAction\",\"target\":{\"@type\":\"EntryPoint\",\"urlTemplate\":\"https:\\\/\\\/xperience.social\\\/en\\\/?s={search_term_string}\"},\"query-input\":{\"@type\":\"PropertyValueSpecification\",\"valueRequired\":true,\"valueName\":\"search_term_string\"}}],\"inLanguage\":\"de\"},{\"@type\":\"Organization\",\"@id\":\"https:\\\/\\\/xperience.social\\\/en\\\/#organization\",\"name\":\"Xperience\",\"url\":\"https:\\\/\\\/xperience.social\\\/en\\\/\",\"logo\":{\"@type\":\"ImageObject\",\"inLanguage\":\"de\",\"@id\":\"https:\\\/\\\/xperience.social\\\/en\\\/#\\\/schema\\\/logo\\\/image\\\/\",\"url\":\"https:\\\/\\\/xperience.social\\\/wp-content\\\/uploads\\\/2020\\\/12\\\/logo_social-scaled.png\",\"contentUrl\":\"https:\\\/\\\/xperience.social\\\/wp-content\\\/uploads\\\/2020\\\/12\\\/logo_social-scaled.png\",\"width\":2560,\"height\":2560,\"caption\":\"Xperience\"},\"image\":{\"@id\":\"https:\\\/\\\/xperience.social\\\/en\\\/#\\\/schema\\\/logo\\\/image\\\/\"},\"sameAs\":[\"https:\\\/\\\/www.facebook.com\\\/Xperience-102305478105294\\\/\",\"https:\\\/\\\/x.com\\\/Xperien26941700\",\"https:\\\/\\\/www.instagram.com\\\/create.connect.xperience\\\/?hl=de\",\"https:\\\/\\\/www.linkedin.com\\\/company\\\/create-connect-xperience\"]}]}<\/script>\n<!-- \/ Yoast SEO plugin. -->","yoast_head_json":{"title":"Take Off Package | Xperience","description":"Boost your brand visibility with the Take Off Package! Includes 2 Event Promotions, 3 months of Company Profile, 1 Memories Tab Ad, and 1 Newsletter Mention\u2014 everything you need to make an impact on Xperience.","robots":{"index":"index","follow":"follow","max-snippet":"max-snippet:-1","max-image-preview":"max-image-preview:large","max-video-preview":"max-video-preview:-1"},"canonical":"https:\/\/xperience.social\/de\/produkt\/take-off\/","og_locale":"de_DE","og_type":"article","og_title":"Take Off Package | Xperience","og_description":"Boost your brand visibility with the Take Off Package! Includes 2 Event Promotions, 3 months of Company Profile, 1 Memories Tab Ad, and 1 Newsletter Mention\u2014 everything you need to make an impact on Xperience.","og_url":"https:\/\/xperience.social\/de\/produkt\/take-off\/","og_site_name":"Xperience","article_publisher":"https:\/\/www.facebook.com\/Xperience-102305478105294\/","article_modified_time":"2025-05-23T08:01:06+00:00","og_image":[{"width":1113,"height":1134,"url":"https:\/\/xperience.social\/wp-content\/uploads\/2025\/04\/Take-Off-Package.png","type":"image\/png"}],"twitter_card":"summary_large_image","twitter_site":"@Xperien26941700","twitter_misc":{"Gesch\u00e4tzte Lesezeit":"2\u00a0Minuten"},"schema":{"@context":"https:\/\/schema.org","@graph":[{"@type":"WebPage","@id":"https:\/\/xperience.social\/product\/take-off\/","url":"https:\/\/xperience.social\/product\/take-off\/","name":"Take Off Package | Xperience","isPartOf":{"@id":"https:\/\/xperience.social\/en\/#website"},"primaryImageOfPage":{"@id":"https:\/\/xperience.social\/product\/take-off\/#primaryimage"},"image":{"@id":"https:\/\/xperience.social\/product\/take-off\/#primaryimage"},"thumbnailUrl":"https:\/\/i0.wp.com\/xperience.social\/wp-content\/uploads\/2025\/04\/Take-Off-Package.png?fit=1113%2C1134&ssl=1","datePublished":"2025-04-26T17:46:39+00:00","dateModified":"2025-05-23T08:01:06+00:00","description":"Boost your brand visibility with the Take Off Package! Includes 2 Event Promotions, 3 months of Company Profile, 1 Memories Tab Ad, and 1 Newsletter Mention\u2014 everything you need to make an impact on Xperience.","breadcrumb":{"@id":"https:\/\/xperience.social\/product\/take-off\/#breadcrumb"},"inLanguage":"de","potentialAction":[{"@type":"ReadAction","target":["https:\/\/xperience.social\/product\/take-off\/"]}]},{"@type":"ImageObject","inLanguage":"de","@id":"https:\/\/xperience.social\/product\/take-off\/#primaryimage","url":"https:\/\/i0.wp.com\/xperience.social\/wp-content\/uploads\/2025\/04\/Take-Off-Package.png?fit=1113%2C1134&ssl=1","contentUrl":"https:\/\/i0.wp.com\/xperience.social\/wp-content\/uploads\/2025\/04\/Take-Off-Package.png?fit=1113%2C1134&ssl=1","width":1113,"height":1134,"caption":"Xperience Take Off Package Bundle Promotion Visibility Reach"},{"@type":"BreadcrumbList","@id":"https:\/\/xperience.social\/product\/take-off\/#breadcrumb","itemListElement":[{"@type":"ListItem","position":1,"name":"Home","item":"https:\/\/xperience.social\/"},{"@type":"ListItem","position":2,"name":"Shop","item":"https:\/\/xperience.social\/shop\/"},{"@type":"ListItem","position":3,"name":"Take Off Package"}]},{"@type":"WebSite","@id":"https:\/\/xperience.social\/en\/#website","url":"https:\/\/xperience.social\/en\/","name":"Xperience","description":"Create. Connect. Xperience.","publisher":{"@id":"https:\/\/xperience.social\/en\/#organization"},"potentialAction":[{"@type":"SearchAction","target":{"@type":"EntryPoint","urlTemplate":"https:\/\/xperience.social\/en\/?s={search_term_string}"},"query-input":{"@type":"PropertyValueSpecification","valueRequired":true,"valueName":"search_term_string"}}],"inLanguage":"de"},{"@type":"Organization","@id":"https:\/\/xperience.social\/en\/#organization","name":"Xperience","url":"https:\/\/xperience.social\/en\/","logo":{"@type":"ImageObject","inLanguage":"de","@id":"https:\/\/xperience.social\/en\/#\/schema\/logo\/image\/","url":"https:\/\/xperience.social\/wp-content\/uploads\/2020\/12\/logo_social-scaled.png","contentUrl":"https:\/\/xperience.social\/wp-content\/uploads\/2020\/12\/logo_social-scaled.png","width":2560,"height":2560,"caption":"Xperience"},"image":{"@id":"https:\/\/xperience.social\/en\/#\/schema\/logo\/image\/"},"sameAs":["https:\/\/www.facebook.com\/Xperience-102305478105294\/","https:\/\/x.com\/Xperien26941700","https:\/\/www.instagram.com\/create.connect.xperience\/?hl=de","https:\/\/www.linkedin.com\/company\/create-connect-xperience"]}]}},"jetpack_sharing_enabled":true,"_links":{"self":[{"href":"https:\/\/xperience.social\/de\/wp-json\/wp\/v2\/product\/8613","targetHints":{"allow":["GET"]}}],"collection":[{"href":"https:\/\/xperience.social\/de\/wp-json\/wp\/v2\/product"}],"about":[{"href":"https:\/\/xperience.social\/de\/wp-json\/wp\/v2\/types\/product"}],"wp:featuredmedia":[{"embeddable":true,"href":"https:\/\/xperience.social\/de\/wp-json\/wp\/v2\/media\/8627"}],"wp:attachment":[{"href":"https:\/\/xperience.social\/de\/wp-json\/wp\/v2\/media?parent=8613"}],"wp:term":[{"taxonomy":"product_brand","embeddable":true,"href":"https:\/\/xperience.social\/de\/wp-json\/wp\/v2\/product_brand?post=8613"},{"taxonomy":"product_cat","embeddable":true,"href":"https:\/\/xperience.social\/de\/wp-json\/wp\/v2\/product_cat?post=8613"},{"taxonomy":"product_tag","embeddable":true,"href":"https:\/\/xperience.social\/de\/wp-json\/wp\/v2\/product_tag?post=8613"}],"curies":[{"name":"wp","href":"https:\/\/api.w.org\/{rel}","templated":true}]}}