{"id":8614,"date":"2025-04-27T12:08:35","date_gmt":"2025-04-27T10:08:35","guid":{"rendered":"https:\/\/xperience.social\/?post_type=product&#038;p=8614"},"modified":"2025-05-23T10:01:42","modified_gmt":"2025-05-23T08:01:42","slug":"full-boost-package","status":"publish","type":"product","link":"https:\/\/xperience.social\/de\/produkt\/full-boost-package\/","title":{"rendered":"Full Boost Paket"},"content":{"rendered":"<p class=\"\" data-start=\"189\" data-end=\"241\"><strong data-start=\"189\" data-end=\"241\">Maximale Reichweite, maximale Wirkung!<\/strong><\/p>\n<p class=\"translation-block\" data-start=\"243\" data-end=\"500\">Das Full Boost Paket ist das ultimative Bundle f\u00fcr alle, die ihre Events, Brand und Sichtbarkeit auf Xperience aufs n\u00e4chste Level bringen wollen. Ideal f\u00fcr Unternehmen, die nachhaltig Awareness aufbauen und konstant mit einer aktiven Community in Kontakt bleiben m\u00f6chten.<\/p>\n<p class=\"\" data-start=\"502\" data-end=\"1003\"><strong data-start=\"502\" data-end=\"530\">Was ist inkludiert:<\/strong><br data-start=\"530\" data-end=\"533\" \/><strong>- 5 Event Vorschl\u00e4ge:<\/strong> Wir platzieren f\u00fcnf deiner Events prominent in der Xperience-App \u2013 f\u00fcr maximale Aufmerksamkeit bei unserer Community.<br data-start=\"639\" data-end=\"642\" \/>\u2013 <strong data-start=\"644\" data-end=\"673\">6 Monate Unternehmensprofil:<\/strong> Pr\u00e4sentiere deine Brand sechs Monate lang mit einem eigenen Unternehmensprofil in der App \u2013 inklusive aller Events, Infos und Kontaktm\u00f6glichkeiten.<br data-start=\"878\" data-end=\"881\" \/>\u2013 <strong data-start=\"883\" data-end=\"910\">1 Exklusiver Newsletter:<\/strong> Ein kompletter Newsletter nur \u00fcber dich \u2013 dein Unternehmen steht im Spotlight bei \u00fcber 17.500 engagierten Abonnent:innen.<\/p>\n<p class=\"\" data-start=\"1005\" data-end=\"1267\"><strong data-start=\"1005\" data-end=\"1022\">So funktioniert\u2019s:<\/strong><br data-start=\"1022\" data-end=\"1025\" \/>Wenn du schon konkrete Ideen oder W\u00fcnsche hast, f\u00fcge sie gerne direkt bei deiner Buchung hinzu. Nach deinem Kauf arbeitet unser Team eng mit dir zusammen, um alle Elemente gemeinsam zu planen, zu gestalten und zum bestm\u00f6glichen Zeitpunkt zu terminieren.<br data-start=\"1153\" data-end=\"1156\" \/>Von Event Vorschl\u00e4gen bis hin zu individuell abgestimmtem Newsletter Content \u2013 wir sorgen daf\u00fcr, dass deine Marke dort sichtbar wird, wo es wirklich z\u00e4hlt.<\/p>\n<p class=\"\" data-start=\"1013\" data-end=\"1200\"><strong data-start=\"1013\" data-end=\"1037\">Warum Xperience?<\/strong><br data-start=\"1037\" data-end=\"1040\" \/>Xperience ist die Plattform f\u00fcr eine wachsende Community von Locals, die echte Erlebnisse mit sozialem Twist suchen. Wenn dein Business zu unserem Vibe passt, sorgen wir daf\u00fcr, dass du gefunden wirst.<\/p>\n<p class=\"\" data-start=\"1269\" data-end=\"1408\"><strong data-start=\"1269\" data-end=\"1408\">Das Full Boost Paket ist dein All-in-One-Toolkit, um nachhaltig sichtbar zu bleiben, Buchungen zu steigern und deine Zielgruppe zu vergr\u00f6\u00dfern!<\/strong><\/p>","protected":false},"excerpt":{"rendered":"<p><strong data-start=\"1446\" data-end=\"1499\">Volle Power f\u00fcr deine Sichtbarkeit \u2013 mit dem Full Boost Paket!<\/strong><br data-start=\"1499\" data-end=\"1502\" \/>Enth\u00e4lt 5 Event Vorschl\u00e4ge, 6 Monate Unternehmensprofil  und einen exklusiven Newsletter \u2013 dein Rundum-Sorglos-Paket f\u00fcr maximales Wachstum auf Xperience.<\/p>","protected":false},"featured_media":8622,"template":"","meta":{"site-sidebar-layout":"default","site-content-layout":"","ast-site-content-layout":"default","site-content-style":"default","site-sidebar-style":"default","ast-global-header-display":"","ast-banner-title-visibility":"","ast-main-header-display":"","ast-hfb-above-header-display":"","ast-hfb-below-header-display":"","ast-hfb-mobile-header-display":"","site-post-title":"","ast-breadcrumbs-content":"","ast-featured-img":"","footer-sml-layout":"","ast-disable-related-posts":"","theme-transparent-header-meta":"default","adv-header-id-meta":"","stick-header-meta":"","header-above-stick-meta":"","header-main-stick-meta":"","header-below-stick-meta":"","astra-migrate-meta-layouts":"set","ast-page-background-enabled":"default","ast-page-background-meta":{"desktop":{"background-color":"","background-image":"","background-repeat":"repeat","background-position":"center center","background-size":"auto","background-attachment":"scroll","background-type":"","background-media":"","overlay-type":"","overlay-color":"","overlay-opacity":"","overlay-gradient":""},"tablet":{"background-color":"","background-image":"","background-repeat":"repeat","background-position":"center center","background-size":"auto","background-attachment":"scroll","background-type":"","background-media":"","overlay-type":"","overlay-color":"","overlay-opacity":"","overlay-gradient":""},"mobile":{"background-color":"","background-image":"","background-repeat":"repeat","background-position":"center center","background-size":"auto","background-attachment":"scroll","background-type":"","background-media":"","overlay-type":"","overlay-color":"","overlay-opacity":"","overlay-gradient":""}},"ast-content-background-meta":{"desktop":{"background-color":"var(--ast-global-color-5)","background-image":"","background-repeat":"repeat","background-position":"center center","background-size":"auto","background-attachment":"scroll","background-type":"","background-media":"","overlay-type":"","overlay-color":"","overlay-opacity":"","overlay-gradient":""},"tablet":{"background-color":"var(--ast-global-color-5)","background-image":"","background-repeat":"repeat","background-position":"center center","background-size":"auto","background-attachment":"scroll","background-type":"","background-media":"","overlay-type":"","overlay-color":"","overlay-opacity":"","overlay-gradient":""},"mobile":{"background-color":"var(--ast-global-color-5)","background-image":"","background-repeat":"repeat","background-position":"center center","background-size":"auto","background-attachment":"scroll","background-type":"","background-media":"","overlay-type":"","overlay-color":"","overlay-opacity":"","overlay-gradient":""}}},"product_brand":[],"product_cat":[63],"product_tag":[67,64,66,65,91],"class_list":{"0":"post-8614","1":"product","2":"type-product","3":"status-publish","4":"has-post-thumbnail","6":"product_cat-packages","7":"product_tag-company-profile","8":"product_tag-event-suggestion","9":"product_tag-memories","10":"product_tag-newsletter","11":"product_tag-package","12":"desktop-align-left","13":"tablet-align-left","14":"mobile-align-left","16":"first","17":"instock","18":"sale","19":"taxable","20":"shipping-taxable","21":"purchasable","22":"product-type-simple"},"yoast_head":"<!-- This site is optimized with the Yoast SEO plugin v27.3 - https:\/\/yoast.com\/product\/yoast-seo-wordpress\/ -->\n<title>Full Boost Package | Xperience<\/title>\n<meta name=\"description\" content=\"Get maximum exposure with the Full Boost Package! Includes 3 Event Promotions, 6 months Company Profile, 3 Memories Tab Ads, and an Exclusive Newsletter \u2014 your all-in-one solution for strong brand growth on Xperience.\" \/>\n<meta name=\"robots\" content=\"index, follow, max-snippet:-1, max-image-preview:large, max-video-preview:-1\" \/>\n<link rel=\"canonical\" href=\"https:\/\/xperience.social\/de\/produkt\/full-boost-package\/\" \/>\n<meta property=\"og:locale\" content=\"de_DE\" \/>\n<meta property=\"og:type\" content=\"article\" \/>\n<meta property=\"og:title\" content=\"Full Boost Package | Xperience\" \/>\n<meta property=\"og:description\" content=\"Get maximum exposure with the Full Boost Package! Includes 3 Event Promotions, 6 months Company Profile, 3 Memories Tab Ads, and an Exclusive Newsletter \u2014 your all-in-one solution for strong brand growth on Xperience.\" \/>\n<meta property=\"og:url\" content=\"https:\/\/xperience.social\/de\/produkt\/full-boost-package\/\" \/>\n<meta property=\"og:site_name\" content=\"Xperience\" \/>\n<meta property=\"article:publisher\" content=\"https:\/\/www.facebook.com\/Xperience-102305478105294\/\" \/>\n<meta property=\"article:modified_time\" content=\"2025-05-23T08:01:42+00:00\" \/>\n<meta property=\"og:image\" content=\"https:\/\/xperience.social\/wp-content\/uploads\/2025\/04\/Full-Boost-Package.png\" \/>\n\t<meta property=\"og:image:width\" content=\"1120\" \/>\n\t<meta property=\"og:image:height\" content=\"1134\" \/>\n\t<meta property=\"og:image:type\" content=\"image\/png\" \/>\n<meta name=\"twitter:card\" content=\"summary_large_image\" \/>\n<meta name=\"twitter:site\" content=\"@Xperien26941700\" \/>\n<meta name=\"twitter:label1\" content=\"Gesch\u00e4tzte Lesezeit\" \/>\n\t<meta name=\"twitter:data1\" content=\"2\u00a0Minuten\" \/>\n<script type=\"application\/ld+json\" class=\"yoast-schema-graph\">{\"@context\":\"https:\\\/\\\/schema.org\",\"@graph\":[{\"@type\":\"WebPage\",\"@id\":\"https:\\\/\\\/xperience.social\\\/product\\\/full-boost-package\\\/\",\"url\":\"https:\\\/\\\/xperience.social\\\/product\\\/full-boost-package\\\/\",\"name\":\"Full Boost Package | Xperience\",\"isPartOf\":{\"@id\":\"https:\\\/\\\/xperience.social\\\/en\\\/#website\"},\"primaryImageOfPage\":{\"@id\":\"https:\\\/\\\/xperience.social\\\/product\\\/full-boost-package\\\/#primaryimage\"},\"image\":{\"@id\":\"https:\\\/\\\/xperience.social\\\/product\\\/full-boost-package\\\/#primaryimage\"},\"thumbnailUrl\":\"https:\\\/\\\/i0.wp.com\\\/xperience.social\\\/wp-content\\\/uploads\\\/2025\\\/04\\\/Full-Boost-Package.png?fit=1120%2C1134&ssl=1\",\"datePublished\":\"2025-04-27T10:08:35+00:00\",\"dateModified\":\"2025-05-23T08:01:42+00:00\",\"description\":\"Get maximum exposure with the Full Boost Package! Includes 3 Event Promotions, 6 months Company Profile, 3 Memories Tab Ads, and an Exclusive Newsletter \u2014 your all-in-one solution for strong brand growth on Xperience.\",\"breadcrumb\":{\"@id\":\"https:\\\/\\\/xperience.social\\\/product\\\/full-boost-package\\\/#breadcrumb\"},\"inLanguage\":\"de\",\"potentialAction\":[{\"@type\":\"ReadAction\",\"target\":[\"https:\\\/\\\/xperience.social\\\/product\\\/full-boost-package\\\/\"]}]},{\"@type\":\"ImageObject\",\"inLanguage\":\"de\",\"@id\":\"https:\\\/\\\/xperience.social\\\/product\\\/full-boost-package\\\/#primaryimage\",\"url\":\"https:\\\/\\\/i0.wp.com\\\/xperience.social\\\/wp-content\\\/uploads\\\/2025\\\/04\\\/Full-Boost-Package.png?fit=1120%2C1134&ssl=1\",\"contentUrl\":\"https:\\\/\\\/i0.wp.com\\\/xperience.social\\\/wp-content\\\/uploads\\\/2025\\\/04\\\/Full-Boost-Package.png?fit=1120%2C1134&ssl=1\",\"width\":1120,\"height\":1134,\"caption\":\"Xperience Full Boost Package Bundle Promotion Visibility Reach\"},{\"@type\":\"BreadcrumbList\",\"@id\":\"https:\\\/\\\/xperience.social\\\/product\\\/full-boost-package\\\/#breadcrumb\",\"itemListElement\":[{\"@type\":\"ListItem\",\"position\":1,\"name\":\"Home\",\"item\":\"https:\\\/\\\/xperience.social\\\/\"},{\"@type\":\"ListItem\",\"position\":2,\"name\":\"Shop\",\"item\":\"https:\\\/\\\/xperience.social\\\/shop\\\/\"},{\"@type\":\"ListItem\",\"position\":3,\"name\":\"Full Boost Package\"}]},{\"@type\":\"WebSite\",\"@id\":\"https:\\\/\\\/xperience.social\\\/en\\\/#website\",\"url\":\"https:\\\/\\\/xperience.social\\\/en\\\/\",\"name\":\"Xperience\",\"description\":\"Create. Connect. Xperience.\",\"publisher\":{\"@id\":\"https:\\\/\\\/xperience.social\\\/en\\\/#organization\"},\"potentialAction\":[{\"@type\":\"SearchAction\",\"target\":{\"@type\":\"EntryPoint\",\"urlTemplate\":\"https:\\\/\\\/xperience.social\\\/en\\\/?s={search_term_string}\"},\"query-input\":{\"@type\":\"PropertyValueSpecification\",\"valueRequired\":true,\"valueName\":\"search_term_string\"}}],\"inLanguage\":\"de\"},{\"@type\":\"Organization\",\"@id\":\"https:\\\/\\\/xperience.social\\\/en\\\/#organization\",\"name\":\"Xperience\",\"url\":\"https:\\\/\\\/xperience.social\\\/en\\\/\",\"logo\":{\"@type\":\"ImageObject\",\"inLanguage\":\"de\",\"@id\":\"https:\\\/\\\/xperience.social\\\/en\\\/#\\\/schema\\\/logo\\\/image\\\/\",\"url\":\"https:\\\/\\\/xperience.social\\\/wp-content\\\/uploads\\\/2020\\\/12\\\/logo_social-scaled.png\",\"contentUrl\":\"https:\\\/\\\/xperience.social\\\/wp-content\\\/uploads\\\/2020\\\/12\\\/logo_social-scaled.png\",\"width\":2560,\"height\":2560,\"caption\":\"Xperience\"},\"image\":{\"@id\":\"https:\\\/\\\/xperience.social\\\/en\\\/#\\\/schema\\\/logo\\\/image\\\/\"},\"sameAs\":[\"https:\\\/\\\/www.facebook.com\\\/Xperience-102305478105294\\\/\",\"https:\\\/\\\/x.com\\\/Xperien26941700\",\"https:\\\/\\\/www.instagram.com\\\/create.connect.xperience\\\/?hl=de\",\"https:\\\/\\\/www.linkedin.com\\\/company\\\/create-connect-xperience\"]}]}<\/script>\n<!-- \/ Yoast SEO plugin. -->","yoast_head_json":{"title":"Full Boost Package | Xperience","description":"Get maximum exposure with the Full Boost Package! Includes 3 Event Promotions, 6 months Company Profile, 3 Memories Tab Ads, and an Exclusive Newsletter \u2014 your all-in-one solution for strong brand growth on Xperience.","robots":{"index":"index","follow":"follow","max-snippet":"max-snippet:-1","max-image-preview":"max-image-preview:large","max-video-preview":"max-video-preview:-1"},"canonical":"https:\/\/xperience.social\/de\/produkt\/full-boost-package\/","og_locale":"de_DE","og_type":"article","og_title":"Full Boost Package | Xperience","og_description":"Get maximum exposure with the Full Boost Package! Includes 3 Event Promotions, 6 months Company Profile, 3 Memories Tab Ads, and an Exclusive Newsletter \u2014 your all-in-one solution for strong brand growth on Xperience.","og_url":"https:\/\/xperience.social\/de\/produkt\/full-boost-package\/","og_site_name":"Xperience","article_publisher":"https:\/\/www.facebook.com\/Xperience-102305478105294\/","article_modified_time":"2025-05-23T08:01:42+00:00","og_image":[{"width":1120,"height":1134,"url":"https:\/\/xperience.social\/wp-content\/uploads\/2025\/04\/Full-Boost-Package.png","type":"image\/png"}],"twitter_card":"summary_large_image","twitter_site":"@Xperien26941700","twitter_misc":{"Gesch\u00e4tzte Lesezeit":"2\u00a0Minuten"},"schema":{"@context":"https:\/\/schema.org","@graph":[{"@type":"WebPage","@id":"https:\/\/xperience.social\/product\/full-boost-package\/","url":"https:\/\/xperience.social\/product\/full-boost-package\/","name":"Full Boost Package | Xperience","isPartOf":{"@id":"https:\/\/xperience.social\/en\/#website"},"primaryImageOfPage":{"@id":"https:\/\/xperience.social\/product\/full-boost-package\/#primaryimage"},"image":{"@id":"https:\/\/xperience.social\/product\/full-boost-package\/#primaryimage"},"thumbnailUrl":"https:\/\/i0.wp.com\/xperience.social\/wp-content\/uploads\/2025\/04\/Full-Boost-Package.png?fit=1120%2C1134&ssl=1","datePublished":"2025-04-27T10:08:35+00:00","dateModified":"2025-05-23T08:01:42+00:00","description":"Get maximum exposure with the Full Boost Package! Includes 3 Event Promotions, 6 months Company Profile, 3 Memories Tab Ads, and an Exclusive Newsletter \u2014 your all-in-one solution for strong brand growth on Xperience.","breadcrumb":{"@id":"https:\/\/xperience.social\/product\/full-boost-package\/#breadcrumb"},"inLanguage":"de","potentialAction":[{"@type":"ReadAction","target":["https:\/\/xperience.social\/product\/full-boost-package\/"]}]},{"@type":"ImageObject","inLanguage":"de","@id":"https:\/\/xperience.social\/product\/full-boost-package\/#primaryimage","url":"https:\/\/i0.wp.com\/xperience.social\/wp-content\/uploads\/2025\/04\/Full-Boost-Package.png?fit=1120%2C1134&ssl=1","contentUrl":"https:\/\/i0.wp.com\/xperience.social\/wp-content\/uploads\/2025\/04\/Full-Boost-Package.png?fit=1120%2C1134&ssl=1","width":1120,"height":1134,"caption":"Xperience Full Boost Package Bundle Promotion Visibility Reach"},{"@type":"BreadcrumbList","@id":"https:\/\/xperience.social\/product\/full-boost-package\/#breadcrumb","itemListElement":[{"@type":"ListItem","position":1,"name":"Home","item":"https:\/\/xperience.social\/"},{"@type":"ListItem","position":2,"name":"Shop","item":"https:\/\/xperience.social\/shop\/"},{"@type":"ListItem","position":3,"name":"Full Boost Package"}]},{"@type":"WebSite","@id":"https:\/\/xperience.social\/en\/#website","url":"https:\/\/xperience.social\/en\/","name":"Xperience","description":"Create. Connect. Xperience.","publisher":{"@id":"https:\/\/xperience.social\/en\/#organization"},"potentialAction":[{"@type":"SearchAction","target":{"@type":"EntryPoint","urlTemplate":"https:\/\/xperience.social\/en\/?s={search_term_string}"},"query-input":{"@type":"PropertyValueSpecification","valueRequired":true,"valueName":"search_term_string"}}],"inLanguage":"de"},{"@type":"Organization","@id":"https:\/\/xperience.social\/en\/#organization","name":"Xperience","url":"https:\/\/xperience.social\/en\/","logo":{"@type":"ImageObject","inLanguage":"de","@id":"https:\/\/xperience.social\/en\/#\/schema\/logo\/image\/","url":"https:\/\/xperience.social\/wp-content\/uploads\/2020\/12\/logo_social-scaled.png","contentUrl":"https:\/\/xperience.social\/wp-content\/uploads\/2020\/12\/logo_social-scaled.png","width":2560,"height":2560,"caption":"Xperience"},"image":{"@id":"https:\/\/xperience.social\/en\/#\/schema\/logo\/image\/"},"sameAs":["https:\/\/www.facebook.com\/Xperience-102305478105294\/","https:\/\/x.com\/Xperien26941700","https:\/\/www.instagram.com\/create.connect.xperience\/?hl=de","https:\/\/www.linkedin.com\/company\/create-connect-xperience"]}]}},"jetpack_sharing_enabled":true,"_links":{"self":[{"href":"https:\/\/xperience.social\/de\/wp-json\/wp\/v2\/product\/8614","targetHints":{"allow":["GET"]}}],"collection":[{"href":"https:\/\/xperience.social\/de\/wp-json\/wp\/v2\/product"}],"about":[{"href":"https:\/\/xperience.social\/de\/wp-json\/wp\/v2\/types\/product"}],"wp:featuredmedia":[{"embeddable":true,"href":"https:\/\/xperience.social\/de\/wp-json\/wp\/v2\/media\/8622"}],"wp:attachment":[{"href":"https:\/\/xperience.social\/de\/wp-json\/wp\/v2\/media?parent=8614"}],"wp:term":[{"taxonomy":"product_brand","embeddable":true,"href":"https:\/\/xperience.social\/de\/wp-json\/wp\/v2\/product_brand?post=8614"},{"taxonomy":"product_cat","embeddable":true,"href":"https:\/\/xperience.social\/de\/wp-json\/wp\/v2\/product_cat?post=8614"},{"taxonomy":"product_tag","embeddable":true,"href":"https:\/\/xperience.social\/de\/wp-json\/wp\/v2\/product_tag?post=8614"}],"curies":[{"name":"wp","href":"https:\/\/api.w.org\/{rel}","templated":true}]}}